{"id":676,"date":"2023-10-19T16:33:04","date_gmt":"2023-10-19T14:33:04","guid":{"rendered":"https:\/\/bbtrading.dev6\/cms\/werbeartikel\/"},"modified":"2025-01-16T14:35:47","modified_gmt":"2025-01-16T13:35:47","slug":"werbeartikel","status":"publish","type":"page","link":"https:\/\/bbtrading.ch\/cms\/services\/werbeartikel\/","title":{"rendered":"Werbeartikel"},"content":{"rendered":"","protected":false},"excerpt":{"rendered":"","protected":false},"author":1,"featured_media":0,"parent":1208,"menu_order":0,"comment_status":"closed","ping_status":"closed","template":"","meta":{"_acf_changed":false,"inline_featured_image":false,"footnotes":""},"class_list":["post-676","page","type-page","status-publish","hentry"],"acf":{"inhaltselemente":[{"acf_fc_layout":"text_element","text_element_titel":"Big choice:\r\nWerbeartikel.","text_element_titel_typ":"1","text_element_titel_size":"2-big","text_element_titel_fake":false,"text_element_content":"Ob verspielt, seri\u00f6s oder alles dazwischen: Bei uns finden Sie f\u00fcr jede Art von Kundenbindung den passenden Werbeartikel. Mit unserem Know-how, unserer Liebe zum Detail und unserer erstklassigen Serviceleistung geben Sie Ihrem Branding \u2013 B2B und B2C \u2013 einen smarten Push Richtung Love-it!","text_element_layout":"centered","text_element_bgcolor":"default","text_element_margin_bottom":"custom-3"},{"acf_fc_layout":"tabs_element","text_element_text_element_titel":"Master of:\r\nKompetenzen.","text_element_text_element_titel_typ":"2","text_element_text_element_titel_size":"2-big","text_element_text_element_titel_fake":false,"text_element_text_element_content":"Alles was wir k\u00f6nnen.","tabs_element_items":[{"acf_fc_layout":"text_img_element","tabs_element_item_name":"Qualit\u00e4tsmanagement","text_img_element_":null,"text_img_element_text_element_titel":"","text_img_element_text_element_titel_typ":"3","text_img_element_text_element_titel_size":false,"text_img_element_text_element_titel_fake":false,"text_img_element_text_element_content":"Im Qualit\u00e4tsmanagement sind wir picky. Das haben wir uns sogar zertifizieren lassen. Denn reibungslose Abl\u00e4ufe sind elementar. Durch das ISO 9001:2015 Zertifikat stellen wir durch externe Pr\u00fcfung sicher, dass unsere Prozesse verl\u00e4sslich sind und optimal auf jedes Bed\u00fcrfnis zugeschnitten. Unser Credo: Stetig wachsen und besser werden, damit unsere Kund:innen \u2013 also Sie \u2013 sich stets auf Top-Qualit\u00e4t verlassen k\u00f6nnen.","text_img_element_image_element_image_element_image_element_image":null,"text_img_element_video_element_video_element_video_element_video":null,"text_img_element_video_element_video_element_video_element_autoplay":true,"text_img_element_video_element_video_element_video_element_frame_notebook":false,"text_img_element_collage_element":1682},{"acf_fc_layout":"two_cols","tabs_element_item_name":"Produktesicherheit","two_cols_flex_content_col_one":[{"acf_fc_layout":"text_element","text_element_":null,"text_element_text_element_titel":"","text_element_text_element_titel_typ":"3","text_element_text_element_titel_size":false,"text_element_text_element_titel_fake":false,"text_element_text_element_content":"Bei der Produktesicherheit k\u00f6nnen Sie auf h\u00f6chste Standards z\u00e4hlen. Wir achten penibel darauf, dass unsere Produkte alle gesetzlichen Anforderungen und Schweizer Sicherheitsstandards erf\u00fcllen. Mit gezielten Tests in akkreditierten Pr\u00fcflaboren stellen wir sicher, dass beispielsweise Kinderspielzeuge nach der Norm EN-71-1 bis 3 entsprechen, generell keine verbotenen Chemikalien beim F\u00e4rben von textilen Stoffen eingesetzt werden und Sonnenbrillen, Geh\u00f6rschutzst\u00f6psel sowie Backhandschuhe gem\u00e4ss den ISO Normen der PSA (pers\u00f6nliche Schutzausr\u00fcstung) gepr\u00fcft und gekennzeichnet sind.\r\n\r\n<a class=\"btn-primary-large\" href=\"https:\/\/bbtrading.ch\/cms\/ueber-uns\/kontakt\/\">Beraten lassen<\/a>"}],"two_cols_flex_content_col_two":[{"acf_fc_layout":"slider_element","slider_element_slider_element_images":[2029,2032,2035]}]},{"acf_fc_layout":"text_img_element","tabs_element_item_name":"Produktvorschl\u00e4ge","text_img_element_":null,"text_img_element_text_element_titel":"","text_img_element_text_element_titel_typ":"3","text_img_element_text_element_titel_size":false,"text_img_element_text_element_titel_fake":false,"text_img_element_text_element_content":"Wir machen Ihnen gerne Produktvorschl\u00e4ge, wenn Sie welche brauchen. Fragen Sie uns jederzeit nach Ideen, Infos, Inspiration oder Erfahrungswerten. Ob f\u00fcr Weihnachten, die Messe, die Firmenfeier oder andere Events: Wir liefern Ihnen eine kreative Auswahl an Giveaways, die auch zu Ihrem Budget passen.\r\n\r\n<a class=\"btn-primary-large\" href=\"https:\/\/bbtrading.ch\/cms\/ueber-uns\/kontakt\/\">Ich will mehr wissen<\/a>","text_img_element_image_element_image_element_image_element_image":null,"text_img_element_video_element_video_element_video_element_video":null,"text_img_element_video_element_video_element_video_element_autoplay":false,"text_img_element_video_element_video_element_video_element_frame_notebook":false,"text_img_element_collage_element":5458},{"acf_fc_layout":"text_img_element","tabs_element_item_name":"Grafikvorschl\u00e4ge","text_img_element_":null,"text_img_element_text_element_titel":"","text_img_element_text_element_titel_typ":"3","text_img_element_text_element_titel_size":false,"text_img_element_text_element_titel_fake":false,"text_img_element_text_element_content":"Mit unseren Grafikvorschl\u00e4gen supporten wir Sie gerne bei der Gestaltung Ihres Produktes. Unsere Pros setzen Ihre Vorstellungen stilsicher um. Und es spielt auch keine Rolle, ob Sie schon eine konkrete Idee haben oder nicht. Mit unserem Grafik-Know-how wird es am Ende garantiert gut aussehen.\r\n\r\n<a class=\"btn-primary-large\" href=\"https:\/\/bbtrading.ch\/cms\/ueber-uns\/kontakt\/\">Jetzt kontaktieren<\/a>","text_img_element_image_element_image_element_image_element_image":null,"text_img_element_video_element_video_element_video_element_video":null,"text_img_element_video_element_video_element_video_element_autoplay":false,"text_img_element_video_element_video_element_video_element_frame_notebook":false,"text_img_element_collage_element":5472},{"acf_fc_layout":"text_img_element","tabs_element_item_name":"Konfektionierung","text_img_element_":null,"text_img_element_text_element_titel":"","text_img_element_text_element_titel_typ":"3","text_img_element_text_element_titel_size":false,"text_img_element_text_element_titel_fake":false,"text_img_element_text_element_content":"Bei der Konfektionierung gilt bei uns der Perfect Fit. Und zwar bis ins kleinste Detail. Aufteilen, Etikettieren, das Ver- und Umverpacken von Werbeartikeln \u2013 unsere Leistung umfasst das gesamte Spektrum. Dazu geh\u00f6ren auch die Option des Einzelversand und des indivduellen Zusammenstellens Ihrer bestellten Sets. Freuen Sie sich auf Werbung, die nicht nur toll aussieht, sondern auch funktional richtig gut ankommt.","text_img_element_image_element_image_element_image_element_image":null,"text_img_element_video_element_video_element_video_element_video":null,"text_img_element_video_element_video_element_video_element_autoplay":false,"text_img_element_video_element_video_element_video_element_frame_notebook":false,"text_img_element_collage_element":5535}]},{"acf_fc_layout":"two_cols","two_cols_flex_content_col_one":[{"acf_fc_layout":"text_element","text_element_":null,"text_element_text_element_titel":"Mailings.","text_element_text_element_titel_typ":"2","text_element_text_element_titel_size":"2-big","text_element_text_element_titel_fake":false,"text_element_text_element_content":"Per Brieftaube oder Frachter? Egal ob Sie kleine Mengen w\u00fcnschen oder eine grosse Sendung mit g\u00fcnstigem Mengenrabatt: Wir beraten und unterst\u00fctzen Sie von der Planung bis zur Ausf\u00fchrung Ihres Direktmarketings.\r\n\r\n<a class=\"btn-primary-large\" href=\"\/shop\/themen\/mailingartikel\/\">Zu den Produkten<\/a>","text_element_text_element_layout":"default"},{"acf_fc_layout":"text_element","text_element_":null,"text_element_text_element_titel":"Events\r\nund Messen.","text_element_text_element_titel_typ":"2","text_element_text_element_titel_size":"2-big","text_element_text_element_titel_fake":false,"text_element_text_element_content":"Showtime! F\u00fcr Ihren erfolgreichen Auftritt versorgen wir Sie mit den perfekten Werbeartikeln. Egal, wo Sie auffallen wollen \u2013 ob Messe, Weihnachtsfeier, Feiertage und Events aller Art \u2013 wir r\u00fcsten Sie aus mit showtauglichen Giveaways.\r\n\r\n<a class=\"btn-primary-large\" href=\"\/shop\/themen\/messen-events\/\">Jetzt entdecken<\/a>","text_element_text_element_layout":"default"}],"two_cols_flex_content_col_two":[{"acf_fc_layout":"text_element","text_element_":null,"text_element_text_element_titel":"Merchandising.","text_element_text_element_titel_typ":"2","text_element_text_element_titel_size":"2-big","text_element_text_element_titel_fake":false,"text_element_text_element_content":"You never promote alone. Wir sind Fans von gutem Merch und bedrucken Fanschals, Eco-Sports\u00e4cke oder Fussb\u00e4lle mit Ihrem Logo. Ob Sport, Musik oder Kultur \u2013 sichern Sie sich einen unvergesslichen Auftritt.\r\n\r\n<a class=\"btn-primary-large\" href=\"\/shop\/themen\/merchandising-artikel\/\">Jetzt entdecken<\/a>","text_element_text_element_layout":"default"},{"acf_fc_layout":"text_element","text_element_":null,"text_element_text_element_titel":"Employer\r\nBranding.","text_element_text_element_titel_typ":"2","text_element_text_element_titel_size":"2-big","text_element_text_element_titel_fake":false,"text_element_text_element_content":"Ihre Coporate Identity hat eine Bef\u00f6rderung verdient. F\u00fcr Kund:innen, Ihr Team und alle, die dabei sein wollen, sorgt ein souver\u00e4nes Employer Branding f\u00fcr Eindruck. Stylish, sympathisch, smart und modern setzen wir Sie als ArbeitgeberIn in Szene.\r\n\r\n<a class=\"btn-primary-large\" href=\"\/shop\/themen\/employer-branding-mitarbeitergeschenke\/\">Mehr erfahren<\/a>","text_element_text_element_layout":"default"}],"two_cols_bgcolor":true,"two_cols_spaltenbreite":"default","two_cols_versatz":true,"two_cols_versatz_type":"werbeartikel","two_cols_padding_top":"custom-1","two_cols_padding_bottom":"custom-1","two_cols_margin_top":"custom-0","two_cols_margin_bottom":"custom-0"},{"acf_fc_layout":"slider_text_two_element","slider_text_two_element_items":[{"acf_fc_layout":"text_img_element","text_img_element_":null,"text_img_element_text_element_titel":"Nat\u00fcrlich:\r\nNachhaltig produziert!","text_img_element_text_element_titel_typ":"2","text_img_element_text_element_titel_size":"2-big","text_img_element_text_element_titel_fake":false,"text_img_element_text_element_content":"Setzen Sie ein Zeichen f\u00fcr eine bessere Welt: Wir haben eine grosse Auswahl an nachhaltigen Werbeartikeln, die der Umwelt, dem Klima und der Gemeinschaft zugute kommen. Und das ist nicht alles: Mit uns haben Sie einen Partner an Ihrer Seite, der f\u00fcr sein vorbildliches Umweltmanagement mit der weltweit anerkannten ISO-Norm zertifiziert wurde.\r\n\r\n<a class=\"btn-secondary-a\" href=\"https:\/\/bbtrading.ch\/cms\/nachhaltigkeit\/#konzept\">Zum Nachhaltigkeitskonzept<\/a>","text_img_element_image_element_image_element_image_element_image":983,"text_img_element_image_element_image_element_image_element_lightbox":false}],"slider_text_two_element_margin_bottom":"custom-3"},{"acf_fc_layout":"slider_text_img_three_element","slider_text_img_three_element_items_reference_objects":null,"slider_text_img_three_element_items_reference_categories":[29],"slider_text_img_three_element_items":null},{"acf_fc_layout":"ma_slider_element","text_element_override_text_element_titel":"","text_element_override_text_element_titel_typ":"2","text_element_override_text_element_titel_size":false,"text_element_override_text_element_titel_fake":false,"text_element_override_text_element_content":""}]},"yoast_head":"<!-- This site is optimized with the Yoast SEO plugin v27.3 - https:\/\/yoast.com\/product\/yoast-seo-wordpress\/ -->\n<title>Kompetenzen &amp; Services | bb trading<\/title>\n<meta name=\"description\" content=\"Services, Qualit\u00e4tskontrolle, Nachhaltigkeit &amp; mehr: Erfahren Sie hier alles \u00fcber unsere Kompetenzen und von welchen Dienstleistungen Sie profitieren.\" \/>\n<meta name=\"robots\" content=\"index, follow, max-snippet:-1, max-image-preview:large, max-video-preview:-1\" \/>\n<link rel=\"canonical\" href=\"https:\/\/bbtrading.ch\/cms\/services\/werbeartikel\/\" \/>\n<meta property=\"og:locale\" content=\"de_DE\" \/>\n<meta property=\"og:type\" content=\"article\" \/>\n<meta property=\"og:title\" content=\"Kompetenzen &amp; Services | bb trading\" \/>\n<meta property=\"og:description\" content=\"Services, Qualit\u00e4tskontrolle, Nachhaltigkeit &amp; mehr: Erfahren Sie hier alles \u00fcber unsere Kompetenzen und von welchen Dienstleistungen Sie profitieren.\" \/>\n<meta property=\"og:url\" content=\"https:\/\/bbtrading.ch\/cms\/services\/werbeartikel\/\" \/>\n<meta property=\"og:site_name\" content=\"bb trading\" \/>\n<meta property=\"article:modified_time\" content=\"2025-01-16T13:35:47+00:00\" \/>\n<meta property=\"og:image\" content=\"https:\/\/bbtrading.ch\/cms\/wp-content\/uploads\/2025\/02\/bbtrading-og-image.png\" \/>\n\t<meta property=\"og:image:width\" content=\"1200\" \/>\n\t<meta property=\"og:image:height\" content=\"630\" \/>\n\t<meta property=\"og:image:type\" content=\"image\/png\" \/>\n<meta name=\"twitter:card\" content=\"summary_large_image\" \/>\n<meta name=\"twitter:label1\" content=\"Gesch\u00e4tzte Lesezeit\" \/>\n\t<meta name=\"twitter:data1\" content=\"5\u00a0Minuten\" \/>\n<script type=\"application\/ld+json\" class=\"yoast-schema-graph\">{\"@context\":\"https:\\\/\\\/schema.org\",\"@graph\":[{\"@type\":\"WebPage\",\"@id\":\"https:\\\/\\\/bbtrading.ch\\\/cms\\\/services\\\/werbeartikel\\\/\",\"url\":\"https:\\\/\\\/bbtrading.ch\\\/cms\\\/services\\\/werbeartikel\\\/\",\"name\":\"Kompetenzen & Services | bb trading\",\"isPartOf\":{\"@id\":\"https:\\\/\\\/bbtrading.ch\\\/cms\\\/#website\"},\"datePublished\":\"2023-10-19T14:33:04+00:00\",\"dateModified\":\"2025-01-16T13:35:47+00:00\",\"description\":\"Services, Qualit\u00e4tskontrolle, Nachhaltigkeit & mehr: Erfahren Sie hier alles \u00fcber unsere Kompetenzen und von welchen Dienstleistungen Sie profitieren.\",\"breadcrumb\":{\"@id\":\"https:\\\/\\\/bbtrading.ch\\\/cms\\\/services\\\/werbeartikel\\\/#breadcrumb\"},\"inLanguage\":\"de-CH\",\"potentialAction\":[{\"@type\":\"ReadAction\",\"target\":[\"https:\\\/\\\/bbtrading.ch\\\/cms\\\/services\\\/werbeartikel\\\/\"]}]},{\"@type\":\"BreadcrumbList\",\"@id\":\"https:\\\/\\\/bbtrading.ch\\\/cms\\\/services\\\/werbeartikel\\\/#breadcrumb\",\"itemListElement\":[{\"@type\":\"ListItem\",\"position\":1,\"name\":\"Home\",\"item\":\"https:\\\/\\\/bbtrading.ch\\\/cms\\\/\"},{\"@type\":\"ListItem\",\"position\":2,\"name\":\"Services\",\"item\":\"https:\\\/\\\/bbtrading.ch\\\/cms\\\/services\\\/\"},{\"@type\":\"ListItem\",\"position\":3,\"name\":\"Werbeartikel\"}]},{\"@type\":\"WebSite\",\"@id\":\"https:\\\/\\\/bbtrading.ch\\\/cms\\\/#website\",\"url\":\"https:\\\/\\\/bbtrading.ch\\\/cms\\\/\",\"name\":\"bb trading\",\"description\":\"\",\"publisher\":{\"@id\":\"https:\\\/\\\/bbtrading.ch\\\/cms\\\/#organization\"},\"potentialAction\":[{\"@type\":\"SearchAction\",\"target\":{\"@type\":\"EntryPoint\",\"urlTemplate\":\"https:\\\/\\\/bbtrading.ch\\\/cms\\\/?s={search_term_string}\"},\"query-input\":{\"@type\":\"PropertyValueSpecification\",\"valueRequired\":true,\"valueName\":\"search_term_string\"}}],\"inLanguage\":\"de-CH\"},{\"@type\":\"Organization\",\"@id\":\"https:\\\/\\\/bbtrading.ch\\\/cms\\\/#organization\",\"name\":\"bb trading werbeartikel AG\",\"alternateName\":\"bb trading\",\"url\":\"https:\\\/\\\/bbtrading.ch\\\/cms\\\/\",\"logo\":{\"@type\":\"ImageObject\",\"inLanguage\":\"de-CH\",\"@id\":\"https:\\\/\\\/bbtrading.ch\\\/cms\\\/#\\\/schema\\\/logo\\\/image\\\/\",\"url\":\"https:\\\/\\\/bbtrading.ch\\\/cms\\\/wp-content\\\/uploads\\\/2025\\\/02\\\/bbtrading-organisations-logo.png\",\"contentUrl\":\"https:\\\/\\\/bbtrading.ch\\\/cms\\\/wp-content\\\/uploads\\\/2025\\\/02\\\/bbtrading-organisations-logo.png\",\"width\":696,\"height\":696,\"caption\":\"bb trading werbeartikel AG\"},\"image\":{\"@id\":\"https:\\\/\\\/bbtrading.ch\\\/cms\\\/#\\\/schema\\\/logo\\\/image\\\/\"}}]}<\/script>\n<!-- \/ Yoast SEO plugin. -->","yoast_head_json":{"title":"Kompetenzen & Services | bb trading","description":"Services, Qualit\u00e4tskontrolle, Nachhaltigkeit & mehr: Erfahren Sie hier alles \u00fcber unsere Kompetenzen und von welchen Dienstleistungen Sie profitieren.","robots":{"index":"index","follow":"follow","max-snippet":"max-snippet:-1","max-image-preview":"max-image-preview:large","max-video-preview":"max-video-preview:-1"},"canonical":"https:\/\/bbtrading.ch\/cms\/services\/werbeartikel\/","og_locale":"de_DE","og_type":"article","og_title":"Kompetenzen & Services | bb trading","og_description":"Services, Qualit\u00e4tskontrolle, Nachhaltigkeit & mehr: Erfahren Sie hier alles \u00fcber unsere Kompetenzen und von welchen Dienstleistungen Sie profitieren.","og_url":"https:\/\/bbtrading.ch\/cms\/services\/werbeartikel\/","og_site_name":"bb trading","article_modified_time":"2025-01-16T13:35:47+00:00","og_image":[{"width":1200,"height":630,"url":"https:\/\/bbtrading.ch\/cms\/wp-content\/uploads\/2025\/02\/bbtrading-og-image.png","type":"image\/png"}],"twitter_card":"summary_large_image","twitter_misc":{"Gesch\u00e4tzte Lesezeit":"5\u00a0Minuten"},"schema":{"@context":"https:\/\/schema.org","@graph":[{"@type":"WebPage","@id":"https:\/\/bbtrading.ch\/cms\/services\/werbeartikel\/","url":"https:\/\/bbtrading.ch\/cms\/services\/werbeartikel\/","name":"Kompetenzen & Services | bb trading","isPartOf":{"@id":"https:\/\/bbtrading.ch\/cms\/#website"},"datePublished":"2023-10-19T14:33:04+00:00","dateModified":"2025-01-16T13:35:47+00:00","description":"Services, Qualit\u00e4tskontrolle, Nachhaltigkeit & mehr: Erfahren Sie hier alles \u00fcber unsere Kompetenzen und von welchen Dienstleistungen Sie profitieren.","breadcrumb":{"@id":"https:\/\/bbtrading.ch\/cms\/services\/werbeartikel\/#breadcrumb"},"inLanguage":"de-CH","potentialAction":[{"@type":"ReadAction","target":["https:\/\/bbtrading.ch\/cms\/services\/werbeartikel\/"]}]},{"@type":"BreadcrumbList","@id":"https:\/\/bbtrading.ch\/cms\/services\/werbeartikel\/#breadcrumb","itemListElement":[{"@type":"ListItem","position":1,"name":"Home","item":"https:\/\/bbtrading.ch\/cms\/"},{"@type":"ListItem","position":2,"name":"Services","item":"https:\/\/bbtrading.ch\/cms\/services\/"},{"@type":"ListItem","position":3,"name":"Werbeartikel"}]},{"@type":"WebSite","@id":"https:\/\/bbtrading.ch\/cms\/#website","url":"https:\/\/bbtrading.ch\/cms\/","name":"bb trading","description":"","publisher":{"@id":"https:\/\/bbtrading.ch\/cms\/#organization"},"potentialAction":[{"@type":"SearchAction","target":{"@type":"EntryPoint","urlTemplate":"https:\/\/bbtrading.ch\/cms\/?s={search_term_string}"},"query-input":{"@type":"PropertyValueSpecification","valueRequired":true,"valueName":"search_term_string"}}],"inLanguage":"de-CH"},{"@type":"Organization","@id":"https:\/\/bbtrading.ch\/cms\/#organization","name":"bb trading werbeartikel AG","alternateName":"bb trading","url":"https:\/\/bbtrading.ch\/cms\/","logo":{"@type":"ImageObject","inLanguage":"de-CH","@id":"https:\/\/bbtrading.ch\/cms\/#\/schema\/logo\/image\/","url":"https:\/\/bbtrading.ch\/cms\/wp-content\/uploads\/2025\/02\/bbtrading-organisations-logo.png","contentUrl":"https:\/\/bbtrading.ch\/cms\/wp-content\/uploads\/2025\/02\/bbtrading-organisations-logo.png","width":696,"height":696,"caption":"bb trading werbeartikel AG"},"image":{"@id":"https:\/\/bbtrading.ch\/cms\/#\/schema\/logo\/image\/"}}]}},"_links":{"self":[{"href":"https:\/\/bbtrading.ch\/cms\/wp-json\/wp\/v2\/pages\/676","targetHints":{"allow":["GET"]}}],"collection":[{"href":"https:\/\/bbtrading.ch\/cms\/wp-json\/wp\/v2\/pages"}],"about":[{"href":"https:\/\/bbtrading.ch\/cms\/wp-json\/wp\/v2\/types\/page"}],"author":[{"embeddable":true,"href":"https:\/\/bbtrading.ch\/cms\/wp-json\/wp\/v2\/users\/1"}],"replies":[{"embeddable":true,"href":"https:\/\/bbtrading.ch\/cms\/wp-json\/wp\/v2\/comments?post=676"}],"version-history":[{"count":30,"href":"https:\/\/bbtrading.ch\/cms\/wp-json\/wp\/v2\/pages\/676\/revisions"}],"predecessor-version":[{"id":9583,"href":"https:\/\/bbtrading.ch\/cms\/wp-json\/wp\/v2\/pages\/676\/revisions\/9583"}],"up":[{"embeddable":true,"href":"https:\/\/bbtrading.ch\/cms\/wp-json\/wp\/v2\/pages\/1208"}],"wp:attachment":[{"href":"https:\/\/bbtrading.ch\/cms\/wp-json\/wp\/v2\/media?parent=676"}],"curies":[{"name":"wp","href":"https:\/\/api.w.org\/{rel}","templated":true}]}}