{"id":1397,"date":"2024-02-09T12:01:47","date_gmt":"2024-02-09T11:01:47","guid":{"rendered":"https:\/\/bbtrading.dev6\/cms\/?page_id=1397"},"modified":"2026-01-09T10:15:44","modified_gmt":"2026-01-09T09:15:44","slug":"unternehmen","status":"publish","type":"page","link":"https:\/\/bbtrading.ch\/cms\/ueber-uns\/unternehmen\/","title":{"rendered":"Unternehmen"},"content":{"rendered":"","protected":false},"excerpt":{"rendered":"","protected":false},"author":1,"featured_media":0,"parent":193,"menu_order":1,"comment_status":"closed","ping_status":"closed","template":"","meta":{"_acf_changed":false,"inline_featured_image":false,"footnotes":""},"class_list":["post-1397","page","type-page","status-publish","hentry"],"acf":{"inhaltselemente":[{"acf_fc_layout":"text_element","text_element_titel":"Always on fire:\r\n\u00dcber uns.","text_element_titel_typ":"1","text_element_titel_size":"2-big","text_element_titel_fake":false,"text_element_content":"Seit 2001 sind wir Feuer und Flamme f\u00fcr kreative Werbeartikel, innovative Kundengeschenke, trendige Corporate Wear und sowieso alles, auf das ein Firmenlogo passt (also eigentlich alles). Als mittlerweile f\u00fchrender Anbieter sind wir gekommen, um zu bleiben. Daher brennen wir auch f\u00fcr die kontinuierliche Weiterentwicklung eines zukunftsf\u00e4higen, \u00f6kologisch und sozial verantwortungsbewussten Unternehmens. Wir sind gut eingebettet im Unternehmensstandort Schweiz, wo Qualit\u00e4t und Liebe zum Detail Tradition haben.","text_element_layout":"centered","text_element_bgcolor":"default","text_element_margin_bottom":"custom-3"},{"acf_fc_layout":"two_cols","two_cols_flex_content_col_one":[{"acf_fc_layout":"text_element","text_element_":null,"text_element_text_element_titel":"Mission.","text_element_text_element_titel_typ":"2","text_element_text_element_titel_size":"2-big","text_element_text_element_titel_fake":false,"text_element_text_element_content":"Unsere Mission sind gl\u00fcckliche Kundinnen und Kunden. Wir wollen, dass Sie mit unserer Arbeit rundum zufrieden sind oder noch besser: geflasht. Dies tun wir mit individuellen, kreativen und ganzheitlichen L\u00f6sungen. Unsere Verpflichtung gegen\u00fcber Umwelt und Gesellschaft haben wir dabei immer im Blick. Von den Klassikern wie Kugelschreibern, Lanyards oder Feuerzeugen zu Textilien, Multitools und Kegel-Sets: Wir erreichen mit einem st\u00e4ndig wachsenden Angebot, regem Kooperationsmanagement und exzellenter Branchenkenntnis immer wieder neue Benchmarks \u2013 und so auch immer wieder ganz besondere Momente. Getreu unseres Leitsatzes: Gemeinsam nachhaltige Emotionen kreieren.\r\n\r\n&nbsp;\r\n<div id=\"animation-emotionen\"><strong>Deswegen lautet <\/strong>\r\n<strong>unser Slogan auch:<\/strong><\/div>","text_element_text_element_layout":"default"}],"two_cols_flex_content_col_two":[{"acf_fc_layout":"text_element","text_element_":null,"text_element_text_element_titel":"Vision.","text_element_text_element_titel_typ":"2","text_element_text_element_titel_size":"2-big","text_element_text_element_titel_fake":false,"text_element_text_element_content":"Unsere Vision ist, zusammen etwas zu kreieren, das bleibt. Und zwar so, dass alle etwas davon haben: Unsere Kundinnen und Kunden (eine tolle Leistung), wir als Team (Spass bei der Arbeit) und die Welt (bewusster Umgang mit allen Ressourcen). So entstehen hochwertige Werbemittel, innovative Giveaways und professioneller Service. Gerne \u00fcbernehmen wir dabei die Vorreiterrolle einer nachhaltigen und sozial verantwortlichen Unternehmenskultur. Wie wir das erreichen wollen? Mit h\u00f6chsten Qualit\u00e4tsanspr\u00fcchen, modernen Standards und echtem Engagement. Packen wir's an.","text_element_text_element_layout":"default"}],"two_cols_bgcolor":true,"two_cols_spaltenbreite":"default","two_cols_versatz":true,"two_cols_versatz_type":"unternehmen","two_cols_padding_top":"custom-1","two_cols_padding_bottom":"custom-1","two_cols_margin_top":"custom-0","two_cols_margin_bottom":"custom-3"},{"acf_fc_layout":"text_img_element","text_element_titel":"Work Culture:\r\nEinfach sympathisch.","text_element_titel_typ":"2","text_element_titel_size":"3-bold","text_element_titel_fake":false,"text_element_content":"People Business ist f\u00fcr uns mindestens genauso wichtig wie der Rest vom Gesch\u00e4ft. Und wenn wir sagen, dass wir ein Team sind, dann meinen wir das auch so. Woran man das merkt? An der gemeinsamen Energie und dem unkomplizierten, freundlichen, humorvollen und respektvollen Umgang. Und wissen Sie, was das Coolste ist? Die Energie ist ansteckend. Unter unseren Mitarbeitenden sowieso \u2013 aber auch unsere Kundinnen und Kunden hat es schon erwischt.","image_element_image_element_image":null,"video_element_video_element_video":14704,"video_element_video_element_autoplay":true,"video_element_video_element_frame_notebook":false,"collage_element":null,"text_img_element_spaltenbreite":"two-third-one-third-inverted","text_img_element_orientation":"default","text_img_element_bgcolor_img_edge":false,"text_img_element_bgcolor":"white","text_img_element_padding_top":"custom-0","text_img_element_padding_bottom":"custom-0","text_img_element_margin_top":"custom-0","text_img_element_margin_bottom":"custom-3"},{"acf_fc_layout":"team","header_element_header_element_titel":"Dreamteam.","header_element_header_element_typ":"2","header_element_header_element_size":"2-big","header_element_header_element_fake":false,"team_text":"Mit diesen netten Leuten matcht es garantiert. Nice to meet you!"},{"acf_fc_layout":"text_element","text_element_titel":"Bock bekommen, mit uns zu arbeiten?","text_element_titel_typ":"2","text_element_titel_size":"2-big","text_element_titel_fake":false,"text_element_content":"Wir suchen immer Leute, die sich gern begeistern lassen, die was erleben, lernen oder anderen etwas beibringen m\u00f6chten. Ob Greenhorn oder absoluter Pro, von Beratung bis Einkauf, Management und was dich sonst noch interessiert \u2013 wir freuen uns, dich kennenzulernen!\r\n\r\n<a class=\"btn-primary-large\" href=\"https:\/\/bbtrading.ch\/cms\/ueber-uns\/karriere\/\">Zu den Jobs<\/a>","text_element_layout":"centered","text_element_bgcolor":"blue-50","text_element_margin_bottom":"custom-0"}]},"yoast_head":"<!-- This site is optimized with the Yoast SEO plugin v27.5 - https:\/\/yoast.com\/product\/yoast-seo-wordpress\/ -->\n<title>Unternehmen | bb trading<\/title>\n<meta name=\"description\" content=\"Seit 2001 begeistern wir die Schweiz mit kreativen Werbeartikeln und innovativen Kundengeschenken. Unser engagiertes Team setzt auf Qualit\u00e4t &amp; Nachhaltigkeit f\u00fcr besondere Momente.\" \/>\n<meta name=\"robots\" content=\"index, follow, max-snippet:-1, max-image-preview:large, max-video-preview:-1\" \/>\n<link rel=\"canonical\" href=\"https:\/\/bbtrading.ch\/cms\/ueber-uns\/unternehmen\/\" \/>\n<meta property=\"og:locale\" content=\"de_DE\" \/>\n<meta property=\"og:type\" content=\"article\" \/>\n<meta property=\"og:title\" content=\"Unternehmen | bb trading\" \/>\n<meta property=\"og:description\" content=\"Seit 2001 begeistern wir die Schweiz mit kreativen Werbeartikeln und innovativen Kundengeschenken. Unser engagiertes Team setzt auf Qualit\u00e4t &amp; Nachhaltigkeit f\u00fcr besondere Momente.\" \/>\n<meta property=\"og:url\" content=\"https:\/\/bbtrading.ch\/cms\/ueber-uns\/unternehmen\/\" \/>\n<meta property=\"og:site_name\" content=\"bb trading\" \/>\n<meta property=\"article:modified_time\" content=\"2026-01-09T09:15:44+00:00\" \/>\n<meta property=\"og:image\" content=\"https:\/\/bbtrading.ch\/cms\/wp-content\/uploads\/2025\/02\/bbtrading-og-image.png\" \/>\n\t<meta property=\"og:image:width\" content=\"1200\" \/>\n\t<meta property=\"og:image:height\" content=\"630\" \/>\n\t<meta property=\"og:image:type\" content=\"image\/png\" \/>\n<meta name=\"twitter:card\" content=\"summary_large_image\" \/>\n<meta name=\"twitter:label1\" content=\"Gesch\u00e4tzte Lesezeit\" \/>\n\t<meta name=\"twitter:data1\" content=\"3\u00a0Minuten\" \/>\n<script type=\"application\/ld+json\" class=\"yoast-schema-graph\">{\"@context\":\"https:\\\/\\\/schema.org\",\"@graph\":[{\"@type\":\"WebPage\",\"@id\":\"https:\\\/\\\/bbtrading.ch\\\/cms\\\/ueber-uns\\\/unternehmen\\\/\",\"url\":\"https:\\\/\\\/bbtrading.ch\\\/cms\\\/ueber-uns\\\/unternehmen\\\/\",\"name\":\"Unternehmen | bb trading\",\"isPartOf\":{\"@id\":\"https:\\\/\\\/bbtrading.ch\\\/cms\\\/#website\"},\"datePublished\":\"2024-02-09T11:01:47+00:00\",\"dateModified\":\"2026-01-09T09:15:44+00:00\",\"description\":\"Seit 2001 begeistern wir die Schweiz mit kreativen Werbeartikeln und innovativen Kundengeschenken. Unser engagiertes Team setzt auf Qualit\u00e4t & Nachhaltigkeit f\u00fcr besondere Momente.\",\"breadcrumb\":{\"@id\":\"https:\\\/\\\/bbtrading.ch\\\/cms\\\/ueber-uns\\\/unternehmen\\\/#breadcrumb\"},\"inLanguage\":\"de-CH\",\"potentialAction\":[{\"@type\":\"ReadAction\",\"target\":[\"https:\\\/\\\/bbtrading.ch\\\/cms\\\/ueber-uns\\\/unternehmen\\\/\"]}]},{\"@type\":\"BreadcrumbList\",\"@id\":\"https:\\\/\\\/bbtrading.ch\\\/cms\\\/ueber-uns\\\/unternehmen\\\/#breadcrumb\",\"itemListElement\":[{\"@type\":\"ListItem\",\"position\":1,\"name\":\"Home\",\"item\":\"https:\\\/\\\/bbtrading.ch\\\/cms\\\/\"},{\"@type\":\"ListItem\",\"position\":2,\"name\":\"\u00dcber uns\",\"item\":\"https:\\\/\\\/bbtrading.ch\\\/cms\\\/ueber-uns\\\/\"},{\"@type\":\"ListItem\",\"position\":3,\"name\":\"Unternehmen\"}]},{\"@type\":\"WebSite\",\"@id\":\"https:\\\/\\\/bbtrading.ch\\\/cms\\\/#website\",\"url\":\"https:\\\/\\\/bbtrading.ch\\\/cms\\\/\",\"name\":\"bb trading\",\"description\":\"\",\"publisher\":{\"@id\":\"https:\\\/\\\/bbtrading.ch\\\/cms\\\/#organization\"},\"potentialAction\":[{\"@type\":\"SearchAction\",\"target\":{\"@type\":\"EntryPoint\",\"urlTemplate\":\"https:\\\/\\\/bbtrading.ch\\\/cms\\\/?s={search_term_string}\"},\"query-input\":{\"@type\":\"PropertyValueSpecification\",\"valueRequired\":true,\"valueName\":\"search_term_string\"}}],\"inLanguage\":\"de-CH\"},{\"@type\":\"Organization\",\"@id\":\"https:\\\/\\\/bbtrading.ch\\\/cms\\\/#organization\",\"name\":\"bb trading werbeartikel AG\",\"alternateName\":\"bb trading\",\"url\":\"https:\\\/\\\/bbtrading.ch\\\/cms\\\/\",\"logo\":{\"@type\":\"ImageObject\",\"inLanguage\":\"de-CH\",\"@id\":\"https:\\\/\\\/bbtrading.ch\\\/cms\\\/#\\\/schema\\\/logo\\\/image\\\/\",\"url\":\"https:\\\/\\\/bbtrading.ch\\\/cms\\\/wp-content\\\/uploads\\\/2025\\\/02\\\/bbtrading-organisations-logo.png\",\"contentUrl\":\"https:\\\/\\\/bbtrading.ch\\\/cms\\\/wp-content\\\/uploads\\\/2025\\\/02\\\/bbtrading-organisations-logo.png\",\"width\":696,\"height\":696,\"caption\":\"bb trading werbeartikel AG\"},\"image\":{\"@id\":\"https:\\\/\\\/bbtrading.ch\\\/cms\\\/#\\\/schema\\\/logo\\\/image\\\/\"}}]}<\/script>\n<!-- \/ Yoast SEO plugin. -->","yoast_head_json":{"title":"Unternehmen | bb trading","description":"Seit 2001 begeistern wir die Schweiz mit kreativen Werbeartikeln und innovativen Kundengeschenken. Unser engagiertes Team setzt auf Qualit\u00e4t & Nachhaltigkeit f\u00fcr besondere Momente.","robots":{"index":"index","follow":"follow","max-snippet":"max-snippet:-1","max-image-preview":"max-image-preview:large","max-video-preview":"max-video-preview:-1"},"canonical":"https:\/\/bbtrading.ch\/cms\/ueber-uns\/unternehmen\/","og_locale":"de_DE","og_type":"article","og_title":"Unternehmen | bb trading","og_description":"Seit 2001 begeistern wir die Schweiz mit kreativen Werbeartikeln und innovativen Kundengeschenken. Unser engagiertes Team setzt auf Qualit\u00e4t & Nachhaltigkeit f\u00fcr besondere Momente.","og_url":"https:\/\/bbtrading.ch\/cms\/ueber-uns\/unternehmen\/","og_site_name":"bb trading","article_modified_time":"2026-01-09T09:15:44+00:00","og_image":[{"width":1200,"height":630,"url":"https:\/\/bbtrading.ch\/cms\/wp-content\/uploads\/2025\/02\/bbtrading-og-image.png","type":"image\/png"}],"twitter_card":"summary_large_image","twitter_misc":{"Gesch\u00e4tzte Lesezeit":"3\u00a0Minuten"},"schema":{"@context":"https:\/\/schema.org","@graph":[{"@type":"WebPage","@id":"https:\/\/bbtrading.ch\/cms\/ueber-uns\/unternehmen\/","url":"https:\/\/bbtrading.ch\/cms\/ueber-uns\/unternehmen\/","name":"Unternehmen | bb trading","isPartOf":{"@id":"https:\/\/bbtrading.ch\/cms\/#website"},"datePublished":"2024-02-09T11:01:47+00:00","dateModified":"2026-01-09T09:15:44+00:00","description":"Seit 2001 begeistern wir die Schweiz mit kreativen Werbeartikeln und innovativen Kundengeschenken. Unser engagiertes Team setzt auf Qualit\u00e4t & Nachhaltigkeit f\u00fcr besondere Momente.","breadcrumb":{"@id":"https:\/\/bbtrading.ch\/cms\/ueber-uns\/unternehmen\/#breadcrumb"},"inLanguage":"de-CH","potentialAction":[{"@type":"ReadAction","target":["https:\/\/bbtrading.ch\/cms\/ueber-uns\/unternehmen\/"]}]},{"@type":"BreadcrumbList","@id":"https:\/\/bbtrading.ch\/cms\/ueber-uns\/unternehmen\/#breadcrumb","itemListElement":[{"@type":"ListItem","position":1,"name":"Home","item":"https:\/\/bbtrading.ch\/cms\/"},{"@type":"ListItem","position":2,"name":"\u00dcber uns","item":"https:\/\/bbtrading.ch\/cms\/ueber-uns\/"},{"@type":"ListItem","position":3,"name":"Unternehmen"}]},{"@type":"WebSite","@id":"https:\/\/bbtrading.ch\/cms\/#website","url":"https:\/\/bbtrading.ch\/cms\/","name":"bb trading","description":"","publisher":{"@id":"https:\/\/bbtrading.ch\/cms\/#organization"},"potentialAction":[{"@type":"SearchAction","target":{"@type":"EntryPoint","urlTemplate":"https:\/\/bbtrading.ch\/cms\/?s={search_term_string}"},"query-input":{"@type":"PropertyValueSpecification","valueRequired":true,"valueName":"search_term_string"}}],"inLanguage":"de-CH"},{"@type":"Organization","@id":"https:\/\/bbtrading.ch\/cms\/#organization","name":"bb trading werbeartikel AG","alternateName":"bb trading","url":"https:\/\/bbtrading.ch\/cms\/","logo":{"@type":"ImageObject","inLanguage":"de-CH","@id":"https:\/\/bbtrading.ch\/cms\/#\/schema\/logo\/image\/","url":"https:\/\/bbtrading.ch\/cms\/wp-content\/uploads\/2025\/02\/bbtrading-organisations-logo.png","contentUrl":"https:\/\/bbtrading.ch\/cms\/wp-content\/uploads\/2025\/02\/bbtrading-organisations-logo.png","width":696,"height":696,"caption":"bb trading werbeartikel AG"},"image":{"@id":"https:\/\/bbtrading.ch\/cms\/#\/schema\/logo\/image\/"}}]}},"_links":{"self":[{"href":"https:\/\/bbtrading.ch\/cms\/wp-json\/wp\/v2\/pages\/1397","targetHints":{"allow":["GET"]}}],"collection":[{"href":"https:\/\/bbtrading.ch\/cms\/wp-json\/wp\/v2\/pages"}],"about":[{"href":"https:\/\/bbtrading.ch\/cms\/wp-json\/wp\/v2\/types\/page"}],"author":[{"embeddable":true,"href":"https:\/\/bbtrading.ch\/cms\/wp-json\/wp\/v2\/users\/1"}],"replies":[{"embeddable":true,"href":"https:\/\/bbtrading.ch\/cms\/wp-json\/wp\/v2\/comments?post=1397"}],"version-history":[{"count":26,"href":"https:\/\/bbtrading.ch\/cms\/wp-json\/wp\/v2\/pages\/1397\/revisions"}],"predecessor-version":[{"id":14725,"href":"https:\/\/bbtrading.ch\/cms\/wp-json\/wp\/v2\/pages\/1397\/revisions\/14725"}],"up":[{"embeddable":true,"href":"https:\/\/bbtrading.ch\/cms\/wp-json\/wp\/v2\/pages\/193"}],"wp:attachment":[{"href":"https:\/\/bbtrading.ch\/cms\/wp-json\/wp\/v2\/media?parent=1397"}],"curies":[{"name":"wp","href":"https:\/\/api.w.org\/{rel}","templated":true}]}}