{"id":1374,"date":"2024-02-09T09:53:36","date_gmt":"2024-02-09T08:53:36","guid":{"rendered":"https:\/\/bbtrading.dev6\/cms\/ueber-uns\/karriere\/"},"modified":"2026-01-12T17:41:19","modified_gmt":"2026-01-12T16:41:19","slug":"karriere","status":"publish","type":"page","link":"https:\/\/bbtrading.ch\/cms\/ueber-uns\/karriere\/","title":{"rendered":"Karriere"},"content":{"rendered":"","protected":false},"excerpt":{"rendered":"","protected":false},"author":1,"featured_media":0,"parent":193,"menu_order":3,"comment_status":"closed","ping_status":"closed","template":"","meta":{"_acf_changed":false,"inline_featured_image":false,"footnotes":""},"class_list":["post-1374","page","type-page","status-publish","hentry"],"acf":{"inhaltselemente":[{"acf_fc_layout":"header_element","header_element_titel":"Dream big:\r\nOffene Stellen.","header_element_typ":"1","header_element_size":"2-big","header_element_fake":false,"header_element_margin-bottom":"custom-0"},{"acf_fc_layout":"vacancies_element"},{"acf_fc_layout":"slider_text_img_four_element","slider_text_img_four_element_items":[{"acf_fc_layout":"quote_element","slider_text_img_four_element_items_quote":"<div id=\"ag-1724657470367\"><\/div>\r\nSeit ich bei bb trading arbeite, habe ich nicht nur super Leute kennengelernt, sondern auch echte Freundschaften geschlossen, die wir auch ausserhalb der Arbeit pflegen. Der Vibe hier ist sehr famili\u00e4r und dennoch hoch professionell. Die Arbeit mit den kreativen Aufgaben macht mir richtig Spass.","slider_text_img_four_element_items_name":"Aline Schiess","slider_text_img_four_element_items_position_company":"Sales Support\r\nSeit 2019 bei bb trading","slider_text_img_four_element_items_img":5142},{"acf_fc_layout":"quote_element","slider_text_img_four_element_items_quote":"Sechs Jahre lang pr\u00e4gte mich bb trading, bevor ich in einem Grosskonzern weitere Erfahrungen sammelte. Keine Unternehmenskultur konnte mit der Arbeitsatmosph\u00e4re von bb trading mithalten. Seit 2019 bin ich wieder bei meiner zweiten Familie und im t\u00e4glichen Einsatz f\u00fcr unsere Kundschaft.","slider_text_img_four_element_items_name":"Robert Plichta","slider_text_img_four_element_items_position_company":"Senior Key Account Manager\r\nSeit 2019 (wieder) bei bb trading","slider_text_img_four_element_items_img":5145},{"acf_fc_layout":"quote_element","slider_text_img_four_element_items_quote":"Seit den Anf\u00e4ngen der bb trading bin ich stolz, dabei zu sein. Ich mag die Eigenverantwortung, f\u00fchle mich enorm wohl und sch\u00e4tze unser geniales Team. Home Office, Zeitkompensation und flexible Arbeitszeiten bringen es zur Perfektion.","slider_text_img_four_element_items_name":"Deborah Koch","slider_text_img_four_element_items_position_company":"CO-Head of Accounting\r\nSeit 2001 bei bb trading","slider_text_img_four_element_items_img":5139},{"acf_fc_layout":"quote_element","slider_text_img_four_element_items_quote":"<div id=\"ag-1724657375753\"><\/div>\r\nDie bb trading ist der perfekte Lehrbetrieb mit einem tollen Team, in dem man sich sofort wohlf\u00fchlt.\r\nEs herrscht ein angenehmes Betriebsklima, in dem man sich jeden Tag weiterentwickeln kann \u2013 genau das macht die Ausbildung hier so besonders.","slider_text_img_four_element_items_name":"Tim Jeker","slider_text_img_four_element_items_position_company":"Young Talent\r\nSeit 2023 bei bb trading","slider_text_img_four_element_items_img":5148}],"slider_text_Img_four_element_margin_bottom":"custom-3"},{"acf_fc_layout":"text_boxes_element","text_element_text_element_titel":"<a id=\"Extras\"><\/a>Extra Extras.","text_element_text_element_titel_typ":"2","text_element_text_element_titel_size":"3-bold","text_element_text_element_titel_fake":false,"text_element_text_element_content":"Was macht einen guten Job aus, ausser spannender Herausforderungen und einem tollen Team?","text_boxes_element_boxes":[{"text_boxes_element_boxes_box_title":"Arbeiten","text_boxes_element_boxes_box_text":"<ul>\r\n \t<li>42 Stunden Woche<\/li>\r\n \t<li>Gleitende Arbeitszeit<\/li>\r\n \t<li>Reduzierte Arbeitszeit vor Feiertagen<\/li>\r\n \t<li>Bis zu 5 Tage Kompensation pro Jahr<\/li>\r\n<\/ul>","text_boxes_element_boxes_box_img":null},{"text_boxes_element_boxes_box_title":"Entl\u00f6hnung","text_boxes_element_boxes_box_text":"<ul>\r\n \t<li>13. Monatslohn<\/li>\r\n \t<li>Provisionierung f\u00fcr Verkaufsmitarbeitende<\/li>\r\n \t<li>\u00dcberobligatorische Pensionskasse<\/li>\r\n<\/ul>","text_boxes_element_boxes_box_img":null},{"text_boxes_element_boxes_box_title":"Weiterkommen","text_boxes_element_boxes_box_text":"<ul>\r\n \t<li>Gr\u00fcndliches Einf\u00fchrungsprogramm<\/li>\r\n \t<li>Interne Schulungen<\/li>\r\n \t<li>F\u00f6rderung von Weiterbildungen<\/li>\r\n \t<li>Weiterentwicklungsm\u00f6glichkeiten<\/li>\r\n<\/ul>","text_boxes_element_boxes_box_img":null},{"text_boxes_element_boxes_box_title":"Ferien","text_boxes_element_boxes_box_text":"<ul>\r\n \t<li>5 Wochen Ferien im Jahr<\/li>\r\n \t<li>6 Wochen Ferien im Jahr ab 60<\/li>\r\n \t<li>M\u00f6glichkeit zum Kauf einer zus\u00e4tzlichen Ferienwoche<\/li>\r\n \t<li>Beteiligung an unbezahltem Urlaub bei ausserschulischer Jugendarbeit<\/li>\r\n<\/ul>","text_boxes_element_boxes_box_img":null},{"text_boxes_element_boxes_box_title":"Gemeinsam erfolgreich","text_boxes_element_boxes_box_text":"<ul>\r\n \t<li>Grossz\u00fcgige Kranken- und Unfalltaggeldversicherung<\/li>\r\n \t<li>Private Spitalabteilung bei Unfall<\/li>\r\n \t<li>\u00dcbernahme der Mitgliedschaftskosten f\u00fcr die Paraplegiker-Stiftung<\/li>\r\n<\/ul>","text_boxes_element_boxes_box_img":null},{"text_boxes_element_boxes_box_title":"Treue lohnt sich","text_boxes_element_boxes_box_text":"<ul>\r\n \t<li>Besuch unserer Lieferanten in China nach 5 Dienstjahren<\/li>\r\n \t<li>Alle 5 Jahre zus\u00e4tzliche Ferien:\r\n\u2013 Nach 5 Dienstjahren 1 Woche\r\n\u2013 Ab dem 10. Dienstjahr 4 Wochen\r\n\u2013 Ab dem 25. Dienstjahr 6 Wochen<\/li>\r\n<\/ul>","text_boxes_element_boxes_box_img":null},{"text_boxes_element_boxes_box_title":"Wir m\u00f6gen Kinder","text_boxes_element_boxes_box_text":"<ul>\r\n \t<li>100% Lohn w\u00e4hrend des Mutterschaftsurlaubes<\/li>\r\n \t<li>100% Lohn w\u00e4hrend des 10-t\u00e4gigen Vaterschaftsurlaubs<\/li>\r\n<\/ul>","text_boxes_element_boxes_box_img":null},{"text_boxes_element_boxes_box_title":"Let\u2019s Party","text_boxes_element_boxes_box_text":"<ul>\r\n \t<li>K\u00fcche, Balkon und Grill mit Blick auf die Limmat<\/li>\r\n \t<li>Lounge mit T\u00f6ggelikasten<\/li>\r\n \t<li>Bierk\u00fchlschrank in der K\u00fcche<\/li>\r\n \t<li>Regelm\u00e4ssige Events<\/li>\r\n<\/ul>","text_boxes_element_boxes_box_img":null},{"text_boxes_element_boxes_box_title":"Fit@Work","text_boxes_element_boxes_box_text":"<ul>\r\n \t<li>Kostenlose Fr\u00fcchte und Getr\u00e4nke<\/li>\r\n \t<li>Dusche, Waschmaschine &amp; Tumbler<\/li>\r\n \t<li>Physio-Behandlungen Inhouse<\/li>\r\n \t<li>Ergonomische Arbeitsplatzberatung<\/li>\r\n \t<li>Ruheraum<\/li>\r\n<\/ul>","text_boxes_element_boxes_box_img":null},{"text_boxes_element_boxes_box_title":"Top erschlossen","text_boxes_element_boxes_box_text":"<ul>\r\n \t<li>Kurze Distanz zum Bahnhof Glanzenberg<\/li>\r\n \t<li>Kostenlose Parkpl\u00e4tze f\u00fcr Mitarbeiter:innen<\/li>\r\n \t<li>Bushaltestelle vor der Firma<\/li>\r\n<\/ul>","text_boxes_element_boxes_box_img":null},{"text_boxes_element_boxes_box_title":"Nice to have","text_boxes_element_boxes_box_text":"<ul>\r\n \t<li>Firmenprodukte zu Selbstkosten<\/li>\r\n \t<li>Geburtstagsgeschenk<\/li>\r\n<\/ul>","text_boxes_element_boxes_box_img":null}],"text_boxes_element_boxes_bgcolor":"default"},{"acf_fc_layout":"text_img_element","text_element_titel":"Kultig:\r\nUnsere Arbeitskultur.","text_element_titel_typ":"2","text_element_titel_size":"3-bold","text_element_titel_fake":false,"text_element_content":"Gemeinsam wollen wir viel erreichen: Herausragende Dienstleistungen und Produkte anbieten, innovativ, flexibel und zeitgem\u00e4ss arbeiten, und dabei weder den Spass noch die Bodenhaftung verlieren. Unser junges und motiviertes Team arbeitet auf Hochtouren daran, dass wir in all diesen Dingen immer besser werden, und zwar mit Herz und Hirn. Klingt gut, oder?!\r\n\r\n<a class=\"btn-secondary-large\" href=\"https:\/\/bbtrading.ch\/cms\/ueber-uns\/kontakt\/\">Jetzt kontaktieren<\/a>","image_element_image_element_image":null,"video_element_video_element_video":14704,"video_element_video_element_autoplay":true,"video_element_video_element_frame_notebook":false,"collage_element":null,"text_img_element_spaltenbreite":"two-third-one-third-inverted","text_img_element_orientation":"default","text_img_element_bgcolor_img_edge":false,"text_img_element_bgcolor":"white","text_img_element_padding_top":"custom-0","text_img_element_padding_bottom":"custom-0","text_img_element_margin_top":"custom-0","text_img_element_margin_bottom":"custom-3"},{"acf_fc_layout":"text_element","text_element_titel":"Bock bekommen, mit uns zu arbeiten?","text_element_titel_typ":"2","text_element_titel_size":"2-big","text_element_titel_fake":false,"text_element_content":"Wir suchen immer Leute, die sich gern begeistern lassen, die was erleben, lernen oder anderen lehren wollen. Ob Greenhorn oder absoluter Pro, von Beratung bis Einkauf, Management und was dich sonst noch interessiert \u2013 wir freuen uns, dich kennenzulernen!\r\n\r\n<a class=\"btn-primary-large\" href=\"https:\/\/bbtrading.ch\/cms\/ueber-uns\/karriere\/\">Zu den Jobs<\/a>","text_element_layout":"centered","text_element_bgcolor":"blue-50","text_element_margin_bottom":"custom-0"}]},"yoast_head":"<!-- This site is optimized with the Yoast SEO plugin v27.3 - https:\/\/yoast.com\/product\/yoast-seo-wordpress\/ -->\n<title>Karriere | bb trading<\/title>\n<meta name=\"description\" content=\"Wir suchen immer begeisterungsf\u00e4hige Menschen \u2013 von Anf\u00e4ngern bis Profis, in Beratung, Einkauf, Sales, Management &amp; mehr. Komm zu uns!\" \/>\n<meta name=\"robots\" content=\"index, follow, max-snippet:-1, max-image-preview:large, max-video-preview:-1\" \/>\n<link rel=\"canonical\" href=\"https:\/\/bbtrading.ch\/cms\/ueber-uns\/karriere\/\" \/>\n<meta property=\"og:locale\" content=\"de_DE\" \/>\n<meta property=\"og:type\" content=\"article\" \/>\n<meta property=\"og:title\" content=\"Karriere | bb trading\" \/>\n<meta property=\"og:description\" content=\"Wir suchen immer begeisterungsf\u00e4hige Menschen \u2013 von Anf\u00e4ngern bis Profis, in Beratung, Einkauf, Sales, Management &amp; mehr. Komm zu uns!\" \/>\n<meta property=\"og:url\" content=\"https:\/\/bbtrading.ch\/cms\/ueber-uns\/karriere\/\" \/>\n<meta property=\"og:site_name\" content=\"bb trading\" \/>\n<meta property=\"article:modified_time\" content=\"2026-01-12T16:41:19+00:00\" \/>\n<meta property=\"og:image\" content=\"https:\/\/bbtrading.ch\/cms\/wp-content\/uploads\/2025\/02\/bbtrading-og-image.png\" \/>\n\t<meta property=\"og:image:width\" content=\"1200\" \/>\n\t<meta property=\"og:image:height\" content=\"630\" \/>\n\t<meta property=\"og:image:type\" content=\"image\/png\" \/>\n<meta name=\"twitter:card\" content=\"summary_large_image\" \/>\n<meta name=\"twitter:label1\" content=\"Gesch\u00e4tzte Lesezeit\" \/>\n\t<meta name=\"twitter:data1\" content=\"4\u00a0Minuten\" \/>\n<script type=\"application\/ld+json\" class=\"yoast-schema-graph\">{\"@context\":\"https:\\\/\\\/schema.org\",\"@graph\":[{\"@type\":\"WebPage\",\"@id\":\"https:\\\/\\\/bbtrading.ch\\\/cms\\\/ueber-uns\\\/karriere\\\/\",\"url\":\"https:\\\/\\\/bbtrading.ch\\\/cms\\\/ueber-uns\\\/karriere\\\/\",\"name\":\"Karriere | bb trading\",\"isPartOf\":{\"@id\":\"https:\\\/\\\/bbtrading.ch\\\/cms\\\/#website\"},\"datePublished\":\"2024-02-09T08:53:36+00:00\",\"dateModified\":\"2026-01-12T16:41:19+00:00\",\"description\":\"Wir suchen immer begeisterungsf\u00e4hige Menschen \u2013 von Anf\u00e4ngern bis Profis, in Beratung, Einkauf, Sales, Management & mehr. Komm zu uns!\",\"breadcrumb\":{\"@id\":\"https:\\\/\\\/bbtrading.ch\\\/cms\\\/ueber-uns\\\/karriere\\\/#breadcrumb\"},\"inLanguage\":\"de-CH\",\"potentialAction\":[{\"@type\":\"ReadAction\",\"target\":[\"https:\\\/\\\/bbtrading.ch\\\/cms\\\/ueber-uns\\\/karriere\\\/\"]}]},{\"@type\":\"BreadcrumbList\",\"@id\":\"https:\\\/\\\/bbtrading.ch\\\/cms\\\/ueber-uns\\\/karriere\\\/#breadcrumb\",\"itemListElement\":[{\"@type\":\"ListItem\",\"position\":1,\"name\":\"Home\",\"item\":\"https:\\\/\\\/bbtrading.ch\\\/cms\\\/\"},{\"@type\":\"ListItem\",\"position\":2,\"name\":\"\u00dcber uns\",\"item\":\"https:\\\/\\\/bbtrading.ch\\\/cms\\\/ueber-uns\\\/\"},{\"@type\":\"ListItem\",\"position\":3,\"name\":\"Karriere\"}]},{\"@type\":\"WebSite\",\"@id\":\"https:\\\/\\\/bbtrading.ch\\\/cms\\\/#website\",\"url\":\"https:\\\/\\\/bbtrading.ch\\\/cms\\\/\",\"name\":\"bb trading\",\"description\":\"\",\"publisher\":{\"@id\":\"https:\\\/\\\/bbtrading.ch\\\/cms\\\/#organization\"},\"potentialAction\":[{\"@type\":\"SearchAction\",\"target\":{\"@type\":\"EntryPoint\",\"urlTemplate\":\"https:\\\/\\\/bbtrading.ch\\\/cms\\\/?s={search_term_string}\"},\"query-input\":{\"@type\":\"PropertyValueSpecification\",\"valueRequired\":true,\"valueName\":\"search_term_string\"}}],\"inLanguage\":\"de-CH\"},{\"@type\":\"Organization\",\"@id\":\"https:\\\/\\\/bbtrading.ch\\\/cms\\\/#organization\",\"name\":\"bb trading werbeartikel AG\",\"alternateName\":\"bb trading\",\"url\":\"https:\\\/\\\/bbtrading.ch\\\/cms\\\/\",\"logo\":{\"@type\":\"ImageObject\",\"inLanguage\":\"de-CH\",\"@id\":\"https:\\\/\\\/bbtrading.ch\\\/cms\\\/#\\\/schema\\\/logo\\\/image\\\/\",\"url\":\"https:\\\/\\\/bbtrading.ch\\\/cms\\\/wp-content\\\/uploads\\\/2025\\\/02\\\/bbtrading-organisations-logo.png\",\"contentUrl\":\"https:\\\/\\\/bbtrading.ch\\\/cms\\\/wp-content\\\/uploads\\\/2025\\\/02\\\/bbtrading-organisations-logo.png\",\"width\":696,\"height\":696,\"caption\":\"bb trading werbeartikel AG\"},\"image\":{\"@id\":\"https:\\\/\\\/bbtrading.ch\\\/cms\\\/#\\\/schema\\\/logo\\\/image\\\/\"}}]}<\/script>\n<!-- \/ Yoast SEO plugin. -->","yoast_head_json":{"title":"Karriere | bb trading","description":"Wir suchen immer begeisterungsf\u00e4hige Menschen \u2013 von Anf\u00e4ngern bis Profis, in Beratung, Einkauf, Sales, Management & mehr. Komm zu uns!","robots":{"index":"index","follow":"follow","max-snippet":"max-snippet:-1","max-image-preview":"max-image-preview:large","max-video-preview":"max-video-preview:-1"},"canonical":"https:\/\/bbtrading.ch\/cms\/ueber-uns\/karriere\/","og_locale":"de_DE","og_type":"article","og_title":"Karriere | bb trading","og_description":"Wir suchen immer begeisterungsf\u00e4hige Menschen \u2013 von Anf\u00e4ngern bis Profis, in Beratung, Einkauf, Sales, Management & mehr. Komm zu uns!","og_url":"https:\/\/bbtrading.ch\/cms\/ueber-uns\/karriere\/","og_site_name":"bb trading","article_modified_time":"2026-01-12T16:41:19+00:00","og_image":[{"width":1200,"height":630,"url":"https:\/\/bbtrading.ch\/cms\/wp-content\/uploads\/2025\/02\/bbtrading-og-image.png","type":"image\/png"}],"twitter_card":"summary_large_image","twitter_misc":{"Gesch\u00e4tzte Lesezeit":"4\u00a0Minuten"},"schema":{"@context":"https:\/\/schema.org","@graph":[{"@type":"WebPage","@id":"https:\/\/bbtrading.ch\/cms\/ueber-uns\/karriere\/","url":"https:\/\/bbtrading.ch\/cms\/ueber-uns\/karriere\/","name":"Karriere | bb trading","isPartOf":{"@id":"https:\/\/bbtrading.ch\/cms\/#website"},"datePublished":"2024-02-09T08:53:36+00:00","dateModified":"2026-01-12T16:41:19+00:00","description":"Wir suchen immer begeisterungsf\u00e4hige Menschen \u2013 von Anf\u00e4ngern bis Profis, in Beratung, Einkauf, Sales, Management & mehr. Komm zu uns!","breadcrumb":{"@id":"https:\/\/bbtrading.ch\/cms\/ueber-uns\/karriere\/#breadcrumb"},"inLanguage":"de-CH","potentialAction":[{"@type":"ReadAction","target":["https:\/\/bbtrading.ch\/cms\/ueber-uns\/karriere\/"]}]},{"@type":"BreadcrumbList","@id":"https:\/\/bbtrading.ch\/cms\/ueber-uns\/karriere\/#breadcrumb","itemListElement":[{"@type":"ListItem","position":1,"name":"Home","item":"https:\/\/bbtrading.ch\/cms\/"},{"@type":"ListItem","position":2,"name":"\u00dcber uns","item":"https:\/\/bbtrading.ch\/cms\/ueber-uns\/"},{"@type":"ListItem","position":3,"name":"Karriere"}]},{"@type":"WebSite","@id":"https:\/\/bbtrading.ch\/cms\/#website","url":"https:\/\/bbtrading.ch\/cms\/","name":"bb trading","description":"","publisher":{"@id":"https:\/\/bbtrading.ch\/cms\/#organization"},"potentialAction":[{"@type":"SearchAction","target":{"@type":"EntryPoint","urlTemplate":"https:\/\/bbtrading.ch\/cms\/?s={search_term_string}"},"query-input":{"@type":"PropertyValueSpecification","valueRequired":true,"valueName":"search_term_string"}}],"inLanguage":"de-CH"},{"@type":"Organization","@id":"https:\/\/bbtrading.ch\/cms\/#organization","name":"bb trading werbeartikel AG","alternateName":"bb trading","url":"https:\/\/bbtrading.ch\/cms\/","logo":{"@type":"ImageObject","inLanguage":"de-CH","@id":"https:\/\/bbtrading.ch\/cms\/#\/schema\/logo\/image\/","url":"https:\/\/bbtrading.ch\/cms\/wp-content\/uploads\/2025\/02\/bbtrading-organisations-logo.png","contentUrl":"https:\/\/bbtrading.ch\/cms\/wp-content\/uploads\/2025\/02\/bbtrading-organisations-logo.png","width":696,"height":696,"caption":"bb trading werbeartikel AG"},"image":{"@id":"https:\/\/bbtrading.ch\/cms\/#\/schema\/logo\/image\/"}}]}},"_links":{"self":[{"href":"https:\/\/bbtrading.ch\/cms\/wp-json\/wp\/v2\/pages\/1374","targetHints":{"allow":["GET"]}}],"collection":[{"href":"https:\/\/bbtrading.ch\/cms\/wp-json\/wp\/v2\/pages"}],"about":[{"href":"https:\/\/bbtrading.ch\/cms\/wp-json\/wp\/v2\/types\/page"}],"author":[{"embeddable":true,"href":"https:\/\/bbtrading.ch\/cms\/wp-json\/wp\/v2\/users\/1"}],"replies":[{"embeddable":true,"href":"https:\/\/bbtrading.ch\/cms\/wp-json\/wp\/v2\/comments?post=1374"}],"version-history":[{"count":30,"href":"https:\/\/bbtrading.ch\/cms\/wp-json\/wp\/v2\/pages\/1374\/revisions"}],"predecessor-version":[{"id":14772,"href":"https:\/\/bbtrading.ch\/cms\/wp-json\/wp\/v2\/pages\/1374\/revisions\/14772"}],"up":[{"embeddable":true,"href":"https:\/\/bbtrading.ch\/cms\/wp-json\/wp\/v2\/pages\/193"}],"wp:attachment":[{"href":"https:\/\/bbtrading.ch\/cms\/wp-json\/wp\/v2\/media?parent=1374"}],"curies":[{"name":"wp","href":"https:\/\/api.w.org\/{rel}","templated":true}]}}