{"id":1211,"date":"2024-01-23T14:00:27","date_gmt":"2024-01-23T13:00:27","guid":{"rendered":"https:\/\/bbtrading.dev6\/cms\/services\/fullservice\/"},"modified":"2025-01-16T14:26:23","modified_gmt":"2025-01-16T13:26:23","slug":"fullservice","status":"publish","type":"page","link":"https:\/\/bbtrading.ch\/cms\/services\/fullservice\/","title":{"rendered":"Fullservice"},"content":{"rendered":"","protected":false},"excerpt":{"rendered":"","protected":false},"author":1,"featured_media":0,"parent":1208,"menu_order":5,"comment_status":"closed","ping_status":"closed","template":"","meta":{"_acf_changed":false,"inline_featured_image":false,"footnotes":""},"class_list":["post-1211","page","type-page","status-publish","hentry"],"acf":{"inhaltselemente":[{"acf_fc_layout":"text_element","text_element_titel":"All-in: Fullservice.","text_element_titel_typ":"1","text_element_titel_size":"2-big","text_element_titel_fake":false,"text_element_content":"Wir \u00fcbernehmen das komplette Managment Ihrer Werbemittel: Sortimentsgestaltung, Shopkonzeptionierung, Einlagerung, Vertrieb. Alles. Vertrauen Sie auf unsere langj\u00e4hrige Erfahrung als Fullservice-Dienstleister und buchen Sie schonmal Ferien. Im Ernst: Wie Sie von unserem 360-Grad Outsourcing-Angebot profitieren k\u00f6nnen, erkl\u00e4ren wir Ihnen gerne pers\u00f6nlich.","text_element_layout":"centered","text_element_bgcolor":"default","text_element_margin_bottom":"custom-3"},{"acf_fc_layout":"text_img_products_element","text_element_titel":"It\u2019s never too much: Shopkollektionen.","text_element_titel_typ":"2","text_element_titel_size":"3-bold","text_element_titel_fake":false,"text_element_content":"Warum nur einen Werbeartikel, wenn Sie eine ganze Kollektion haben k\u00f6nnen? Sonderangefertigt und individuell gebrandet, versteht sich. Und das ganze Management der Kollektion? \u00dcbernehmen wir f\u00fcr Sie. Im Fullservice.\r\n\r\n<a class=\"btn-secondary-large\" href=\"https:\/\/bbtrading.ch\/cms\/ueber-uns\/kontakt\/\">SHOPKOLLEKTION anfragen<\/a>","text_img_products_element_imgs":[2910,2907,2919,2916,2913],"text_img_element_orientation":"default","text_img_element_bgcolor":"rosa-50","text_img_element_margin_bottom":"custom-0","text_img_products_element_button_001_active":false,"text_img_products_element_button_001_text":"","text_img_products_element_button_001_link":null,"text_img_products_element_button_001_animation":"inspiration"},{"acf_fc_layout":"text_boxes_element","text_element_text_element_titel":"Keine halben Sachen:\r\nUnser Fullservice Angebot.","text_element_text_element_titel_typ":"2","text_element_text_element_titel_size":"3-bold","text_element_text_element_titel_fake":false,"text_element_text_element_content":"Wir \u00fcbernehmen s\u00e4mtliche Aufgaben rund um die Bewirtschaftung Ihres Werbeartikelshops. Was Sie noch zu tun haben? Hier lesen, was wir Ihnen alles abnehmen k\u00f6nnen.","text_boxes_element_boxes":[{"text_boxes_element_boxes_box_title":"Konzeptionierung","text_boxes_element_boxes_box_text":"Durch und durch durchdacht: Wir sind ab Stunde 0 an Ihrer Seite und unterst\u00fctzen Sie mit Rat, Tat und Ideen beim Aufbau und der Planung Ihres Werbeartikel-Webshops.","text_boxes_element_boxes_box_img":null},{"text_boxes_element_boxes_box_title":"Sortimentsgestaltung","text_boxes_element_boxes_box_text":"Alles drin: Wir sorgen f\u00fcr passende Produktideen auf Ihre Zielgruppe abgestimmt und beliefern Sie mit Layoutvorschl\u00e4gen.","text_boxes_element_boxes_box_img":null},{"text_boxes_element_boxes_box_title":"Onlineshop","text_boxes_element_boxes_box_text":"Erfolg vorprogrammiert: Wir \u00fcbernehmen die gesamte IT f\u00fcr Ihren B2B- oder B2C-Shop inklusive der Systemanbindung an Ihr Beschaffungsprogramm (z.B. SAP Ariba).","text_boxes_element_boxes_box_img":null},{"text_boxes_element_boxes_box_title":"Vorfinanzierung","text_boxes_element_boxes_box_text":"Wir schenken Ihnen Flexibilit\u00e4t: Erhalten Sie von uns eine Vorfinanzierung f\u00fcr Ihren kompletten Warenbestand.","text_boxes_element_boxes_box_img":null},{"text_boxes_element_boxes_box_title":"Beschaffung","text_boxes_element_boxes_box_text":"Gewusst wie \u2013 und woher. Egal, was Sie suchen: Wir haben ein weltweites Lieferantennetzwerk zur Beschaffung und sorgen f\u00fcr qualitative und trendige Shopartikel.","text_boxes_element_boxes_box_img":null},{"text_boxes_element_boxes_box_title":"Warenkontrolle","text_boxes_element_boxes_box_text":"Qualit\u00e4t? Check. Unser internes Team \u00fcberpr\u00fcft die Qualit\u00e4t unserer Produkte stets auf Herz und Nieren, bevor diese im Shop aufgeschaltet werden.","text_boxes_element_boxes_box_img":null},{"text_boxes_element_boxes_box_title":"Lager","text_boxes_element_boxes_box_text":"Wir haben so einiges in petto: Umfassende Lagerkapazit\u00e4ten im In- und Ausland und eine effiziente Logistik sorgen daf\u00fcr, dass wir Ihre Shop-Bestellungen z\u00fcgig abwickeln.","text_boxes_element_boxes_box_img":null},{"text_boxes_element_boxes_box_title":"Konfektionierung","text_boxes_element_boxes_box_text":"Finetuning vom Feinsten: Wir packen, kombinieren und etikettieren f\u00fcr Sie, sodass alles picobello und entsprechend Ihrer individuellen Anforderungen dort ankommt, wo es hin soll.","text_boxes_element_boxes_box_img":null},{"text_boxes_element_boxes_box_title":"Versand","text_boxes_element_boxes_box_text":"Kommt nicht nur gut an, sondern auch schnell, effizient und weltweit. Wir regeln die Distributionslogistik f\u00fcr Sie.","text_boxes_element_boxes_box_img":null},{"text_boxes_element_boxes_box_title":"Fakturierung und Reporting","text_boxes_element_boxes_box_text":"Auf uns k\u00f6nnen Sie z\u00e4hlen: Faktura, individuelle Berichterstattung und Abrechnung erzeugen wir transparent und strukturiert \u2013 und so gleichermassen minimalen Verwaltungsaufwand f\u00fcr Sie.","text_boxes_element_boxes_box_img":null},{"text_boxes_element_boxes_box_title":"Kundenservice","text_boxes_element_boxes_box_text":"Das Customer-Management Ihres Webshops ist das last but not least unseres Fullservice-Angebots. Pers\u00f6nlich, kompetent und unkompliziert.","text_boxes_element_boxes_box_img":null}],"text_boxes_element_boxes_bgcolor":"default"},{"acf_fc_layout":"text_img_element","text_element_titel":"<strong>Let\u2019s go live: Ihr Webshop.<\/strong>","text_element_titel_typ":"2","text_element_titel_size":"2-big","text_element_titel_fake":false,"text_element_content":"Tsch\u00fcss 0815: Wir bauen Ihren Webshop flexibel, serviceorientiert und mit allem, was Sie und Ihr Unternehmen brauchen. Funktional und stimmig in Ihrem Corporate Design. Logo!\r\n\r\n<a class=\"btn-primary-large\" href=\"mailto:fullservice@bbtrading.ch\">Beratung<\/a> <a class=\"btn-secondary-large\" href=\"https:\/\/bbtrading.ch\/cms\/referenzen\/\">Referenzen<\/a>","image_element_image_element_image":null,"video_element_video_element_video":1634,"video_element_video_element_autoplay":true,"video_element_video_element_frame_notebook":true,"collage_element":null,"text_img_element_spaltenbreite":"two-third-one-third","text_img_element_orientation":"mirrored","text_img_element_bgcolor_img_edge":true,"text_img_element_bgcolor":"yellow-50","text_img_element_padding_top":"custom-1","text_img_element_padding_bottom":"custom-1","text_img_element_margin_top":"custom-0","text_img_element_margin_bottom":"custom-0"},{"acf_fc_layout":"ma_slider_element","text_element_override_text_element_titel":"","text_element_override_text_element_titel_typ":"2","text_element_override_text_element_titel_size":false,"text_element_override_text_element_titel_fake":false,"text_element_override_text_element_content":"Fullservice f\u00e4ngt beim Beraten an. Melden Sie sich einfach. Dann finden wir gemeinsam heraus, wie wir Sie am besten supporten k\u00f6nnen.\r\n\r\n<a class=\"btn-primary-large\" href=\"https:\/\/bbtrading.ch\/cms\/ueber-uns\/kontakt\/\">Jetzt kontaktieren<\/a>"}]},"yoast_head":"<!-- This site is optimized with the Yoast SEO plugin v27.4 - https:\/\/yoast.com\/product\/yoast-seo-wordpress\/ -->\n<title>Fullservice | bb trading<\/title>\n<meta name=\"description\" content=\"Wir \u00fcbernehmen f\u00fcr Sie gerne das komplette Managment Ihrer Werbemittel: Sortimentsgestaltung, Shopkonzeptionierung, Einlagerung &amp; Vertrieb.\" \/>\n<meta name=\"robots\" content=\"index, follow, max-snippet:-1, max-image-preview:large, max-video-preview:-1\" \/>\n<link rel=\"canonical\" href=\"https:\/\/bbtrading.ch\/cms\/services\/fullservice\/\" \/>\n<meta property=\"og:locale\" content=\"de_DE\" \/>\n<meta property=\"og:type\" content=\"article\" \/>\n<meta property=\"og:title\" content=\"Fullservice | bb trading\" \/>\n<meta property=\"og:description\" content=\"Wir \u00fcbernehmen f\u00fcr Sie gerne das komplette Managment Ihrer Werbemittel: Sortimentsgestaltung, Shopkonzeptionierung, Einlagerung &amp; Vertrieb.\" \/>\n<meta property=\"og:url\" content=\"https:\/\/bbtrading.ch\/cms\/services\/fullservice\/\" \/>\n<meta property=\"og:site_name\" content=\"bb trading\" \/>\n<meta property=\"article:modified_time\" content=\"2025-01-16T13:26:23+00:00\" \/>\n<meta property=\"og:image\" content=\"https:\/\/bbtrading.ch\/cms\/wp-content\/uploads\/2025\/02\/bbtrading-og-image.png\" \/>\n\t<meta property=\"og:image:width\" content=\"1200\" \/>\n\t<meta property=\"og:image:height\" content=\"630\" \/>\n\t<meta property=\"og:image:type\" content=\"image\/png\" \/>\n<meta name=\"twitter:card\" content=\"summary_large_image\" \/>\n<meta name=\"twitter:label1\" content=\"Gesch\u00e4tzte Lesezeit\" \/>\n\t<meta name=\"twitter:data1\" content=\"4\u00a0Minuten\" \/>\n<script type=\"application\/ld+json\" class=\"yoast-schema-graph\">{\"@context\":\"https:\\\/\\\/schema.org\",\"@graph\":[{\"@type\":\"WebPage\",\"@id\":\"https:\\\/\\\/bbtrading.ch\\\/cms\\\/services\\\/fullservice\\\/\",\"url\":\"https:\\\/\\\/bbtrading.ch\\\/cms\\\/services\\\/fullservice\\\/\",\"name\":\"Fullservice | bb trading\",\"isPartOf\":{\"@id\":\"https:\\\/\\\/bbtrading.ch\\\/cms\\\/#website\"},\"datePublished\":\"2024-01-23T13:00:27+00:00\",\"dateModified\":\"2025-01-16T13:26:23+00:00\",\"description\":\"Wir \u00fcbernehmen f\u00fcr Sie gerne das komplette Managment Ihrer Werbemittel: Sortimentsgestaltung, Shopkonzeptionierung, Einlagerung & Vertrieb.\",\"breadcrumb\":{\"@id\":\"https:\\\/\\\/bbtrading.ch\\\/cms\\\/services\\\/fullservice\\\/#breadcrumb\"},\"inLanguage\":\"de-CH\",\"potentialAction\":[{\"@type\":\"ReadAction\",\"target\":[\"https:\\\/\\\/bbtrading.ch\\\/cms\\\/services\\\/fullservice\\\/\"]}]},{\"@type\":\"BreadcrumbList\",\"@id\":\"https:\\\/\\\/bbtrading.ch\\\/cms\\\/services\\\/fullservice\\\/#breadcrumb\",\"itemListElement\":[{\"@type\":\"ListItem\",\"position\":1,\"name\":\"Home\",\"item\":\"https:\\\/\\\/bbtrading.ch\\\/cms\\\/\"},{\"@type\":\"ListItem\",\"position\":2,\"name\":\"Services\",\"item\":\"https:\\\/\\\/bbtrading.ch\\\/cms\\\/services\\\/\"},{\"@type\":\"ListItem\",\"position\":3,\"name\":\"Fullservice\"}]},{\"@type\":\"WebSite\",\"@id\":\"https:\\\/\\\/bbtrading.ch\\\/cms\\\/#website\",\"url\":\"https:\\\/\\\/bbtrading.ch\\\/cms\\\/\",\"name\":\"bb trading\",\"description\":\"\",\"publisher\":{\"@id\":\"https:\\\/\\\/bbtrading.ch\\\/cms\\\/#organization\"},\"potentialAction\":[{\"@type\":\"SearchAction\",\"target\":{\"@type\":\"EntryPoint\",\"urlTemplate\":\"https:\\\/\\\/bbtrading.ch\\\/cms\\\/?s={search_term_string}\"},\"query-input\":{\"@type\":\"PropertyValueSpecification\",\"valueRequired\":true,\"valueName\":\"search_term_string\"}}],\"inLanguage\":\"de-CH\"},{\"@type\":\"Organization\",\"@id\":\"https:\\\/\\\/bbtrading.ch\\\/cms\\\/#organization\",\"name\":\"bb trading werbeartikel AG\",\"alternateName\":\"bb trading\",\"url\":\"https:\\\/\\\/bbtrading.ch\\\/cms\\\/\",\"logo\":{\"@type\":\"ImageObject\",\"inLanguage\":\"de-CH\",\"@id\":\"https:\\\/\\\/bbtrading.ch\\\/cms\\\/#\\\/schema\\\/logo\\\/image\\\/\",\"url\":\"https:\\\/\\\/bbtrading.ch\\\/cms\\\/wp-content\\\/uploads\\\/2025\\\/02\\\/bbtrading-organisations-logo.png\",\"contentUrl\":\"https:\\\/\\\/bbtrading.ch\\\/cms\\\/wp-content\\\/uploads\\\/2025\\\/02\\\/bbtrading-organisations-logo.png\",\"width\":696,\"height\":696,\"caption\":\"bb trading werbeartikel AG\"},\"image\":{\"@id\":\"https:\\\/\\\/bbtrading.ch\\\/cms\\\/#\\\/schema\\\/logo\\\/image\\\/\"}}]}<\/script>\n<!-- \/ Yoast SEO plugin. -->","yoast_head_json":{"title":"Fullservice | bb trading","description":"Wir \u00fcbernehmen f\u00fcr Sie gerne das komplette Managment Ihrer Werbemittel: Sortimentsgestaltung, Shopkonzeptionierung, Einlagerung & Vertrieb.","robots":{"index":"index","follow":"follow","max-snippet":"max-snippet:-1","max-image-preview":"max-image-preview:large","max-video-preview":"max-video-preview:-1"},"canonical":"https:\/\/bbtrading.ch\/cms\/services\/fullservice\/","og_locale":"de_DE","og_type":"article","og_title":"Fullservice | bb trading","og_description":"Wir \u00fcbernehmen f\u00fcr Sie gerne das komplette Managment Ihrer Werbemittel: Sortimentsgestaltung, Shopkonzeptionierung, Einlagerung & Vertrieb.","og_url":"https:\/\/bbtrading.ch\/cms\/services\/fullservice\/","og_site_name":"bb trading","article_modified_time":"2025-01-16T13:26:23+00:00","og_image":[{"width":1200,"height":630,"url":"https:\/\/bbtrading.ch\/cms\/wp-content\/uploads\/2025\/02\/bbtrading-og-image.png","type":"image\/png"}],"twitter_card":"summary_large_image","twitter_misc":{"Gesch\u00e4tzte Lesezeit":"4\u00a0Minuten"},"schema":{"@context":"https:\/\/schema.org","@graph":[{"@type":"WebPage","@id":"https:\/\/bbtrading.ch\/cms\/services\/fullservice\/","url":"https:\/\/bbtrading.ch\/cms\/services\/fullservice\/","name":"Fullservice | bb trading","isPartOf":{"@id":"https:\/\/bbtrading.ch\/cms\/#website"},"datePublished":"2024-01-23T13:00:27+00:00","dateModified":"2025-01-16T13:26:23+00:00","description":"Wir \u00fcbernehmen f\u00fcr Sie gerne das komplette Managment Ihrer Werbemittel: Sortimentsgestaltung, Shopkonzeptionierung, Einlagerung & Vertrieb.","breadcrumb":{"@id":"https:\/\/bbtrading.ch\/cms\/services\/fullservice\/#breadcrumb"},"inLanguage":"de-CH","potentialAction":[{"@type":"ReadAction","target":["https:\/\/bbtrading.ch\/cms\/services\/fullservice\/"]}]},{"@type":"BreadcrumbList","@id":"https:\/\/bbtrading.ch\/cms\/services\/fullservice\/#breadcrumb","itemListElement":[{"@type":"ListItem","position":1,"name":"Home","item":"https:\/\/bbtrading.ch\/cms\/"},{"@type":"ListItem","position":2,"name":"Services","item":"https:\/\/bbtrading.ch\/cms\/services\/"},{"@type":"ListItem","position":3,"name":"Fullservice"}]},{"@type":"WebSite","@id":"https:\/\/bbtrading.ch\/cms\/#website","url":"https:\/\/bbtrading.ch\/cms\/","name":"bb trading","description":"","publisher":{"@id":"https:\/\/bbtrading.ch\/cms\/#organization"},"potentialAction":[{"@type":"SearchAction","target":{"@type":"EntryPoint","urlTemplate":"https:\/\/bbtrading.ch\/cms\/?s={search_term_string}"},"query-input":{"@type":"PropertyValueSpecification","valueRequired":true,"valueName":"search_term_string"}}],"inLanguage":"de-CH"},{"@type":"Organization","@id":"https:\/\/bbtrading.ch\/cms\/#organization","name":"bb trading werbeartikel AG","alternateName":"bb trading","url":"https:\/\/bbtrading.ch\/cms\/","logo":{"@type":"ImageObject","inLanguage":"de-CH","@id":"https:\/\/bbtrading.ch\/cms\/#\/schema\/logo\/image\/","url":"https:\/\/bbtrading.ch\/cms\/wp-content\/uploads\/2025\/02\/bbtrading-organisations-logo.png","contentUrl":"https:\/\/bbtrading.ch\/cms\/wp-content\/uploads\/2025\/02\/bbtrading-organisations-logo.png","width":696,"height":696,"caption":"bb trading werbeartikel AG"},"image":{"@id":"https:\/\/bbtrading.ch\/cms\/#\/schema\/logo\/image\/"}}]}},"_links":{"self":[{"href":"https:\/\/bbtrading.ch\/cms\/wp-json\/wp\/v2\/pages\/1211","targetHints":{"allow":["GET"]}}],"collection":[{"href":"https:\/\/bbtrading.ch\/cms\/wp-json\/wp\/v2\/pages"}],"about":[{"href":"https:\/\/bbtrading.ch\/cms\/wp-json\/wp\/v2\/types\/page"}],"author":[{"embeddable":true,"href":"https:\/\/bbtrading.ch\/cms\/wp-json\/wp\/v2\/users\/1"}],"replies":[{"embeddable":true,"href":"https:\/\/bbtrading.ch\/cms\/wp-json\/wp\/v2\/comments?post=1211"}],"version-history":[{"count":30,"href":"https:\/\/bbtrading.ch\/cms\/wp-json\/wp\/v2\/pages\/1211\/revisions"}],"predecessor-version":[{"id":9574,"href":"https:\/\/bbtrading.ch\/cms\/wp-json\/wp\/v2\/pages\/1211\/revisions\/9574"}],"up":[{"embeddable":true,"href":"https:\/\/bbtrading.ch\/cms\/wp-json\/wp\/v2\/pages\/1208"}],"wp:attachment":[{"href":"https:\/\/bbtrading.ch\/cms\/wp-json\/wp\/v2\/media?parent=1211"}],"curies":[{"name":"wp","href":"https:\/\/api.w.org\/{rel}","templated":true}]}}