{"id":1210,"date":"2024-01-23T14:00:27","date_gmt":"2024-01-23T13:00:27","guid":{"rendered":"https:\/\/bbtrading.dev6\/cms\/services\/corporate-wear\/"},"modified":"2025-11-11T09:00:41","modified_gmt":"2025-11-11T08:00:41","slug":"corporate-wear","status":"publish","type":"page","link":"https:\/\/bbtrading.ch\/cms\/services\/corporate-wear\/","title":{"rendered":"Corporate Wear"},"content":{"rendered":"","protected":false},"excerpt":{"rendered":"","protected":false},"author":1,"featured_media":0,"parent":1208,"menu_order":4,"comment_status":"closed","ping_status":"closed","template":"","meta":{"_acf_changed":false,"inline_featured_image":false,"footnotes":""},"class_list":["post-1210","page","type-page","status-publish","hentry"],"acf":{"inhaltselemente":[{"acf_fc_layout":"text_element","text_element_titel":"Let\u2019s work:\r\nCorporate Wear.","text_element_titel_typ":"1","text_element_titel_size":"2-big","text_element_titel_fake":false,"text_element_content":"Von Corporate Fashion \u00fcber genormte Sicherheitsbekleidung und funktionale Workwear bis hin zu Sportswear und stilvollen Messeoutfits \u2013 unsere Textilprofis begleiten Sie von der Idee bis zur Umsetzung Ihrer neuen Corporate Wear mit langj\u00e4hrigem Know-how, Kreativit\u00e4t und einem klaren Blick f\u00fcrs Detail.\r\n&nbsp;\r\n&nbsp;\r\n&nbsp;\r\n&nbsp;\r\n&nbsp;","text_element_layout":"centered","text_element_bgcolor":"default","text_element_margin_bottom":"custom-0"},{"acf_fc_layout":"text_img_products_element","text_element_titel":"&nbsp;\r\nStilsicher:\r\nVon Kopf bis Fuss.","text_element_titel_typ":"2","text_element_titel_size":"2-big","text_element_titel_fake":false,"text_element_content":"Ob Business, Gastro, Pflege, Event, Retail oder Industrie: Egal in welcher Branche Ihr Unternehmen t\u00e4tig ist \u2013 wir unterst\u00fctzen Sie bei Auswahl, Entwicklung, Beschaffung, Veredelung und Bewirtschaftung Ihrer Firmen- und Berufskleidung.\r\n\r\nAuf unserer topaktuellen bb corporate textiles Webseite finden Sie alles zu unserem umfassenden Serviceangebot. St\u00f6bern Sie durch exklusive Markenkataloge, lassen Sie sich inspirieren und entdecken Sie die vielf\u00e4ltigen M\u00f6glichkeiten, Ihre Corporate Wear individuell zu gestalten. Gemeinsam finden wir die perfekt auf Ihre Corporate Identity abgestimmte L\u00f6sung.\r\n&nbsp;\r\n\r\n<a class=\"btn-primary-large\" href=\"https:\/\/www.corporate-textiles.ch\/\" target=\"_blank\" rel=\"noopener noreferrer\">Corporate Textiles entdecken<\/a>\r\n\r\n\r\n","text_img_products_element_imgs":[14137,14143,14176,14161,14140,14167,14170,14134,14152,14164,14146,14173,14149,14158,14155],"text_img_element_orientation":"default","text_img_element_bgcolor":"rosa-50","text_img_element_margin_bottom":"custom-2","text_img_products_element_button_001_active":false,"text_img_products_element_button_001_text":"","text_img_products_element_button_001_link":null,"text_img_products_element_button_001_animation":"inspiration"},{"acf_fc_layout":"text_img_element","text_element_titel":"Speedy:\r\nSchnell was Passendes zum Anziehen.","text_element_titel_typ":"2","text_element_titel_size":"2-big","text_element_titel_fake":false,"text_element_content":"Entdecken Sie unser grosses Lagersortiment. Dank hoher Best\u00e4nde und kurzer Lieferzeiten f\u00fcr Firmen- und Berufskleidung sind Ihre Wunschtextilien rasch f\u00fcr Sie einsatzbereit. Mit Branding und allem Drum und Dran, versteht sich.\r\n\r\n<a class=\"btn-primary-large\" href=\"\/shop\/kategorien\/bekleidung\/\">Jetzt Textilien browsen<\/a>","image_element_image_element_image":null,"video_element_video_element_video":null,"video_element_video_element_autoplay":false,"video_element_video_element_frame_notebook":false,"collage_element":2859,"text_img_element_spaltenbreite":"two-third-one-third-inverted","text_img_element_orientation":"default","text_img_element_bgcolor_img_edge":false,"text_img_element_bgcolor":"white","text_img_element_padding_top":"custom-0","text_img_element_padding_bottom":"custom-0","text_img_element_margin_top":"custom-0","text_img_element_margin_bottom":"custom-3"},{"acf_fc_layout":"tabs_element","text_element_text_element_titel":"Master of:\r\nKompetenzen.","text_element_text_element_titel_typ":"2","text_element_text_element_titel_size":"2-big","text_element_text_element_titel_fake":false,"text_element_text_element_content":"Alles was wir k\u00f6nnen.","tabs_element_items":[{"acf_fc_layout":"text_img_element","tabs_element_item_name":"Qualit\u00e4tsmanagement","text_img_element_":null,"text_img_element_text_element_titel":"","text_img_element_text_element_titel_typ":"3","text_img_element_text_element_titel_size":false,"text_img_element_text_element_titel_fake":false,"text_img_element_text_element_content":"Im Qualit\u00e4tsmanagement sind wir picky. Das haben wir uns sogar zertifizieren lassen. Denn reibungslose Abl\u00e4ufe sind elementar. Durch das ISO 9001:2015 Zertifikat stellen wir durch externe Pr\u00fcfung sicher, dass unsere Prozesse verl\u00e4sslich sind und optimal auf jedes Bed\u00fcrfnis zugeschnitten. Unser Credo: Stetig wachsen und besser werden, damit unsere Kund:innen \u2013 also Sie \u2013 sich stets auf Top-Qualit\u00e4t verlassen k\u00f6nnen.","text_img_element_image_element_image_element_image_element_image":null,"text_img_element_video_element_video_element_video_element_video":null,"text_img_element_video_element_video_element_video_element_autoplay":false,"text_img_element_video_element_video_element_video_element_frame_notebook":false,"text_img_element_collage_element":1682},{"acf_fc_layout":"two_cols","tabs_element_item_name":"Produktesicherheit","two_cols_flex_content_col_one":[{"acf_fc_layout":"text_element","text_element_":null,"text_element_text_element_titel":"","text_element_text_element_titel_typ":"3","text_element_text_element_titel_size":false,"text_element_text_element_titel_fake":false,"text_element_text_element_content":"Bei der Produktsicherheit k\u00f6nnen Sie auf h\u00f6chste Standards z\u00e4hlen. Wir achten penibel darauf, dass unsere Produkte alle gesetzlichen Anforderungen und Schweizer Sicherheitsstandards erf\u00fcllen. Mit gezielten Tests in akkreditierten Pr\u00fcflaboren stellen wir sicher, dass beispielsweise Kinderspielzeuge nach der Norm EN-71-1 bis 3 entsprechen, generell keine verbotenen Chemikalien beim F\u00e4rben von textilen Stoffen eingesetzt werden und Sonnenbrillen, Geh\u00f6rschutzst\u00f6psel sowie Backhandschuhe gem\u00e4ss den ISO Normen der PSA (pers\u00f6nliche Schutzausr\u00fcstung) gepr\u00fcft und gekennzeichnet sind.\r\n\r\n<a class=\"btn-primary-large\" href=\"https:\/\/bbtrading.ch\/cms\/ueber-uns\/kontakt\/\">Beraten lassen<\/a>"}],"two_cols_flex_content_col_two":[{"acf_fc_layout":"slider_element","slider_element_slider_element_images":[2029,2032,2035]}]},{"acf_fc_layout":"text_img_element","tabs_element_item_name":"Produktvorschl\u00e4ge","text_img_element_":null,"text_img_element_text_element_titel":"","text_img_element_text_element_titel_typ":"3","text_img_element_text_element_titel_size":false,"text_img_element_text_element_titel_fake":false,"text_img_element_text_element_content":"Wir machen Ihnen gerne Produktvorschl\u00e4ge, wenn Sie welche brauchen. Fragen Sie uns jederzeit nach Ideen, Infos, Inspiration oder Erfahrungswerten. Ob f\u00fcr Weihnachten, die Messe, die Firmenfeier oder andere Events: Wir liefern Ihnen eine kreative Auswahl an Giveaways, die auch zu Ihrem Budget passen.\r\n\r\n<a class=\"btn-primary-large\" href=\"https:\/\/bbtrading.ch\/cms\/ueber-uns\/kontakt\/\">Ich will mehr wissen<\/a>","text_img_element_image_element_image_element_image_element_image":null,"text_img_element_video_element_video_element_video_element_video":null,"text_img_element_video_element_video_element_video_element_autoplay":false,"text_img_element_video_element_video_element_video_element_frame_notebook":false,"text_img_element_collage_element":5458},{"acf_fc_layout":"text_img_element","tabs_element_item_name":"Grafikvorschl\u00e4ge","text_img_element_":null,"text_img_element_text_element_titel":"","text_img_element_text_element_titel_typ":"3","text_img_element_text_element_titel_size":false,"text_img_element_text_element_titel_fake":false,"text_img_element_text_element_content":"Mit unseren Grafikvorschl\u00e4gen supporten wir Sie gerne bei der Gestaltung Ihres Produktes. Unsere Pros setzen Ihre Vorstellungen stilsicher um. Und es spielt auch keine Rolle, ob Sie schon eine konkrete Idee haben oder nicht. Mit unserem Grafik-Know-how wird es am Ende garantiert gut aussehen.\r\n\r\n<a class=\"btn-primary-large\" href=\"https:\/\/bbtrading.ch\/cms\/ueber-uns\/kontakt\/\">Jetzt kontaktieren<\/a>","text_img_element_image_element_image_element_image_element_image":null,"text_img_element_video_element_video_element_video_element_video":null,"text_img_element_video_element_video_element_video_element_autoplay":false,"text_img_element_video_element_video_element_video_element_frame_notebook":false,"text_img_element_collage_element":5472},{"acf_fc_layout":"text_img_element","tabs_element_item_name":"Konfektionierung","text_img_element_":null,"text_img_element_text_element_titel":"","text_img_element_text_element_titel_typ":"3","text_img_element_text_element_titel_size":false,"text_img_element_text_element_titel_fake":false,"text_img_element_text_element_content":"Bei der Konfektionierung gilt bei uns der Perfect Fit. Und zwar bis ins kleinste Detail. Aufteilen, Etikettieren, das Ver- und Umverpacken von Werbeartikeln \u2013 unsere Leistung umfasst das gesamte Spektrum. Dazu geh\u00f6ren auch die Option des Einzelversand und des indivduellen Zusammenstellens Ihrer bestellten Sets. Freuen Sie sich auf Werbung, die nicht nur toll aussieht, sondern auch funktional richtig gut ankommt.","text_img_element_image_element_image_element_image_element_image":null,"text_img_element_video_element_video_element_video_element_video":null,"text_img_element_video_element_video_element_video_element_autoplay":false,"text_img_element_video_element_video_element_video_element_frame_notebook":false,"text_img_element_collage_element":5535}]},{"acf_fc_layout":"ma_slider_element","text_element_override_text_element_titel":"","text_element_override_text_element_titel_typ":"2","text_element_override_text_element_titel_size":false,"text_element_override_text_element_titel_fake":false,"text_element_override_text_element_content":"Wir beraten Sie zu Ihren Kleiderfragen. Am besten wenn es um Corporate Wear geht. Melden Sie sich einfach. Ob Bestellungen, Planung, Sonderanfertigungen oder Infos \u00fcber unser nachhaltiges Engagement.\r\n\r\n<a class=\"btn-primary-large\" href=\"https:\/\/bbtrading.ch\/cms\/ueber-uns\/kontakt\/\">Jetzt kontaktieren<\/a>"}]},"yoast_head":"<!-- This site is optimized with the Yoast SEO plugin v27.4 - https:\/\/yoast.com\/product\/yoast-seo-wordpress\/ -->\n<title>Corporate Wear | bb trading<\/title>\n<meta name=\"description\" content=\"Corporate Fashion, hochwertig genormte Sicherheitsbekleidung, Workwear, funktionale Sportswear oder souver\u00e4nes Messeoutfit. Hier werden Sie f\u00fcndig!\" \/>\n<meta name=\"robots\" content=\"index, follow, max-snippet:-1, max-image-preview:large, max-video-preview:-1\" \/>\n<link rel=\"canonical\" href=\"https:\/\/bbtrading.ch\/cms\/services\/corporate-wear\/\" \/>\n<meta property=\"og:locale\" content=\"de_DE\" \/>\n<meta property=\"og:type\" content=\"article\" \/>\n<meta property=\"og:title\" content=\"Corporate Wear | bb trading\" \/>\n<meta property=\"og:description\" content=\"Corporate Fashion, hochwertig genormte Sicherheitsbekleidung, Workwear, funktionale Sportswear oder souver\u00e4nes Messeoutfit. Hier werden Sie f\u00fcndig!\" \/>\n<meta property=\"og:url\" content=\"https:\/\/bbtrading.ch\/cms\/services\/corporate-wear\/\" \/>\n<meta property=\"og:site_name\" content=\"bb trading\" \/>\n<meta property=\"article:modified_time\" content=\"2025-11-11T08:00:41+00:00\" \/>\n<meta property=\"og:image\" content=\"https:\/\/bbtrading.ch\/cms\/wp-content\/uploads\/2025\/02\/bbtrading-og-image.png\" \/>\n\t<meta property=\"og:image:width\" content=\"1200\" \/>\n\t<meta property=\"og:image:height\" content=\"630\" \/>\n\t<meta property=\"og:image:type\" content=\"image\/png\" \/>\n<meta name=\"twitter:card\" content=\"summary_large_image\" \/>\n<meta name=\"twitter:label1\" content=\"Gesch\u00e4tzte Lesezeit\" \/>\n\t<meta name=\"twitter:data1\" content=\"5\u00a0Minuten\" \/>\n<script type=\"application\/ld+json\" class=\"yoast-schema-graph\">{\"@context\":\"https:\\\/\\\/schema.org\",\"@graph\":[{\"@type\":\"WebPage\",\"@id\":\"https:\\\/\\\/bbtrading.ch\\\/cms\\\/services\\\/corporate-wear\\\/\",\"url\":\"https:\\\/\\\/bbtrading.ch\\\/cms\\\/services\\\/corporate-wear\\\/\",\"name\":\"Corporate Wear | bb trading\",\"isPartOf\":{\"@id\":\"https:\\\/\\\/bbtrading.ch\\\/cms\\\/#website\"},\"datePublished\":\"2024-01-23T13:00:27+00:00\",\"dateModified\":\"2025-11-11T08:00:41+00:00\",\"description\":\"Corporate Fashion, hochwertig genormte Sicherheitsbekleidung, Workwear, funktionale Sportswear oder souver\u00e4nes Messeoutfit. Hier werden Sie f\u00fcndig!\",\"breadcrumb\":{\"@id\":\"https:\\\/\\\/bbtrading.ch\\\/cms\\\/services\\\/corporate-wear\\\/#breadcrumb\"},\"inLanguage\":\"de-CH\",\"potentialAction\":[{\"@type\":\"ReadAction\",\"target\":[\"https:\\\/\\\/bbtrading.ch\\\/cms\\\/services\\\/corporate-wear\\\/\"]}]},{\"@type\":\"BreadcrumbList\",\"@id\":\"https:\\\/\\\/bbtrading.ch\\\/cms\\\/services\\\/corporate-wear\\\/#breadcrumb\",\"itemListElement\":[{\"@type\":\"ListItem\",\"position\":1,\"name\":\"Home\",\"item\":\"https:\\\/\\\/bbtrading.ch\\\/cms\\\/\"},{\"@type\":\"ListItem\",\"position\":2,\"name\":\"Services\",\"item\":\"https:\\\/\\\/bbtrading.ch\\\/cms\\\/services\\\/\"},{\"@type\":\"ListItem\",\"position\":3,\"name\":\"Corporate Wear\"}]},{\"@type\":\"WebSite\",\"@id\":\"https:\\\/\\\/bbtrading.ch\\\/cms\\\/#website\",\"url\":\"https:\\\/\\\/bbtrading.ch\\\/cms\\\/\",\"name\":\"bb trading\",\"description\":\"\",\"publisher\":{\"@id\":\"https:\\\/\\\/bbtrading.ch\\\/cms\\\/#organization\"},\"potentialAction\":[{\"@type\":\"SearchAction\",\"target\":{\"@type\":\"EntryPoint\",\"urlTemplate\":\"https:\\\/\\\/bbtrading.ch\\\/cms\\\/?s={search_term_string}\"},\"query-input\":{\"@type\":\"PropertyValueSpecification\",\"valueRequired\":true,\"valueName\":\"search_term_string\"}}],\"inLanguage\":\"de-CH\"},{\"@type\":\"Organization\",\"@id\":\"https:\\\/\\\/bbtrading.ch\\\/cms\\\/#organization\",\"name\":\"bb trading werbeartikel AG\",\"alternateName\":\"bb trading\",\"url\":\"https:\\\/\\\/bbtrading.ch\\\/cms\\\/\",\"logo\":{\"@type\":\"ImageObject\",\"inLanguage\":\"de-CH\",\"@id\":\"https:\\\/\\\/bbtrading.ch\\\/cms\\\/#\\\/schema\\\/logo\\\/image\\\/\",\"url\":\"https:\\\/\\\/bbtrading.ch\\\/cms\\\/wp-content\\\/uploads\\\/2025\\\/02\\\/bbtrading-organisations-logo.png\",\"contentUrl\":\"https:\\\/\\\/bbtrading.ch\\\/cms\\\/wp-content\\\/uploads\\\/2025\\\/02\\\/bbtrading-organisations-logo.png\",\"width\":696,\"height\":696,\"caption\":\"bb trading werbeartikel AG\"},\"image\":{\"@id\":\"https:\\\/\\\/bbtrading.ch\\\/cms\\\/#\\\/schema\\\/logo\\\/image\\\/\"}}]}<\/script>\n<!-- \/ Yoast SEO plugin. -->","yoast_head_json":{"title":"Corporate Wear | bb trading","description":"Corporate Fashion, hochwertig genormte Sicherheitsbekleidung, Workwear, funktionale Sportswear oder souver\u00e4nes Messeoutfit. Hier werden Sie f\u00fcndig!","robots":{"index":"index","follow":"follow","max-snippet":"max-snippet:-1","max-image-preview":"max-image-preview:large","max-video-preview":"max-video-preview:-1"},"canonical":"https:\/\/bbtrading.ch\/cms\/services\/corporate-wear\/","og_locale":"de_DE","og_type":"article","og_title":"Corporate Wear | bb trading","og_description":"Corporate Fashion, hochwertig genormte Sicherheitsbekleidung, Workwear, funktionale Sportswear oder souver\u00e4nes Messeoutfit. Hier werden Sie f\u00fcndig!","og_url":"https:\/\/bbtrading.ch\/cms\/services\/corporate-wear\/","og_site_name":"bb trading","article_modified_time":"2025-11-11T08:00:41+00:00","og_image":[{"width":1200,"height":630,"url":"https:\/\/bbtrading.ch\/cms\/wp-content\/uploads\/2025\/02\/bbtrading-og-image.png","type":"image\/png"}],"twitter_card":"summary_large_image","twitter_misc":{"Gesch\u00e4tzte Lesezeit":"5\u00a0Minuten"},"schema":{"@context":"https:\/\/schema.org","@graph":[{"@type":"WebPage","@id":"https:\/\/bbtrading.ch\/cms\/services\/corporate-wear\/","url":"https:\/\/bbtrading.ch\/cms\/services\/corporate-wear\/","name":"Corporate Wear | bb trading","isPartOf":{"@id":"https:\/\/bbtrading.ch\/cms\/#website"},"datePublished":"2024-01-23T13:00:27+00:00","dateModified":"2025-11-11T08:00:41+00:00","description":"Corporate Fashion, hochwertig genormte Sicherheitsbekleidung, Workwear, funktionale Sportswear oder souver\u00e4nes Messeoutfit. Hier werden Sie f\u00fcndig!","breadcrumb":{"@id":"https:\/\/bbtrading.ch\/cms\/services\/corporate-wear\/#breadcrumb"},"inLanguage":"de-CH","potentialAction":[{"@type":"ReadAction","target":["https:\/\/bbtrading.ch\/cms\/services\/corporate-wear\/"]}]},{"@type":"BreadcrumbList","@id":"https:\/\/bbtrading.ch\/cms\/services\/corporate-wear\/#breadcrumb","itemListElement":[{"@type":"ListItem","position":1,"name":"Home","item":"https:\/\/bbtrading.ch\/cms\/"},{"@type":"ListItem","position":2,"name":"Services","item":"https:\/\/bbtrading.ch\/cms\/services\/"},{"@type":"ListItem","position":3,"name":"Corporate Wear"}]},{"@type":"WebSite","@id":"https:\/\/bbtrading.ch\/cms\/#website","url":"https:\/\/bbtrading.ch\/cms\/","name":"bb trading","description":"","publisher":{"@id":"https:\/\/bbtrading.ch\/cms\/#organization"},"potentialAction":[{"@type":"SearchAction","target":{"@type":"EntryPoint","urlTemplate":"https:\/\/bbtrading.ch\/cms\/?s={search_term_string}"},"query-input":{"@type":"PropertyValueSpecification","valueRequired":true,"valueName":"search_term_string"}}],"inLanguage":"de-CH"},{"@type":"Organization","@id":"https:\/\/bbtrading.ch\/cms\/#organization","name":"bb trading werbeartikel AG","alternateName":"bb trading","url":"https:\/\/bbtrading.ch\/cms\/","logo":{"@type":"ImageObject","inLanguage":"de-CH","@id":"https:\/\/bbtrading.ch\/cms\/#\/schema\/logo\/image\/","url":"https:\/\/bbtrading.ch\/cms\/wp-content\/uploads\/2025\/02\/bbtrading-organisations-logo.png","contentUrl":"https:\/\/bbtrading.ch\/cms\/wp-content\/uploads\/2025\/02\/bbtrading-organisations-logo.png","width":696,"height":696,"caption":"bb trading werbeartikel AG"},"image":{"@id":"https:\/\/bbtrading.ch\/cms\/#\/schema\/logo\/image\/"}}]}},"_links":{"self":[{"href":"https:\/\/bbtrading.ch\/cms\/wp-json\/wp\/v2\/pages\/1210","targetHints":{"allow":["GET"]}}],"collection":[{"href":"https:\/\/bbtrading.ch\/cms\/wp-json\/wp\/v2\/pages"}],"about":[{"href":"https:\/\/bbtrading.ch\/cms\/wp-json\/wp\/v2\/types\/page"}],"author":[{"embeddable":true,"href":"https:\/\/bbtrading.ch\/cms\/wp-json\/wp\/v2\/users\/1"}],"replies":[{"embeddable":true,"href":"https:\/\/bbtrading.ch\/cms\/wp-json\/wp\/v2\/comments?post=1210"}],"version-history":[{"count":30,"href":"https:\/\/bbtrading.ch\/cms\/wp-json\/wp\/v2\/pages\/1210\/revisions"}],"predecessor-version":[{"id":14230,"href":"https:\/\/bbtrading.ch\/cms\/wp-json\/wp\/v2\/pages\/1210\/revisions\/14230"}],"up":[{"embeddable":true,"href":"https:\/\/bbtrading.ch\/cms\/wp-json\/wp\/v2\/pages\/1208"}],"wp:attachment":[{"href":"https:\/\/bbtrading.ch\/cms\/wp-json\/wp\/v2\/media?parent=1210"}],"curies":[{"name":"wp","href":"https:\/\/api.w.org\/{rel}","templated":true}]}}