{"id":1209,"date":"2024-01-23T14:00:27","date_gmt":"2024-01-23T13:00:27","guid":{"rendered":"https:\/\/bbtrading.dev6\/cms\/services\/sonderanfertigungen\/"},"modified":"2026-03-13T10:26:13","modified_gmt":"2026-03-13T09:26:13","slug":"sonderanfertigungen","status":"publish","type":"page","link":"https:\/\/bbtrading.ch\/cms\/services\/sonderanfertigungen\/","title":{"rendered":"Sonderanfertigungen"},"content":{"rendered":"","protected":false},"excerpt":{"rendered":"","protected":false},"author":1,"featured_media":0,"parent":1208,"menu_order":3,"comment_status":"closed","ping_status":"closed","template":"","meta":{"_acf_changed":false,"inline_featured_image":false,"footnotes":""},"class_list":["post-1209","page","type-page","status-publish","hentry"],"acf":{"inhaltselemente":[{"acf_fc_layout":"text_element","text_element_titel":"Especially for you:\r\nSonderanfertigungen.","text_element_titel_typ":"1","text_element_titel_size":"2-big","text_element_titel_fake":false,"text_element_content":"Unm\u00f6glich? Gibt\u2019s nicht! F\u00fcr Ihre Sonderw\u00fcnsche setzen wir alles in Bewegung. Und kriegen dank unserer Expertise nahezu alles realisiert. Setzen Sie Ihrer Fantasie keine Grenzen. Und erz\u00e4hlen Sie uns Ihre Ideen, egal wie crazy sie sind. \u00dcbrigens: Wenn die Idee realisiert ist, gibt\u2019s das passende Packaging noch dazu.\r\n\r\n<a class=\"btn-primary-large\" href=\"https:\/\/bbtrading.ch\/cms\/ueber-uns\/kontakt\/\">Let\u2019s go crazy<\/a>","text_element_layout":"centered","text_element_bgcolor":"default","text_element_margin_bottom":"custom-3"},{"acf_fc_layout":"text_img_products_element","text_element_titel":"Welcome:\r\nIm Paradies der Sonderanfertigungen.","text_element_titel_typ":"2","text_element_titel_size":"3-bold","text_element_titel_fake":false,"text_element_content":"Hier k\u00f6nnen Sie sich austoben. Produzieren Sie Produkte wie Taschen in allen erdenklichen Formen, Farben, Materialien und Branding. Have Fun!\r\n\r\n<a class=\"btn-secondary-large\" href=\"https:\/\/bbtrading.ch\/cms\/ueber-uns\/kontakt\/\">Sonderanfertigung anfragen<\/a>","text_img_products_element_imgs":[2678,2681,2684,2687,2690,2660,2663,2666,2669,2672,2675],"text_img_element_orientation":"default","text_img_element_bgcolor":"rosa-50","text_img_element_margin_bottom":"custom-2","text_img_products_element_button_001_active":false,"text_img_products_element_button_001_text":"","text_img_products_element_button_001_link":null,"text_img_products_element_button_001_animation":"inspiration"},{"acf_fc_layout":"header_element","header_element_titel":"The Making of:\r\nIhrer Sonderanfertigung.","header_element_typ":"2","header_element_size":"3-bold","header_element_fake":false,"header_element_margin-bottom":"custom-0"},{"acf_fc_layout":"sonderanfertigung_steps_element","sonderanfertigung_steps_element_steps":[{"sonderanfertigung_steps_element_step_title":"Idee","sonderanfertigung_steps_element_step_text":"Am Anfang steht die Idee und wir sagen stets: Nichts ist unm\u00f6glich! Teilen Sie uns Ihre Wunschidee von individuellen Sonderformen oder Spezialanforder- ungen mit \u2013 wir k\u00fcmmern uns um den Rest. Check!","sonderanfertigung_steps_element_step_img":1966},{"sonderanfertigung_steps_element_step_title":"Kreation","sonderanfertigung_steps_element_step_text":"Unser Getriebe kommt ins Rollen. Unser Team f\u00fcr Spezialanfertigungen pr\u00fcft die Machbarkeiten und die Preise. Das Grafikteam erstellt ein Mockup f\u00fcr die finale Produktion.","sonderanfertigung_steps_element_step_img":1969},{"sonderanfertigung_steps_element_step_title":"Realisation","sonderanfertigung_steps_element_step_text":"Let\u2019s get started! In Schritt 3 stellen wir Prototypen her, die zur Freigabe der Produktion dienen. Unser Team Order Processing sorgt daf\u00fcr, dass Ihre Sonderanfertigung zur richtigen Zeit am richtigen Ort erscheint.","sonderanfertigung_steps_element_step_img":1972}]},{"acf_fc_layout":"tabs_element","text_element_text_element_titel":"Master of:\r\nKompetenzen.","text_element_text_element_titel_typ":"2","text_element_text_element_titel_size":"2-big","text_element_text_element_titel_fake":false,"text_element_text_element_content":"Alles was wir k\u00f6nnen.","tabs_element_items":[{"acf_fc_layout":"text_img_element","tabs_element_item_name":"Qualit\u00e4tsmanagement","text_img_element_":null,"text_img_element_text_element_titel":"","text_img_element_text_element_titel_typ":"3","text_img_element_text_element_titel_size":false,"text_img_element_text_element_titel_fake":false,"text_img_element_text_element_content":"Im Qualit\u00e4tsmanagement sind wir picky. Das haben wir uns sogar zertifizieren lassen. Denn reibungslose Abl\u00e4ufe sind elementar. Durch das ISO 9001:2015 Zertifikat stellen wir durch externe Pr\u00fcfung sicher, dass unsere Prozesse verl\u00e4sslich sind und optimal auf jedes Bed\u00fcrfnis zugeschnitten. Unser Credo: Stetig wachsen und besser werden, damit unsere Kund:innen \u2013 also Sie \u2013 sich stets auf Top-Qualit\u00e4t verlassen k\u00f6nnen.","text_img_element_image_element_image_element_image_element_image":null,"text_img_element_video_element_video_element_video_element_video":null,"text_img_element_video_element_video_element_video_element_autoplay":false,"text_img_element_video_element_video_element_video_element_frame_notebook":false,"text_img_element_collage_element":1682},{"acf_fc_layout":"two_cols","tabs_element_item_name":"Produktesicherheit","two_cols_flex_content_col_one":[{"acf_fc_layout":"text_element","text_element_":null,"text_element_text_element_titel":"","text_element_text_element_titel_typ":"3","text_element_text_element_titel_size":false,"text_element_text_element_titel_fake":false,"text_element_text_element_content":"Bei der Produktsicherheit k\u00f6nnen Sie auf h\u00f6chste Standards z\u00e4hlen. Wir achten penibel darauf, dass unsere Produkte alle gesetzlichen Anforderungen und Schweizer Sicherheitsstandards erf\u00fcllen. Mit gezielten Tests in akkreditierten Pr\u00fcflaboren stellen wir sicher, dass beispielsweise Kinderspielzeuge nach der Norm EN-71-1 bis 3 entsprechen, generell keine verbotenen Chemikalien beim F\u00e4rben von textilen Stoffen eingesetzt werden und Sonnenbrillen, Geh\u00f6rschutzst\u00f6psel sowie Backhandschuhe gem\u00e4ss den ISO Normen der PSA (pers\u00f6nliche Schutzausr\u00fcstung) gepr\u00fcft und gekennzeichnet sind.\r\n\r\n<a class=\"btn-primary-large\" href=\"https:\/\/bbtrading.ch\/cms\/ueber-uns\/kontakt\/\">Beraten lassen<\/a>"}],"two_cols_flex_content_col_two":[{"acf_fc_layout":"slider_element","slider_element_slider_element_images":[2029,2032,2035]}]},{"acf_fc_layout":"text_img_element","tabs_element_item_name":"Produktvorschl\u00e4ge","text_img_element_":null,"text_img_element_text_element_titel":"","text_img_element_text_element_titel_typ":"3","text_img_element_text_element_titel_size":false,"text_img_element_text_element_titel_fake":false,"text_img_element_text_element_content":"Wir machen Ihnen gerne Produktvorschl\u00e4ge, wenn Sie welche brauchen. Fragen Sie uns jederzeit nach Ideen, Infos, Inspiration oder Erfahrungswerten. Ob f\u00fcr Weihnachten, die Messe, die Firmenfeier oder andere Events: Wir liefern Ihnen eine kreative Auswahl an Giveaways, die auch zu Ihrem Budget passen.\r\n\r\n<a class=\"btn-primary-large\" href=\"https:\/\/bbtrading.ch\/cms\/ueber-uns\/kontakt\/\">Ich will mehr wissen<\/a>","text_img_element_image_element_image_element_image_element_image":null,"text_img_element_video_element_video_element_video_element_video":null,"text_img_element_video_element_video_element_video_element_autoplay":false,"text_img_element_video_element_video_element_video_element_frame_notebook":false,"text_img_element_collage_element":5458},{"acf_fc_layout":"text_img_element","tabs_element_item_name":"Grafikvorschl\u00e4ge","text_img_element_":null,"text_img_element_text_element_titel":"","text_img_element_text_element_titel_typ":"3","text_img_element_text_element_titel_size":false,"text_img_element_text_element_titel_fake":false,"text_img_element_text_element_content":"Mit unseren Grafikvorschl\u00e4gen supporten wir Sie gerne bei der Gestaltung Ihres Produktes. Unsere Pros setzen Ihre Vorstellungen stilsicher um. Und es spielt auch keine Rolle, ob Sie schon eine konkrete Idee haben oder nicht. Mit unserem Grafik-Know-how wird es am Ende garantiert gut aussehen.\r\n\r\n<a class=\"btn-primary-large\" href=\"https:\/\/bbtrading.ch\/cms\/ueber-uns\/kontakt\/\">Jetzt kontaktieren<\/a>","text_img_element_image_element_image_element_image_element_image":null,"text_img_element_video_element_video_element_video_element_video":null,"text_img_element_video_element_video_element_video_element_autoplay":false,"text_img_element_video_element_video_element_video_element_frame_notebook":false,"text_img_element_collage_element":5472},{"acf_fc_layout":"text_img_element","tabs_element_item_name":"Konfektionierung","text_img_element_":null,"text_img_element_text_element_titel":"","text_img_element_text_element_titel_typ":"3","text_img_element_text_element_titel_size":false,"text_img_element_text_element_titel_fake":false,"text_img_element_text_element_content":"Bei der Konfektionierung gilt bei uns der Perfect Fit. Und zwar bis ins kleinste Detail. Aufteilen, Etikettieren, das Ver- und Umverpacken von Werbeartikeln \u2013 unsere Leistung umfasst das gesamte Spektrum. Dazu geh\u00f6ren auch die Option des Einzelversand und des indivduellen Zusammenstellens Ihrer bestellten Sets. Freuen Sie sich auf Werbung, die nicht nur toll aussieht, sondern auch funktional richtig gut ankommt.","text_img_element_image_element_image_element_image_element_image":null,"text_img_element_video_element_video_element_video_element_video":null,"text_img_element_video_element_video_element_video_element_autoplay":false,"text_img_element_video_element_video_element_video_element_frame_notebook":false,"text_img_element_collage_element":5535}]},{"acf_fc_layout":"slider_text_two_element","slider_text_two_element_items":[{"acf_fc_layout":"text_img_element","text_img_element_":null,"text_img_element_text_element_titel":"Nat\u00fcrlich: Nachhaltig produziert.","text_img_element_text_element_titel_typ":"2","text_img_element_text_element_titel_size":"2-big","text_img_element_text_element_titel_fake":false,"text_img_element_text_element_content":"Setzen Sie ein Zeichen f\u00fcr eine bessere Welt: Wir haben eine grosse Auswahl an nachhaltigen Werbeartikeln, die der Umwelt, dem Klima und der Gemeinschaft zugute kommen. Und das ist nicht alles: Mit uns haben Sie einen Partner an Ihrer Seite, der f\u00fcr sein vorbildliches Umweltmanagement mit der weltweit anerkannten ISO-Norm zertifiziert wurde.\r\n\r\n<a class=\"btn-secondary-a\" href=\"https:\/\/bbtrading.ch\/cms\/nachhaltigkeit\/#konzept\">Zum Nachhaltigkeitskonzept<\/a>","text_img_element_image_element_image_element_image_element_image":983,"text_img_element_image_element_image_element_image_element_lightbox":false}],"slider_text_two_element_margin_bottom":"custom-3"},{"acf_fc_layout":"slider_text_img_three_element","slider_text_img_three_element_items_reference_objects":null,"slider_text_img_three_element_items_reference_categories":[30],"slider_text_img_three_element_items":[{"acf_fc_layout":"text_img_element","text_img_element_":null,"text_img_element_text_element_titel":"blessed: Starbucks feiert in unseren Poloshirts.","text_img_element_text_element_titel_typ":"2","text_img_element_text_element_titel_size":false,"text_img_element_text_element_titel_fake":false,"text_img_element_text_element_content":"<a class=\"btn-secondary-extra-large\" href=\"https:\/\/bbtrading.ch\/cms\/referenzen\/\">Referenzen ansehen<\/a>","text_img_element_image_element_image_element_image_element_image":594,"text_img_element_image_element_image_element_image_element_lightbox":false,"text_img_element_video_element_video_element_video_element_video":null,"text_img_element_video_element_video_element_video_element_autoplay":false,"text_img_element_video_element_video_element_video_element_frame_notebook":false},{"acf_fc_layout":"text_img_element","text_img_element_":null,"text_img_element_text_element_titel":"blessed: Starbucks feiert in unseren Poloshirts.","text_img_element_text_element_titel_typ":"2","text_img_element_text_element_titel_size":false,"text_img_element_text_element_titel_fake":false,"text_img_element_text_element_content":"<a class=\"btn-secondary-extra-large\" href=\"https:\/\/bbtrading.ch\/cms\/referenzen\/\">Referenzen ansehen<\/a>","text_img_element_image_element_image_element_image_element_image":597,"text_img_element_image_element_image_element_image_element_lightbox":false,"text_img_element_video_element_video_element_video_element_video":null,"text_img_element_video_element_video_element_video_element_autoplay":false,"text_img_element_video_element_video_element_video_element_frame_notebook":false}]},{"acf_fc_layout":"ma_slider_element","text_element_override_text_element_titel":"","text_element_override_text_element_titel_typ":"2","text_element_override_text_element_titel_size":false,"text_element_override_text_element_titel_fake":false,"text_element_override_text_element_content":"Inspiriert? Melden Sie sich mit Ihrer Idee f\u00fcr eine Sonderanfertigung. Sie muss auch noch nicht ausgereift sein. Wir sind gespannt und unterst\u00fctzen Sie mit Planung, Kosten und mit allem, was Sonderideen noch so brauchen.\r\n\r\n<a class=\"btn-primary-large\" href=\"https:\/\/bbtrading.ch\/cms\/ueber-uns\/kontakt\/\">Jetzt kontaktieren<\/a>"}]},"yoast_head":"<!-- This site is optimized with the Yoast SEO plugin v27.4 - https:\/\/yoast.com\/product\/yoast-seo-wordpress\/ -->\n<title>Sonderanfertigungen Werbeartikel | bb trading<\/title>\n<meta name=\"description\" content=\"Unm\u00f6glich? Gibt\u2019s nicht! F\u00fcr Ihre Sonderw\u00fcnsche setzen wir alles in Bewegung und kreieren Werbeartikel, die genau zu Ihrer Marke passen.\" \/>\n<meta name=\"robots\" content=\"index, follow, max-snippet:-1, max-image-preview:large, max-video-preview:-1\" \/>\n<link rel=\"canonical\" href=\"https:\/\/bbtrading.ch\/cms\/services\/sonderanfertigungen\/\" \/>\n<meta property=\"og:locale\" content=\"de_DE\" \/>\n<meta property=\"og:type\" content=\"article\" \/>\n<meta property=\"og:title\" content=\"Sonderanfertigungen Werbeartikel | bb trading\" \/>\n<meta property=\"og:description\" content=\"Unm\u00f6glich? Gibt\u2019s nicht! F\u00fcr Ihre Sonderw\u00fcnsche setzen wir alles in Bewegung und kreieren Werbeartikel, die genau zu Ihrer Marke passen.\" \/>\n<meta property=\"og:url\" content=\"https:\/\/bbtrading.ch\/cms\/services\/sonderanfertigungen\/\" \/>\n<meta property=\"og:site_name\" content=\"bb trading\" \/>\n<meta property=\"article:modified_time\" content=\"2026-03-13T09:26:13+00:00\" \/>\n<meta property=\"og:image\" content=\"https:\/\/bbtrading.ch\/cms\/wp-content\/uploads\/2025\/02\/bbtrading-og-image.png\" \/>\n\t<meta property=\"og:image:width\" content=\"1200\" \/>\n\t<meta property=\"og:image:height\" content=\"630\" \/>\n\t<meta property=\"og:image:type\" content=\"image\/png\" \/>\n<meta name=\"twitter:card\" content=\"summary_large_image\" \/>\n<meta name=\"twitter:label1\" content=\"Gesch\u00e4tzte Lesezeit\" \/>\n\t<meta name=\"twitter:data1\" content=\"8\u00a0Minuten\" \/>\n<script type=\"application\/ld+json\" class=\"yoast-schema-graph\">{\"@context\":\"https:\\\/\\\/schema.org\",\"@graph\":[{\"@type\":\"WebPage\",\"@id\":\"https:\\\/\\\/bbtrading.ch\\\/cms\\\/services\\\/sonderanfertigungen\\\/\",\"url\":\"https:\\\/\\\/bbtrading.ch\\\/cms\\\/services\\\/sonderanfertigungen\\\/\",\"name\":\"Sonderanfertigungen Werbeartikel | bb trading\",\"isPartOf\":{\"@id\":\"https:\\\/\\\/bbtrading.ch\\\/cms\\\/#website\"},\"datePublished\":\"2024-01-23T13:00:27+00:00\",\"dateModified\":\"2026-03-13T09:26:13+00:00\",\"description\":\"Unm\u00f6glich? Gibt\u2019s nicht! F\u00fcr Ihre Sonderw\u00fcnsche setzen wir alles in Bewegung und kreieren Werbeartikel, die genau zu Ihrer Marke passen.\",\"breadcrumb\":{\"@id\":\"https:\\\/\\\/bbtrading.ch\\\/cms\\\/services\\\/sonderanfertigungen\\\/#breadcrumb\"},\"inLanguage\":\"de-CH\",\"potentialAction\":[{\"@type\":\"ReadAction\",\"target\":[\"https:\\\/\\\/bbtrading.ch\\\/cms\\\/services\\\/sonderanfertigungen\\\/\"]}]},{\"@type\":\"BreadcrumbList\",\"@id\":\"https:\\\/\\\/bbtrading.ch\\\/cms\\\/services\\\/sonderanfertigungen\\\/#breadcrumb\",\"itemListElement\":[{\"@type\":\"ListItem\",\"position\":1,\"name\":\"Home\",\"item\":\"https:\\\/\\\/bbtrading.ch\\\/cms\\\/\"},{\"@type\":\"ListItem\",\"position\":2,\"name\":\"Services\",\"item\":\"https:\\\/\\\/bbtrading.ch\\\/cms\\\/services\\\/\"},{\"@type\":\"ListItem\",\"position\":3,\"name\":\"Sonderanfertigungen\"}]},{\"@type\":\"WebSite\",\"@id\":\"https:\\\/\\\/bbtrading.ch\\\/cms\\\/#website\",\"url\":\"https:\\\/\\\/bbtrading.ch\\\/cms\\\/\",\"name\":\"bb trading\",\"description\":\"\",\"publisher\":{\"@id\":\"https:\\\/\\\/bbtrading.ch\\\/cms\\\/#organization\"},\"potentialAction\":[{\"@type\":\"SearchAction\",\"target\":{\"@type\":\"EntryPoint\",\"urlTemplate\":\"https:\\\/\\\/bbtrading.ch\\\/cms\\\/?s={search_term_string}\"},\"query-input\":{\"@type\":\"PropertyValueSpecification\",\"valueRequired\":true,\"valueName\":\"search_term_string\"}}],\"inLanguage\":\"de-CH\"},{\"@type\":\"Organization\",\"@id\":\"https:\\\/\\\/bbtrading.ch\\\/cms\\\/#organization\",\"name\":\"bb trading werbeartikel AG\",\"alternateName\":\"bb trading\",\"url\":\"https:\\\/\\\/bbtrading.ch\\\/cms\\\/\",\"logo\":{\"@type\":\"ImageObject\",\"inLanguage\":\"de-CH\",\"@id\":\"https:\\\/\\\/bbtrading.ch\\\/cms\\\/#\\\/schema\\\/logo\\\/image\\\/\",\"url\":\"https:\\\/\\\/bbtrading.ch\\\/cms\\\/wp-content\\\/uploads\\\/2025\\\/02\\\/bbtrading-organisations-logo.png\",\"contentUrl\":\"https:\\\/\\\/bbtrading.ch\\\/cms\\\/wp-content\\\/uploads\\\/2025\\\/02\\\/bbtrading-organisations-logo.png\",\"width\":696,\"height\":696,\"caption\":\"bb trading werbeartikel AG\"},\"image\":{\"@id\":\"https:\\\/\\\/bbtrading.ch\\\/cms\\\/#\\\/schema\\\/logo\\\/image\\\/\"}}]}<\/script>\n<!-- \/ Yoast SEO plugin. -->","yoast_head_json":{"title":"Sonderanfertigungen Werbeartikel | bb trading","description":"Unm\u00f6glich? Gibt\u2019s nicht! F\u00fcr Ihre Sonderw\u00fcnsche setzen wir alles in Bewegung und kreieren Werbeartikel, die genau zu Ihrer Marke passen.","robots":{"index":"index","follow":"follow","max-snippet":"max-snippet:-1","max-image-preview":"max-image-preview:large","max-video-preview":"max-video-preview:-1"},"canonical":"https:\/\/bbtrading.ch\/cms\/services\/sonderanfertigungen\/","og_locale":"de_DE","og_type":"article","og_title":"Sonderanfertigungen Werbeartikel | bb trading","og_description":"Unm\u00f6glich? Gibt\u2019s nicht! F\u00fcr Ihre Sonderw\u00fcnsche setzen wir alles in Bewegung und kreieren Werbeartikel, die genau zu Ihrer Marke passen.","og_url":"https:\/\/bbtrading.ch\/cms\/services\/sonderanfertigungen\/","og_site_name":"bb trading","article_modified_time":"2026-03-13T09:26:13+00:00","og_image":[{"width":1200,"height":630,"url":"https:\/\/bbtrading.ch\/cms\/wp-content\/uploads\/2025\/02\/bbtrading-og-image.png","type":"image\/png"}],"twitter_card":"summary_large_image","twitter_misc":{"Gesch\u00e4tzte Lesezeit":"8\u00a0Minuten"},"schema":{"@context":"https:\/\/schema.org","@graph":[{"@type":"WebPage","@id":"https:\/\/bbtrading.ch\/cms\/services\/sonderanfertigungen\/","url":"https:\/\/bbtrading.ch\/cms\/services\/sonderanfertigungen\/","name":"Sonderanfertigungen Werbeartikel | bb trading","isPartOf":{"@id":"https:\/\/bbtrading.ch\/cms\/#website"},"datePublished":"2024-01-23T13:00:27+00:00","dateModified":"2026-03-13T09:26:13+00:00","description":"Unm\u00f6glich? Gibt\u2019s nicht! F\u00fcr Ihre Sonderw\u00fcnsche setzen wir alles in Bewegung und kreieren Werbeartikel, die genau zu Ihrer Marke passen.","breadcrumb":{"@id":"https:\/\/bbtrading.ch\/cms\/services\/sonderanfertigungen\/#breadcrumb"},"inLanguage":"de-CH","potentialAction":[{"@type":"ReadAction","target":["https:\/\/bbtrading.ch\/cms\/services\/sonderanfertigungen\/"]}]},{"@type":"BreadcrumbList","@id":"https:\/\/bbtrading.ch\/cms\/services\/sonderanfertigungen\/#breadcrumb","itemListElement":[{"@type":"ListItem","position":1,"name":"Home","item":"https:\/\/bbtrading.ch\/cms\/"},{"@type":"ListItem","position":2,"name":"Services","item":"https:\/\/bbtrading.ch\/cms\/services\/"},{"@type":"ListItem","position":3,"name":"Sonderanfertigungen"}]},{"@type":"WebSite","@id":"https:\/\/bbtrading.ch\/cms\/#website","url":"https:\/\/bbtrading.ch\/cms\/","name":"bb trading","description":"","publisher":{"@id":"https:\/\/bbtrading.ch\/cms\/#organization"},"potentialAction":[{"@type":"SearchAction","target":{"@type":"EntryPoint","urlTemplate":"https:\/\/bbtrading.ch\/cms\/?s={search_term_string}"},"query-input":{"@type":"PropertyValueSpecification","valueRequired":true,"valueName":"search_term_string"}}],"inLanguage":"de-CH"},{"@type":"Organization","@id":"https:\/\/bbtrading.ch\/cms\/#organization","name":"bb trading werbeartikel AG","alternateName":"bb trading","url":"https:\/\/bbtrading.ch\/cms\/","logo":{"@type":"ImageObject","inLanguage":"de-CH","@id":"https:\/\/bbtrading.ch\/cms\/#\/schema\/logo\/image\/","url":"https:\/\/bbtrading.ch\/cms\/wp-content\/uploads\/2025\/02\/bbtrading-organisations-logo.png","contentUrl":"https:\/\/bbtrading.ch\/cms\/wp-content\/uploads\/2025\/02\/bbtrading-organisations-logo.png","width":696,"height":696,"caption":"bb trading werbeartikel AG"},"image":{"@id":"https:\/\/bbtrading.ch\/cms\/#\/schema\/logo\/image\/"}}]}},"_links":{"self":[{"href":"https:\/\/bbtrading.ch\/cms\/wp-json\/wp\/v2\/pages\/1209","targetHints":{"allow":["GET"]}}],"collection":[{"href":"https:\/\/bbtrading.ch\/cms\/wp-json\/wp\/v2\/pages"}],"about":[{"href":"https:\/\/bbtrading.ch\/cms\/wp-json\/wp\/v2\/types\/page"}],"author":[{"embeddable":true,"href":"https:\/\/bbtrading.ch\/cms\/wp-json\/wp\/v2\/users\/1"}],"replies":[{"embeddable":true,"href":"https:\/\/bbtrading.ch\/cms\/wp-json\/wp\/v2\/comments?post=1209"}],"version-history":[{"count":28,"href":"https:\/\/bbtrading.ch\/cms\/wp-json\/wp\/v2\/pages\/1209\/revisions"}],"predecessor-version":[{"id":15622,"href":"https:\/\/bbtrading.ch\/cms\/wp-json\/wp\/v2\/pages\/1209\/revisions\/15622"}],"up":[{"embeddable":true,"href":"https:\/\/bbtrading.ch\/cms\/wp-json\/wp\/v2\/pages\/1208"}],"wp:attachment":[{"href":"https:\/\/bbtrading.ch\/cms\/wp-json\/wp\/v2\/media?parent=1209"}],"curies":[{"name":"wp","href":"https:\/\/api.w.org\/{rel}","templated":true}]}}