{"id":1807,"date":"2019-10-01T15:51:55","date_gmt":"2019-10-01T13:51:55","guid":{"rendered":"https:\/\/bbtrading.dev6\/cms\/a-propos-de-nous\/kontakt\/"},"modified":"2025-05-09T14:22:07","modified_gmt":"2025-05-09T12:22:07","slug":"contact","status":"publish","type":"page","link":"https:\/\/bbtrading.ch\/cms\/fr\/a-propos-de-nous\/contact\/","title":{"rendered":"Contact"},"content":{"rendered":"","protected":false},"excerpt":{"rendered":"","protected":false},"author":1,"featured_media":0,"parent":1795,"menu_order":4,"comment_status":"closed","ping_status":"closed","template":"","meta":{"_acf_changed":false,"inline_featured_image":false,"footnotes":""},"class_list":["post-1807","page","type-page","status-publish","hentry"],"acf":{"inhaltselemente":[{"acf_fc_layout":"two_cols","two_cols_flex_content_col_one":[{"acf_fc_layout":"text_element","text_element_":null,"text_element_text_element_titel":"Contactez-nous.","text_element_text_element_titel_typ":"2","text_element_text_element_titel_size":"2-big","text_element_text_element_titel_fake":false,"text_element_text_element_content":"<p class=\"p1\">Nous nous r\u00e9jouissons de vous entendre, de vous lire \u2013 ou passez simplement nous voir !<\/p>\r\n&nbsp;\r\n<table style=\"border-collapse: collapse; width: 100%;\">\r\n<tbody>\r\n<tr>\r\n<td style=\"width: 50%; vertical-align: top;\"><strong>bb trading werbeartikel AG\u2028<\/strong>\r\n<strong>Bernstrasse 90<\/strong>\r\n<strong>CH-8953 Dietikon\r\n<\/strong><strong>+41 44 745 69 69<\/strong>\r\n<strong><a href=\"mailto:info@bbtrading.ch\">info@bbtrading.ch<\/a><\/strong><\/td>\r\n<td style=\"width: 50%; vertical-align: top;\"><strong>Heures d'ouverture<\/strong>\r\nLundi au vendredi\r\n8 \u2013 12 h | 13 \u2013 17:30 h<\/td>\r\n<\/tr>\r\n<\/tbody>\r\n<\/table>","text_element_text_element_layout":"default"}],"two_cols_flex_content_col_two":[{"acf_fc_layout":"shortcode","shortcode_content_shortcode_content":"[ninja_form id=2]"}],"two_cols_bgcolor":false,"two_cols_spaltenbreite":"default","two_cols_versatz":false,"two_cols_versatz_type":"default","two_cols_padding_top":"custom-0","two_cols_padding_bottom":"custom-1","two_cols_margin_top":"custom-0","two_cols_margin_bottom":"custom-0"},{"acf_fc_layout":"google_map_element"},{"acf_fc_layout":"text_element","text_element_titel":"Th\u00e8mes de support.","text_element_titel_typ":"2","text_element_titel_size":"3-bold","text_element_titel_fake":false,"text_element_content":"Vous trouverez \u00e9galement des r\u00e9ponses \u00e0 vos questions dans notre ...\r\n\r\n<a class=\"btn-primary-large\" href=\"https:\/\/bbtrading.ch\/cms\/fr\/centre-daide-faq\/\">Centre d'aide<\/a>","text_element_layout":"centered","text_element_bgcolor":"blue-50","text_element_margin_bottom":"custom-0"},{"acf_fc_layout":"newsletter_offline_inspiration_element","newsletter_offline_inspiration_element_newsletter_title":"big time:\r\ninspiration.","newsletter_offline_inspiration_element_newsletter_text":"Bonne nouvelle: une newsletter truff\u00e9e d\u2019astuces et de tendances, de cadeaux clients, de cadeaux promotionnels et plus encore.","newsletter_offline_inspiration_element_offline_title":"Hors ligne:\r\nid\u00e9es de produits.","newsletter_offline_inspiration_element_offline_text":"<p class=\"p1\">\u00c9l\u00e9gance, cr\u00e9ativit\u00e9 ou ultra-durabilit\u00e9: parcourez notre large gamme de produits dans nos catalogues, disponibles sur le ...<\/p>\r\n<a class=\"btn-secondary-large\" href=\"\/fr\/catalogues\/\">centre de t\u00e9l\u00e9chargement<\/a>"}]},"yoast_head":"<!-- This site is optimized with the Yoast SEO plugin v27.4 - https:\/\/yoast.com\/product\/yoast-seo-wordpress\/ -->\n<title>Contact | bb trading<\/title>\n<meta name=\"description\" content=\"Contactez-nous : bb trading werbeartikel AG\u2028, Bernstrasse 90, CH-8953 Dietikon, +41 44 745 69 69, info@bbtrading.ch\" \/>\n<meta name=\"robots\" content=\"index, follow, max-snippet:-1, max-image-preview:large, max-video-preview:-1\" \/>\n<link rel=\"canonical\" href=\"https:\/\/bbtrading.ch\/cms\/fr\/a-propos-de-nous\/contact\/\" \/>\n<meta property=\"og:locale\" content=\"fr_FR\" \/>\n<meta property=\"og:type\" content=\"article\" \/>\n<meta property=\"og:title\" content=\"Contact | bb trading\" \/>\n<meta property=\"og:description\" content=\"Contactez-nous : bb trading werbeartikel AG\u2028, Bernstrasse 90, CH-8953 Dietikon, +41 44 745 69 69, info@bbtrading.ch\" \/>\n<meta property=\"og:url\" content=\"https:\/\/bbtrading.ch\/cms\/fr\/a-propos-de-nous\/contact\/\" \/>\n<meta property=\"og:site_name\" content=\"bb trading\" \/>\n<meta property=\"article:modified_time\" content=\"2025-05-09T12:22:07+00:00\" \/>\n<meta property=\"og:image\" content=\"https:\/\/bbtrading.ch\/cms\/wp-content\/uploads\/2025\/02\/bbtrading-og-image.png\" \/>\n\t<meta property=\"og:image:width\" content=\"1200\" \/>\n\t<meta property=\"og:image:height\" content=\"630\" \/>\n\t<meta property=\"og:image:type\" content=\"image\/png\" \/>\n<meta name=\"twitter:card\" content=\"summary_large_image\" \/>\n<meta name=\"twitter:label1\" content=\"Dur\u00e9e de lecture estim\u00e9e\" \/>\n\t<meta name=\"twitter:data1\" content=\"1 minute\" \/>\n<script type=\"application\/ld+json\" class=\"yoast-schema-graph\">{\"@context\":\"https:\\\/\\\/schema.org\",\"@graph\":[{\"@type\":\"WebPage\",\"@id\":\"https:\\\/\\\/bbtrading.ch\\\/cms\\\/fr\\\/a-propos-de-nous\\\/contact\\\/\",\"url\":\"https:\\\/\\\/bbtrading.ch\\\/cms\\\/fr\\\/a-propos-de-nous\\\/contact\\\/\",\"name\":\"Contact | bb trading\",\"isPartOf\":{\"@id\":\"https:\\\/\\\/bbtrading.ch\\\/cms\\\/fr\\\/#website\"},\"datePublished\":\"2019-10-01T13:51:55+00:00\",\"dateModified\":\"2025-05-09T12:22:07+00:00\",\"description\":\"Contactez-nous : bb trading werbeartikel AG\\u2028, Bernstrasse 90, CH-8953 Dietikon, +41 44 745 69 69, info@bbtrading.ch\",\"breadcrumb\":{\"@id\":\"https:\\\/\\\/bbtrading.ch\\\/cms\\\/fr\\\/a-propos-de-nous\\\/contact\\\/#breadcrumb\"},\"inLanguage\":\"fr-FR\",\"potentialAction\":[{\"@type\":\"ReadAction\",\"target\":[\"https:\\\/\\\/bbtrading.ch\\\/cms\\\/fr\\\/a-propos-de-nous\\\/contact\\\/\"]}]},{\"@type\":\"BreadcrumbList\",\"@id\":\"https:\\\/\\\/bbtrading.ch\\\/cms\\\/fr\\\/a-propos-de-nous\\\/contact\\\/#breadcrumb\",\"itemListElement\":[{\"@type\":\"ListItem\",\"position\":1,\"name\":\"Home\",\"item\":\"https:\\\/\\\/bbtrading.ch\\\/cms\\\/fr\\\/\"},{\"@type\":\"ListItem\",\"position\":2,\"name\":\"\u00c0 propos de nous\",\"item\":\"https:\\\/\\\/bbtrading.ch\\\/cms\\\/fr\\\/a-propos-de-nous\\\/\"},{\"@type\":\"ListItem\",\"position\":3,\"name\":\"Contact\"}]},{\"@type\":\"WebSite\",\"@id\":\"https:\\\/\\\/bbtrading.ch\\\/cms\\\/fr\\\/#website\",\"url\":\"https:\\\/\\\/bbtrading.ch\\\/cms\\\/fr\\\/\",\"name\":\"bb trading\",\"description\":\"\",\"publisher\":{\"@id\":\"https:\\\/\\\/bbtrading.ch\\\/cms\\\/fr\\\/#organization\"},\"potentialAction\":[{\"@type\":\"SearchAction\",\"target\":{\"@type\":\"EntryPoint\",\"urlTemplate\":\"https:\\\/\\\/bbtrading.ch\\\/cms\\\/fr\\\/?s={search_term_string}\"},\"query-input\":{\"@type\":\"PropertyValueSpecification\",\"valueRequired\":true,\"valueName\":\"search_term_string\"}}],\"inLanguage\":\"fr-FR\"},{\"@type\":\"Organization\",\"@id\":\"https:\\\/\\\/bbtrading.ch\\\/cms\\\/fr\\\/#organization\",\"name\":\"bb trading werbeartikel AG\",\"alternateName\":\"bb trading\",\"url\":\"https:\\\/\\\/bbtrading.ch\\\/cms\\\/fr\\\/\",\"logo\":{\"@type\":\"ImageObject\",\"inLanguage\":\"fr-FR\",\"@id\":\"https:\\\/\\\/bbtrading.ch\\\/cms\\\/fr\\\/#\\\/schema\\\/logo\\\/image\\\/\",\"url\":\"https:\\\/\\\/bbtrading.ch\\\/cms\\\/wp-content\\\/uploads\\\/2025\\\/02\\\/bbtrading-organisations-logo.png\",\"contentUrl\":\"https:\\\/\\\/bbtrading.ch\\\/cms\\\/wp-content\\\/uploads\\\/2025\\\/02\\\/bbtrading-organisations-logo.png\",\"width\":696,\"height\":696,\"caption\":\"bb trading werbeartikel AG\"},\"image\":{\"@id\":\"https:\\\/\\\/bbtrading.ch\\\/cms\\\/fr\\\/#\\\/schema\\\/logo\\\/image\\\/\"}}]}<\/script>\n<!-- \/ Yoast SEO plugin. -->","yoast_head_json":{"title":"Contact | bb trading","description":"Contactez-nous : bb trading werbeartikel AG\u2028, Bernstrasse 90, CH-8953 Dietikon, +41 44 745 69 69, info@bbtrading.ch","robots":{"index":"index","follow":"follow","max-snippet":"max-snippet:-1","max-image-preview":"max-image-preview:large","max-video-preview":"max-video-preview:-1"},"canonical":"https:\/\/bbtrading.ch\/cms\/fr\/a-propos-de-nous\/contact\/","og_locale":"fr_FR","og_type":"article","og_title":"Contact | bb trading","og_description":"Contactez-nous : bb trading werbeartikel AG\u2028, Bernstrasse 90, CH-8953 Dietikon, +41 44 745 69 69, info@bbtrading.ch","og_url":"https:\/\/bbtrading.ch\/cms\/fr\/a-propos-de-nous\/contact\/","og_site_name":"bb trading","article_modified_time":"2025-05-09T12:22:07+00:00","og_image":[{"width":1200,"height":630,"url":"https:\/\/bbtrading.ch\/cms\/wp-content\/uploads\/2025\/02\/bbtrading-og-image.png","type":"image\/png"}],"twitter_card":"summary_large_image","twitter_misc":{"Dur\u00e9e de lecture estim\u00e9e":"1 minute"},"schema":{"@context":"https:\/\/schema.org","@graph":[{"@type":"WebPage","@id":"https:\/\/bbtrading.ch\/cms\/fr\/a-propos-de-nous\/contact\/","url":"https:\/\/bbtrading.ch\/cms\/fr\/a-propos-de-nous\/contact\/","name":"Contact | bb trading","isPartOf":{"@id":"https:\/\/bbtrading.ch\/cms\/fr\/#website"},"datePublished":"2019-10-01T13:51:55+00:00","dateModified":"2025-05-09T12:22:07+00:00","description":"Contactez-nous : bb trading werbeartikel AG\u2028, Bernstrasse 90, CH-8953 Dietikon, +41 44 745 69 69, info@bbtrading.ch","breadcrumb":{"@id":"https:\/\/bbtrading.ch\/cms\/fr\/a-propos-de-nous\/contact\/#breadcrumb"},"inLanguage":"fr-FR","potentialAction":[{"@type":"ReadAction","target":["https:\/\/bbtrading.ch\/cms\/fr\/a-propos-de-nous\/contact\/"]}]},{"@type":"BreadcrumbList","@id":"https:\/\/bbtrading.ch\/cms\/fr\/a-propos-de-nous\/contact\/#breadcrumb","itemListElement":[{"@type":"ListItem","position":1,"name":"Home","item":"https:\/\/bbtrading.ch\/cms\/fr\/"},{"@type":"ListItem","position":2,"name":"\u00c0 propos de nous","item":"https:\/\/bbtrading.ch\/cms\/fr\/a-propos-de-nous\/"},{"@type":"ListItem","position":3,"name":"Contact"}]},{"@type":"WebSite","@id":"https:\/\/bbtrading.ch\/cms\/fr\/#website","url":"https:\/\/bbtrading.ch\/cms\/fr\/","name":"bb trading","description":"","publisher":{"@id":"https:\/\/bbtrading.ch\/cms\/fr\/#organization"},"potentialAction":[{"@type":"SearchAction","target":{"@type":"EntryPoint","urlTemplate":"https:\/\/bbtrading.ch\/cms\/fr\/?s={search_term_string}"},"query-input":{"@type":"PropertyValueSpecification","valueRequired":true,"valueName":"search_term_string"}}],"inLanguage":"fr-FR"},{"@type":"Organization","@id":"https:\/\/bbtrading.ch\/cms\/fr\/#organization","name":"bb trading werbeartikel AG","alternateName":"bb trading","url":"https:\/\/bbtrading.ch\/cms\/fr\/","logo":{"@type":"ImageObject","inLanguage":"fr-FR","@id":"https:\/\/bbtrading.ch\/cms\/fr\/#\/schema\/logo\/image\/","url":"https:\/\/bbtrading.ch\/cms\/wp-content\/uploads\/2025\/02\/bbtrading-organisations-logo.png","contentUrl":"https:\/\/bbtrading.ch\/cms\/wp-content\/uploads\/2025\/02\/bbtrading-organisations-logo.png","width":696,"height":696,"caption":"bb trading werbeartikel AG"},"image":{"@id":"https:\/\/bbtrading.ch\/cms\/fr\/#\/schema\/logo\/image\/"}}]}},"_links":{"self":[{"href":"https:\/\/bbtrading.ch\/cms\/fr\/wp-json\/wp\/v2\/pages\/1807","targetHints":{"allow":["GET"]}}],"collection":[{"href":"https:\/\/bbtrading.ch\/cms\/fr\/wp-json\/wp\/v2\/pages"}],"about":[{"href":"https:\/\/bbtrading.ch\/cms\/fr\/wp-json\/wp\/v2\/types\/page"}],"author":[{"embeddable":true,"href":"https:\/\/bbtrading.ch\/cms\/fr\/wp-json\/wp\/v2\/users\/1"}],"replies":[{"embeddable":true,"href":"https:\/\/bbtrading.ch\/cms\/fr\/wp-json\/wp\/v2\/comments?post=1807"}],"version-history":[{"count":14,"href":"https:\/\/bbtrading.ch\/cms\/fr\/wp-json\/wp\/v2\/pages\/1807\/revisions"}],"predecessor-version":[{"id":11759,"href":"https:\/\/bbtrading.ch\/cms\/fr\/wp-json\/wp\/v2\/pages\/1807\/revisions\/11759"}],"up":[{"embeddable":true,"href":"https:\/\/bbtrading.ch\/cms\/fr\/wp-json\/wp\/v2\/pages\/1795"}],"wp:attachment":[{"href":"https:\/\/bbtrading.ch\/cms\/fr\/wp-json\/wp\/v2\/media?parent=1807"}],"curies":[{"name":"wp","href":"https:\/\/api.w.org\/{rel}","templated":true}]}}