{"id":1803,"date":"2024-02-09T09:53:36","date_gmt":"2024-02-09T08:53:36","guid":{"rendered":"https:\/\/bbtrading.dev6\/cms\/a-propos-de-nous\/karriere\/"},"modified":"2026-01-13T12:34:30","modified_gmt":"2026-01-13T11:34:30","slug":"carriere","status":"publish","type":"page","link":"https:\/\/bbtrading.ch\/cms\/fr\/a-propos-de-nous\/carriere\/","title":{"rendered":"Carri\u00e8re"},"content":{"rendered":"","protected":false},"excerpt":{"rendered":"","protected":false},"author":1,"featured_media":0,"parent":1795,"menu_order":3,"comment_status":"closed","ping_status":"closed","template":"","meta":{"_acf_changed":false,"inline_featured_image":false,"footnotes":""},"class_list":["post-1803","page","type-page","status-publish","hentry"],"acf":{"inhaltselemente":[{"acf_fc_layout":"header_element","header_element_titel":"Dream big:\r\nOffres d\u2019emploi.","header_element_typ":"1","header_element_size":"2-big","header_element_fake":false,"header_element_margin-bottom":"custom-0"},{"acf_fc_layout":"vacancies_element"},{"acf_fc_layout":"slider_text_img_four_element","slider_text_img_four_element_items":[{"acf_fc_layout":"quote_element","slider_text_img_four_element_items_quote":"Depuis que je travaille chez bb trading, j'ai non seulement rencontr\u00e9 des gens formidables, mais aussi nou\u00e9 de v\u00e9ritables amiti\u00e9s que nous entretenons \u00e9galement en dehors du travail. L'ambiance ici est tr\u00e8s familiale tout en \u00e9tant hautement professionnelle. J'appr\u00e9cie vraiment de travailler sur les t\u00e2ches cr\u00e9atives.","slider_text_img_four_element_items_name":"Aline Schiess","slider_text_img_four_element_items_position_company":"Sales Support\r\nDepuis 2019 chez bb trading","slider_text_img_four_element_items_img":5144},{"acf_fc_layout":"quote_element","slider_text_img_four_element_items_quote":"bb trading m'a marqu\u00e9 pendant six ans avant que je ne gagne d'autres exp\u00e9riences dans une grande entreprise. Aucune culture d'entreprise ne pouvait rivaliser avec l'atmosph\u00e8re de travail de bb trading. Depuis 2019, je suis de nouveau avec ma deuxi\u00e8me famille, travaillant au quotidien pour nos clients.","slider_text_img_four_element_items_name":"Robert Plichta","slider_text_img_four_element_items_position_company":"Senior Key Account Manager\r\nDepuis 2019 (de nouveau) chez bb trading","slider_text_img_four_element_items_img":5147},{"acf_fc_layout":"quote_element","slider_text_img_four_element_items_quote":"Depuis les d\u00e9buts de bb trading, je suis fier d'en faire partie. J'appr\u00e9cie l'autonomie, je me sens tr\u00e8s bien et j'appr\u00e9cie notre super \u00e9quipe. Le t\u00e9l\u00e9travail, la compensation du temps et les horaires flexibles rendent tout parfait.","slider_text_img_four_element_items_name":"Deborah Koch","slider_text_img_four_element_items_position_company":"CO-Head of Accounting\r\nChez bb trading depuis 2001","slider_text_img_four_element_items_img":5141},{"acf_fc_layout":"quote_element","slider_text_img_four_element_items_quote":"bb trading est l'entreprise de formation id\u00e9ale avec une super \u00e9quipe o\u00f9 l'on se sent tout de suite \u00e0 l'aise. L'ambiance agr\u00e9able permet de se d\u00e9velopper chaque jour\u2014c'est ce qui rend la formation ici si particuli\u00e8re.","slider_text_img_four_element_items_name":"Tim Jeker","slider_text_img_four_element_items_position_company":"Young Talent\r\nDepuis 2023 chez bb trading","slider_text_img_four_element_items_img":5150}],"slider_text_Img_four_element_margin_bottom":"custom-3"},{"acf_fc_layout":"text_boxes_element","text_element_text_element_titel":"Les petits\r\nplus.","text_element_text_element_titel_typ":"2","text_element_text_element_titel_size":"3-bold","text_element_text_element_titel_fake":false,"text_element_text_element_content":"Qu\u2019est-ce qui fait un bon emploi, au-del\u00e0 des d\u00e9fis passionnants et d\u2019une \u00e9quipe g\u00e9niale ?","text_boxes_element_boxes":[{"text_boxes_element_boxes_box_title":"Travail","text_boxes_element_boxes_box_text":"<ul>\r\n \t<li>42 heures\/semaine<\/li>\r\n \t<li>Horaires flexibles<\/li>\r\n \t<li>R\u00e9duction du temps de travail avant les jours f\u00e9ri\u00e9s<\/li>\r\n \t<li>Jusqu\u2019\u00e0 5 jours de compensation par an<\/li>\r\n<\/ul>","text_boxes_element_boxes_box_img":null},{"text_boxes_element_boxes_box_title":"R\u00e9mun\u00e9ration","text_boxes_element_boxes_box_text":"<ul>\r\n \t<li>13e mois de salaire<\/li>\r\n \t<li>Commissions pour le personnel commercial<\/li>\r\n \t<li>Pr\u00e9voyance professionnelle suppl\u00e9mentaire<\/li>\r\n<\/ul>","text_boxes_element_boxes_box_img":null},{"text_boxes_element_boxes_box_title":"D\u00e9veloppement","text_boxes_element_boxes_box_text":"<ul>\r\n \t<li>Programme d\u2019int\u00e9gration complet<\/li>\r\n \t<li>Formations internes<\/li>\r\n \t<li>Soutien aux formations continues<\/li>\r\n \t<li>Possibilit\u00e9s de d\u00e9veloppement<\/li>\r\n<\/ul>","text_boxes_element_boxes_box_img":null},{"text_boxes_element_boxes_box_title":"Vacances","text_boxes_element_boxes_box_text":"<ul>\r\n \t<li>5 semaines de vacances par an<\/li>\r\n \t<li>6 semaines de vacances par an \u00e0 partir de 60 ans<\/li>\r\n \t<li>Possibilit\u00e9 d\u2019acheter une semaine de vacances suppl\u00e9mentaire<\/li>\r\n \t<li>Participation \u00e0 un cong\u00e9 sans solde pour le travail jeunesse extrascolaire<\/li>\r\n<\/ul>","text_boxes_element_boxes_box_img":null},{"text_boxes_element_boxes_box_title":"R\u00e9ussir ensemble","text_boxes_element_boxes_box_text":"<ul>\r\n \t<li>Assurance g\u00e9n\u00e9reuse indemnit\u00e9s journali\u00e8res maladie et accident<\/li>\r\n \t<li>Chambre priv\u00e9e \u00e0 l\u2019h\u00f4pital en cas d\u2019accident<\/li>\r\n \t<li>Prise en charge de l\u2019adh\u00e9sion \u00e0 la Fondation parapl\u00e9gique Suisse<\/li>\r\n<\/ul>","text_boxes_element_boxes_box_img":null},{"text_boxes_element_boxes_box_title":"La fid\u00e9lit\u00e9 paie","text_boxes_element_boxes_box_text":"<ul>\r\n \t<li>Visite fournisseurs en Chine apr\u00e8s 5 ans<\/li>\r\n \t<li>Vacances suppl\u00e9mentaires tous les 5 ans:\r\n\u2013 Apr\u00e8s 5 ans de service : 1 semaine\r\n\u2013 Apr\u00e8s 10 ans de service : 4 semaines\r\n\u2013 Apr\u00e8s 25 ans de service : 6 semaines<\/li>\r\n<\/ul>","text_boxes_element_boxes_box_img":null},{"text_boxes_element_boxes_box_title":"Nous aimons les enfants","text_boxes_element_boxes_box_text":"<ul>\r\n \t<li>100% du salaire pendant le cong\u00e9 de maternit\u00e9<\/li>\r\n \t<li>100% du salaire pendant les 10 jours de cong\u00e9 paternit\u00e9<\/li>\r\n<\/ul>","text_boxes_element_boxes_box_img":null},{"text_boxes_element_boxes_box_title":"Let\u2019s party","text_boxes_element_boxes_box_text":"<ul>\r\n \t<li>Cuisine, balcon et barbecue avec vue sur la Limmat<\/li>\r\n \t<li>Lounge avec baby-foot<\/li>\r\n \t<li>Frigo \u00e0 bi\u00e8re dans la cuisine<\/li>\r\n \t<li>\u00c9v\u00e9nements r\u00e9guliers<\/li>\r\n<\/ul>","text_boxes_element_boxes_box_img":null},{"text_boxes_element_boxes_box_title":"Fit@Work","text_boxes_element_boxes_box_text":"<ul>\r\n \t<li>Fruits et boissons gratuits<\/li>\r\n \t<li>Douche, machine \u00e0 laver & s\u00e8che-linge<\/li>\r\n \t<li>Physioth\u00e9rapie sur place<\/li>\r\n \t<li>Conseil ergonomique pour le poste de travail<\/li>\r\n \t<li>Salle de repos<\/li>\r\n<\/ul>","text_boxes_element_boxes_box_img":null},{"text_boxes_element_boxes_box_title":"Bien desservi","text_boxes_element_boxes_box_text":"<ul>\r\n \t<li>Courte distance de la gare de Glanzenberg<\/li>\r\n \t<li>Parkings gratuits pour le personnel<\/li>\r\n \t<li>Arr\u00eat de bus juste devant l\u2019entreprise<\/li>\r\n<\/ul>","text_boxes_element_boxes_box_img":null},{"text_boxes_element_boxes_box_title":"Nice to have","text_boxes_element_boxes_box_text":"<ul>\r\n \t<li>Produits de l\u2019entreprise au prix co\u00fbtant<\/li>\r\n \t<li>Cadeau d'anniversaire<\/li>\r\n<\/ul>","text_boxes_element_boxes_box_img":null}],"text_boxes_element_boxes_bgcolor":"default"},{"acf_fc_layout":"text_img_element","text_element_titel":"Iconique:\r\nNotre culture\r\ndu travail.","text_element_titel_typ":"2","text_element_titel_size":"3-bold","text_element_titel_fake":false,"text_element_content":"Nous voulons accomplir beaucoup ensemble\u202f: offrir des services et des produits exceptionnels, travailler de mani\u00e8re innovante, flexible et moderne, tout en gardant le plaisir et les pieds sur terre. Notre \u00e9quipe jeune et motiv\u00e9e met tout en \u0153uvre pour s\u2019am\u00e9liorer constamment dans tous ces domaines, avec c\u0153ur et intelligence. \u00c7a te parle\u202f?!\r\n\r\n<a class=\"btn-secondary-large\" href=\"https:\/\/bbtrading.ch\/cms\/fr\/a-propos-de-nous\/contact\/\">Nous contacter<\/a>","image_element_image_element_image":null,"video_element_video_element_video":14707,"video_element_video_element_autoplay":true,"video_element_video_element_frame_notebook":false,"collage_element":null,"text_img_element_spaltenbreite":"two-third-one-third-inverted","text_img_element_orientation":"default","text_img_element_bgcolor_img_edge":false,"text_img_element_bgcolor":"white","text_img_element_padding_top":"custom-0","text_img_element_padding_bottom":"custom-0","text_img_element_margin_top":"custom-0","text_img_element_margin_bottom":"custom-3"},{"acf_fc_layout":"text_element","text_element_titel":"<p class=\"p1\"><b>Envie de rejoindre notre \u00e9quipe\u202f?<\/b><\/p>","text_element_titel_typ":"2","text_element_titel_size":"2-big","text_element_titel_fake":false,"text_element_content":"Nous cherchons toujours des personnes enthousiastes, curieuses et pr\u00eates \u00e0 apprendre ou \u00e0 partager leurs connaissances. D\u00e9butant ou pro, dans le conseil, les achats, le management ou tout autre domaine qui t\u2019int\u00e9resse \u2013 nous avons h\u00e2te de te rencontrer\u202f!\r\n\r\n<a class=\"btn-primary-large\" href=\"https:\/\/bbtrading.ch\/cms\/fr\/a-propos-de-nous\/contact\/\">Nous contacter<\/a>","text_element_layout":"centered","text_element_bgcolor":"blue-50","text_element_margin_bottom":"custom-0"}]},"yoast_head":"<!-- This site is optimized with the Yoast SEO plugin v27.3 - https:\/\/yoast.com\/product\/yoast-seo-wordpress\/ -->\n<title>Carri\u00e8re | bb trading<\/title>\n<meta name=\"description\" content=\"Nous toujours recherchons des personnes enthousiastes \u2013 d\u00e9butants ou experts, en conseil, vente, achats, management et plus. Rejoigne-nous!\" \/>\n<meta name=\"robots\" content=\"index, follow, max-snippet:-1, max-image-preview:large, max-video-preview:-1\" \/>\n<link rel=\"canonical\" href=\"https:\/\/bbtrading.ch\/cms\/fr\/a-propos-de-nous\/carriere\/\" \/>\n<meta property=\"og:locale\" content=\"fr_FR\" \/>\n<meta property=\"og:type\" content=\"article\" \/>\n<meta property=\"og:title\" content=\"Carri\u00e8re | bb trading\" \/>\n<meta property=\"og:description\" content=\"Nous toujours recherchons des personnes enthousiastes \u2013 d\u00e9butants ou experts, en conseil, vente, achats, management et plus. Rejoigne-nous!\" \/>\n<meta property=\"og:url\" content=\"https:\/\/bbtrading.ch\/cms\/fr\/a-propos-de-nous\/carriere\/\" \/>\n<meta property=\"og:site_name\" content=\"bb trading\" \/>\n<meta property=\"article:modified_time\" content=\"2026-01-13T11:34:30+00:00\" \/>\n<meta property=\"og:image\" content=\"https:\/\/bbtrading.ch\/cms\/wp-content\/uploads\/2025\/02\/bbtrading-og-image.png\" \/>\n\t<meta property=\"og:image:width\" content=\"1200\" \/>\n\t<meta property=\"og:image:height\" content=\"630\" \/>\n\t<meta property=\"og:image:type\" content=\"image\/png\" \/>\n<meta name=\"twitter:card\" content=\"summary_large_image\" \/>\n<meta name=\"twitter:label1\" content=\"Dur\u00e9e de lecture estim\u00e9e\" \/>\n\t<meta name=\"twitter:data1\" content=\"5 minutes\" \/>\n<script type=\"application\/ld+json\" class=\"yoast-schema-graph\">{\"@context\":\"https:\\\/\\\/schema.org\",\"@graph\":[{\"@type\":\"WebPage\",\"@id\":\"https:\\\/\\\/bbtrading.ch\\\/cms\\\/fr\\\/a-propos-de-nous\\\/carriere\\\/\",\"url\":\"https:\\\/\\\/bbtrading.ch\\\/cms\\\/fr\\\/a-propos-de-nous\\\/carriere\\\/\",\"name\":\"Carri\u00e8re | bb trading\",\"isPartOf\":{\"@id\":\"https:\\\/\\\/bbtrading.ch\\\/cms\\\/fr\\\/#website\"},\"datePublished\":\"2024-02-09T08:53:36+00:00\",\"dateModified\":\"2026-01-13T11:34:30+00:00\",\"description\":\"Nous toujours recherchons des personnes enthousiastes \u2013 d\u00e9butants ou experts, en conseil, vente, achats, management et plus. Rejoigne-nous!\",\"breadcrumb\":{\"@id\":\"https:\\\/\\\/bbtrading.ch\\\/cms\\\/fr\\\/a-propos-de-nous\\\/carriere\\\/#breadcrumb\"},\"inLanguage\":\"fr-FR\",\"potentialAction\":[{\"@type\":\"ReadAction\",\"target\":[\"https:\\\/\\\/bbtrading.ch\\\/cms\\\/fr\\\/a-propos-de-nous\\\/carriere\\\/\"]}]},{\"@type\":\"BreadcrumbList\",\"@id\":\"https:\\\/\\\/bbtrading.ch\\\/cms\\\/fr\\\/a-propos-de-nous\\\/carriere\\\/#breadcrumb\",\"itemListElement\":[{\"@type\":\"ListItem\",\"position\":1,\"name\":\"Home\",\"item\":\"https:\\\/\\\/bbtrading.ch\\\/cms\\\/fr\\\/\"},{\"@type\":\"ListItem\",\"position\":2,\"name\":\"\u00c0 propos de nous\",\"item\":\"https:\\\/\\\/bbtrading.ch\\\/cms\\\/fr\\\/a-propos-de-nous\\\/\"},{\"@type\":\"ListItem\",\"position\":3,\"name\":\"Carri\u00e8re\"}]},{\"@type\":\"WebSite\",\"@id\":\"https:\\\/\\\/bbtrading.ch\\\/cms\\\/fr\\\/#website\",\"url\":\"https:\\\/\\\/bbtrading.ch\\\/cms\\\/fr\\\/\",\"name\":\"bb trading\",\"description\":\"\",\"publisher\":{\"@id\":\"https:\\\/\\\/bbtrading.ch\\\/cms\\\/fr\\\/#organization\"},\"potentialAction\":[{\"@type\":\"SearchAction\",\"target\":{\"@type\":\"EntryPoint\",\"urlTemplate\":\"https:\\\/\\\/bbtrading.ch\\\/cms\\\/fr\\\/?s={search_term_string}\"},\"query-input\":{\"@type\":\"PropertyValueSpecification\",\"valueRequired\":true,\"valueName\":\"search_term_string\"}}],\"inLanguage\":\"fr-FR\"},{\"@type\":\"Organization\",\"@id\":\"https:\\\/\\\/bbtrading.ch\\\/cms\\\/fr\\\/#organization\",\"name\":\"bb trading werbeartikel AG\",\"alternateName\":\"bb trading\",\"url\":\"https:\\\/\\\/bbtrading.ch\\\/cms\\\/fr\\\/\",\"logo\":{\"@type\":\"ImageObject\",\"inLanguage\":\"fr-FR\",\"@id\":\"https:\\\/\\\/bbtrading.ch\\\/cms\\\/fr\\\/#\\\/schema\\\/logo\\\/image\\\/\",\"url\":\"https:\\\/\\\/bbtrading.ch\\\/cms\\\/wp-content\\\/uploads\\\/2025\\\/02\\\/bbtrading-organisations-logo.png\",\"contentUrl\":\"https:\\\/\\\/bbtrading.ch\\\/cms\\\/wp-content\\\/uploads\\\/2025\\\/02\\\/bbtrading-organisations-logo.png\",\"width\":696,\"height\":696,\"caption\":\"bb trading werbeartikel AG\"},\"image\":{\"@id\":\"https:\\\/\\\/bbtrading.ch\\\/cms\\\/fr\\\/#\\\/schema\\\/logo\\\/image\\\/\"}}]}<\/script>\n<!-- \/ Yoast SEO plugin. -->","yoast_head_json":{"title":"Carri\u00e8re | bb trading","description":"Nous toujours recherchons des personnes enthousiastes \u2013 d\u00e9butants ou experts, en conseil, vente, achats, management et plus. Rejoigne-nous!","robots":{"index":"index","follow":"follow","max-snippet":"max-snippet:-1","max-image-preview":"max-image-preview:large","max-video-preview":"max-video-preview:-1"},"canonical":"https:\/\/bbtrading.ch\/cms\/fr\/a-propos-de-nous\/carriere\/","og_locale":"fr_FR","og_type":"article","og_title":"Carri\u00e8re | bb trading","og_description":"Nous toujours recherchons des personnes enthousiastes \u2013 d\u00e9butants ou experts, en conseil, vente, achats, management et plus. Rejoigne-nous!","og_url":"https:\/\/bbtrading.ch\/cms\/fr\/a-propos-de-nous\/carriere\/","og_site_name":"bb trading","article_modified_time":"2026-01-13T11:34:30+00:00","og_image":[{"width":1200,"height":630,"url":"https:\/\/bbtrading.ch\/cms\/wp-content\/uploads\/2025\/02\/bbtrading-og-image.png","type":"image\/png"}],"twitter_card":"summary_large_image","twitter_misc":{"Dur\u00e9e de lecture estim\u00e9e":"5 minutes"},"schema":{"@context":"https:\/\/schema.org","@graph":[{"@type":"WebPage","@id":"https:\/\/bbtrading.ch\/cms\/fr\/a-propos-de-nous\/carriere\/","url":"https:\/\/bbtrading.ch\/cms\/fr\/a-propos-de-nous\/carriere\/","name":"Carri\u00e8re | bb trading","isPartOf":{"@id":"https:\/\/bbtrading.ch\/cms\/fr\/#website"},"datePublished":"2024-02-09T08:53:36+00:00","dateModified":"2026-01-13T11:34:30+00:00","description":"Nous toujours recherchons des personnes enthousiastes \u2013 d\u00e9butants ou experts, en conseil, vente, achats, management et plus. Rejoigne-nous!","breadcrumb":{"@id":"https:\/\/bbtrading.ch\/cms\/fr\/a-propos-de-nous\/carriere\/#breadcrumb"},"inLanguage":"fr-FR","potentialAction":[{"@type":"ReadAction","target":["https:\/\/bbtrading.ch\/cms\/fr\/a-propos-de-nous\/carriere\/"]}]},{"@type":"BreadcrumbList","@id":"https:\/\/bbtrading.ch\/cms\/fr\/a-propos-de-nous\/carriere\/#breadcrumb","itemListElement":[{"@type":"ListItem","position":1,"name":"Home","item":"https:\/\/bbtrading.ch\/cms\/fr\/"},{"@type":"ListItem","position":2,"name":"\u00c0 propos de nous","item":"https:\/\/bbtrading.ch\/cms\/fr\/a-propos-de-nous\/"},{"@type":"ListItem","position":3,"name":"Carri\u00e8re"}]},{"@type":"WebSite","@id":"https:\/\/bbtrading.ch\/cms\/fr\/#website","url":"https:\/\/bbtrading.ch\/cms\/fr\/","name":"bb trading","description":"","publisher":{"@id":"https:\/\/bbtrading.ch\/cms\/fr\/#organization"},"potentialAction":[{"@type":"SearchAction","target":{"@type":"EntryPoint","urlTemplate":"https:\/\/bbtrading.ch\/cms\/fr\/?s={search_term_string}"},"query-input":{"@type":"PropertyValueSpecification","valueRequired":true,"valueName":"search_term_string"}}],"inLanguage":"fr-FR"},{"@type":"Organization","@id":"https:\/\/bbtrading.ch\/cms\/fr\/#organization","name":"bb trading werbeartikel AG","alternateName":"bb trading","url":"https:\/\/bbtrading.ch\/cms\/fr\/","logo":{"@type":"ImageObject","inLanguage":"fr-FR","@id":"https:\/\/bbtrading.ch\/cms\/fr\/#\/schema\/logo\/image\/","url":"https:\/\/bbtrading.ch\/cms\/wp-content\/uploads\/2025\/02\/bbtrading-organisations-logo.png","contentUrl":"https:\/\/bbtrading.ch\/cms\/wp-content\/uploads\/2025\/02\/bbtrading-organisations-logo.png","width":696,"height":696,"caption":"bb trading werbeartikel AG"},"image":{"@id":"https:\/\/bbtrading.ch\/cms\/fr\/#\/schema\/logo\/image\/"}}]}},"_links":{"self":[{"href":"https:\/\/bbtrading.ch\/cms\/fr\/wp-json\/wp\/v2\/pages\/1803","targetHints":{"allow":["GET"]}}],"collection":[{"href":"https:\/\/bbtrading.ch\/cms\/fr\/wp-json\/wp\/v2\/pages"}],"about":[{"href":"https:\/\/bbtrading.ch\/cms\/fr\/wp-json\/wp\/v2\/types\/page"}],"author":[{"embeddable":true,"href":"https:\/\/bbtrading.ch\/cms\/fr\/wp-json\/wp\/v2\/users\/1"}],"replies":[{"embeddable":true,"href":"https:\/\/bbtrading.ch\/cms\/fr\/wp-json\/wp\/v2\/comments?post=1803"}],"version-history":[{"count":25,"href":"https:\/\/bbtrading.ch\/cms\/fr\/wp-json\/wp\/v2\/pages\/1803\/revisions"}],"predecessor-version":[{"id":14788,"href":"https:\/\/bbtrading.ch\/cms\/fr\/wp-json\/wp\/v2\/pages\/1803\/revisions\/14788"}],"up":[{"embeddable":true,"href":"https:\/\/bbtrading.ch\/cms\/fr\/wp-json\/wp\/v2\/pages\/1795"}],"wp:attachment":[{"href":"https:\/\/bbtrading.ch\/cms\/fr\/wp-json\/wp\/v2\/media?parent=1803"}],"curies":[{"name":"wp","href":"https:\/\/api.w.org\/{rel}","templated":true}]}}