{"id":1799,"date":"2024-02-09T12:01:47","date_gmt":"2024-02-09T11:01:47","guid":{"rendered":"https:\/\/bbtrading.dev6\/cms\/a-propos-de-nous\/unternehmen\/"},"modified":"2026-01-09T10:18:55","modified_gmt":"2026-01-09T09:18:55","slug":"entreprise","status":"publish","type":"page","link":"https:\/\/bbtrading.ch\/cms\/fr\/a-propos-de-nous\/entreprise\/","title":{"rendered":"Entreprise"},"content":{"rendered":"","protected":false},"excerpt":{"rendered":"","protected":false},"author":1,"featured_media":0,"parent":1795,"menu_order":1,"comment_status":"closed","ping_status":"closed","template":"","meta":{"_acf_changed":false,"inline_featured_image":false,"footnotes":""},"class_list":["post-1799","page","type-page","status-publish","hentry"],"acf":{"inhaltselemente":[{"acf_fc_layout":"text_element","text_element_titel":"Always on fire:\r\n\u00e0 propos de nous.","text_element_titel_typ":"2","text_element_titel_size":"2-big","text_element_titel_fake":false,"text_element_content":"&nbsp;\r\nDepuis 2001, nous nous passionnons pour les articles promotionnels cr\u00e9atifs, les cadeaux clients innovants, les tenues d\u2019entreprise tendance et tous les produits pouvant arborer un logo (c\u2019est-\u00e0-dire presque tout). En tant que fournisseur leader dans ce domaine, nous sommes l\u00e0 pour rester. Nous sommes donc passionn\u00e9s par le d\u00e9veloppement continu d\u2019une entreprise durable, \u00e9cologique et socialement responsable. Nous sommes bien implant\u00e9s en Suisse, o\u00f9 la qualit\u00e9 et le souci du d\u00e9tail sont une tradition.","text_element_layout":"centered","text_element_bgcolor":"default","text_element_margin_bottom":"custom-3"},{"acf_fc_layout":"two_cols","two_cols_flex_content_col_one":[{"acf_fc_layout":"text_element","text_element_":null,"text_element_text_element_titel":"Mission.","text_element_text_element_titel_typ":"2","text_element_text_element_titel_size":"2-big","text_element_text_element_titel_fake":false,"text_element_text_element_content":"Notre mission est de satisfaire les clients. Nous voulons que vous soyez enti\u00e8rement satisfait de notre travail, ou mieux encore: \u00e9bloui. Nous nous y attelons avec nos solutions individuelles, cr\u00e9atives et globales. Nous gardons toujours \u00e0 l\u2019esprit notre engagement envers l\u2019environnement et la soci\u00e9t\u00e9. Des stylos \u00e0 bille, cordons pour badges ou briquets aux textiles, outils multifonctions et jeux de quilles: avec une offre en constante \u00e9volution, une gestion active des partenariats et une excellente connaissance du secteur, nous gravissons en permanence de nouveaux sommets et cr\u00e9ons des moments tr\u00e8s sp\u00e9ciaux. Fid\u00e8les \u00e0 notre devise: susciter ensemble des \u00e9motions durables.\r\n\r\n&nbsp;\r\n<div id=\"animation-emotionen\"><strong>Fid\u00e8les \u00e0 <\/strong>\r\n<strong>notre devise:<\/strong><\/div>","text_element_text_element_layout":"default"}],"two_cols_flex_content_col_two":[{"acf_fc_layout":"text_element","text_element_":null,"text_element_text_element_titel":"Vision.","text_element_text_element_titel_typ":"2","text_element_text_element_titel_size":"2-big","text_element_text_element_titel_fake":false,"text_element_text_element_content":"<p class=\"p1\">Notre vision: cr\u00e9er ensemble quelque chose qui restera. Pour que tout le monde en profite: nos clients (un excellent service), nous en tant qu\u2019\u00e9quipe (le plaisir au travail) et le monde (une utilisation consciente de toutes les ressources). Nous proposons des supports promotionnels de qualit\u00e9, des cadeaux innovants et un service professionnel. Nous sommes heureux d\u2019assumer le r\u00f4le de pionniers d\u2019une culture d\u2019entreprise durable et socialement responsable. Comment? En offrant la plus haute qualit\u00e9, des normes modernes et un engagement r\u00e9el. Allons-y.<\/p>","text_element_text_element_layout":"default"}],"two_cols_bgcolor":true,"two_cols_spaltenbreite":"default","two_cols_versatz":true,"two_cols_versatz_type":"unternehmen","two_cols_padding_top":"custom-1","two_cols_padding_bottom":"custom-1","two_cols_margin_top":"custom-0","two_cols_margin_bottom":"custom-3"},{"acf_fc_layout":"text_img_element","text_element_titel":"<p class=\"p1\"><b>Notre culture \r\norganisationnelle:\r\nTout simplement sympathique.<\/b><\/p>","text_element_titel_typ":"2","text_element_titel_size":"3-bold","text_element_titel_fake":false,"text_element_content":"<p class=\"p1\">Les relations humaines nous importent au moins autant que le reste de notre activit\u00e9. Et lorsque nous disons que nous sommes une \u00e9quipe, nous le pensons vraiment. Comment cela s\u2019exprime-t-il? Par une \u00e9nergie partag\u00e9e et des interactions simples, amicales, dr\u00f4les et respectueuses. Et le plus cool, c\u2019est que cette \u00e9nergie se transmet. Entre nos collaborateurs, mais \u00e9galement \u00e0 nos clients.<\/p>","image_element_image_element_image":null,"video_element_video_element_video":14707,"video_element_video_element_autoplay":true,"video_element_video_element_frame_notebook":false,"collage_element":null,"text_img_element_spaltenbreite":"two-third-one-third-inverted","text_img_element_orientation":"default","text_img_element_bgcolor_img_edge":false,"text_img_element_bgcolor":"white","text_img_element_padding_top":"custom-0","text_img_element_padding_bottom":"custom-0","text_img_element_margin_top":"custom-0","text_img_element_margin_bottom":"custom-3"},{"acf_fc_layout":"team","header_element_header_element_titel":"Dream Team.","header_element_header_element_typ":"2","header_element_header_element_size":"2-big","header_element_header_element_fake":false,"team_text":"Impossible de ne pas s\u2019entendre avec eux. Enchant\u00e9!"},{"acf_fc_layout":"text_element","text_element_titel":"<p class=\"p1\"><b>Vous souhaitez travailler avec nous?<\/b><\/p>","text_element_titel_typ":"2","text_element_titel_size":"2-big","text_element_titel_fake":false,"text_element_content":"<p class=\"p1\">Nous sommes toujours \u00e0 la recherche de personnes enthousiastes, avides d\u2019aventure, de connaissances et de transmission. Nous avons h\u00e2te de faire votre connaissance, que vous soyez d\u00e9butant ou pro, sp\u00e9cialiste du conseil ou des achats, de la gestion ou autre !<\/p>\r\n<a class=\"btn-primary-large\" href=\"https:\/\/bbtrading.ch\/cms\/fr\/a-propos-de-nous\/carriere\/\">Postes vacants<\/a>","text_element_layout":"centered","text_element_bgcolor":"blue-50","text_element_margin_bottom":"custom-0"}]},"yoast_head":"<!-- This site is optimized with the Yoast SEO plugin v27.3 - https:\/\/yoast.com\/product\/yoast-seo-wordpress\/ -->\n<title>Entreprise | bb trading<\/title>\n<meta name=\"description\" content=\"Depuis 2001, nous inspirons la Suisse avec des articles promotionnels cr\u00e9atifs et des cadeaux clients innovants. Notre \u00e9quipe d\u00e9di\u00e9e mise sur la qualit\u00e9 et la durabilit\u00e9 pour des moments sp\u00e9ciaux.\" \/>\n<meta name=\"robots\" content=\"index, follow, max-snippet:-1, max-image-preview:large, max-video-preview:-1\" \/>\n<link rel=\"canonical\" href=\"https:\/\/bbtrading.ch\/cms\/fr\/a-propos-de-nous\/entreprise\/\" \/>\n<meta property=\"og:locale\" content=\"fr_FR\" \/>\n<meta property=\"og:type\" content=\"article\" \/>\n<meta property=\"og:title\" content=\"Entreprise | bb trading\" \/>\n<meta property=\"og:description\" content=\"Depuis 2001, nous inspirons la Suisse avec des articles promotionnels cr\u00e9atifs et des cadeaux clients innovants. Notre \u00e9quipe d\u00e9di\u00e9e mise sur la qualit\u00e9 et la durabilit\u00e9 pour des moments sp\u00e9ciaux.\" \/>\n<meta property=\"og:url\" content=\"https:\/\/bbtrading.ch\/cms\/fr\/a-propos-de-nous\/entreprise\/\" \/>\n<meta property=\"og:site_name\" content=\"bb trading\" \/>\n<meta property=\"article:modified_time\" content=\"2026-01-09T09:18:55+00:00\" \/>\n<meta property=\"og:image\" content=\"https:\/\/bbtrading.ch\/cms\/wp-content\/uploads\/2025\/02\/bbtrading-og-image.png\" \/>\n\t<meta property=\"og:image:width\" content=\"1200\" \/>\n\t<meta property=\"og:image:height\" content=\"630\" \/>\n\t<meta property=\"og:image:type\" content=\"image\/png\" \/>\n<meta name=\"twitter:card\" content=\"summary_large_image\" \/>\n<meta name=\"twitter:label1\" content=\"Dur\u00e9e de lecture estim\u00e9e\" \/>\n\t<meta name=\"twitter:data1\" content=\"3 minutes\" \/>\n<script type=\"application\/ld+json\" class=\"yoast-schema-graph\">{\"@context\":\"https:\\\/\\\/schema.org\",\"@graph\":[{\"@type\":\"WebPage\",\"@id\":\"https:\\\/\\\/bbtrading.ch\\\/cms\\\/fr\\\/a-propos-de-nous\\\/entreprise\\\/\",\"url\":\"https:\\\/\\\/bbtrading.ch\\\/cms\\\/fr\\\/a-propos-de-nous\\\/entreprise\\\/\",\"name\":\"Entreprise | bb trading\",\"isPartOf\":{\"@id\":\"https:\\\/\\\/bbtrading.ch\\\/cms\\\/fr\\\/#website\"},\"datePublished\":\"2024-02-09T11:01:47+00:00\",\"dateModified\":\"2026-01-09T09:18:55+00:00\",\"description\":\"Depuis 2001, nous inspirons la Suisse avec des articles promotionnels cr\u00e9atifs et des cadeaux clients innovants. Notre \u00e9quipe d\u00e9di\u00e9e mise sur la qualit\u00e9 et la durabilit\u00e9 pour des moments sp\u00e9ciaux.\",\"breadcrumb\":{\"@id\":\"https:\\\/\\\/bbtrading.ch\\\/cms\\\/fr\\\/a-propos-de-nous\\\/entreprise\\\/#breadcrumb\"},\"inLanguage\":\"fr-FR\",\"potentialAction\":[{\"@type\":\"ReadAction\",\"target\":[\"https:\\\/\\\/bbtrading.ch\\\/cms\\\/fr\\\/a-propos-de-nous\\\/entreprise\\\/\"]}]},{\"@type\":\"BreadcrumbList\",\"@id\":\"https:\\\/\\\/bbtrading.ch\\\/cms\\\/fr\\\/a-propos-de-nous\\\/entreprise\\\/#breadcrumb\",\"itemListElement\":[{\"@type\":\"ListItem\",\"position\":1,\"name\":\"Home\",\"item\":\"https:\\\/\\\/bbtrading.ch\\\/cms\\\/fr\\\/\"},{\"@type\":\"ListItem\",\"position\":2,\"name\":\"\u00c0 propos de nous\",\"item\":\"https:\\\/\\\/bbtrading.ch\\\/cms\\\/fr\\\/a-propos-de-nous\\\/\"},{\"@type\":\"ListItem\",\"position\":3,\"name\":\"Entreprise\"}]},{\"@type\":\"WebSite\",\"@id\":\"https:\\\/\\\/bbtrading.ch\\\/cms\\\/fr\\\/#website\",\"url\":\"https:\\\/\\\/bbtrading.ch\\\/cms\\\/fr\\\/\",\"name\":\"bb trading\",\"description\":\"\",\"publisher\":{\"@id\":\"https:\\\/\\\/bbtrading.ch\\\/cms\\\/fr\\\/#organization\"},\"potentialAction\":[{\"@type\":\"SearchAction\",\"target\":{\"@type\":\"EntryPoint\",\"urlTemplate\":\"https:\\\/\\\/bbtrading.ch\\\/cms\\\/fr\\\/?s={search_term_string}\"},\"query-input\":{\"@type\":\"PropertyValueSpecification\",\"valueRequired\":true,\"valueName\":\"search_term_string\"}}],\"inLanguage\":\"fr-FR\"},{\"@type\":\"Organization\",\"@id\":\"https:\\\/\\\/bbtrading.ch\\\/cms\\\/fr\\\/#organization\",\"name\":\"bb trading werbeartikel AG\",\"alternateName\":\"bb trading\",\"url\":\"https:\\\/\\\/bbtrading.ch\\\/cms\\\/fr\\\/\",\"logo\":{\"@type\":\"ImageObject\",\"inLanguage\":\"fr-FR\",\"@id\":\"https:\\\/\\\/bbtrading.ch\\\/cms\\\/fr\\\/#\\\/schema\\\/logo\\\/image\\\/\",\"url\":\"https:\\\/\\\/bbtrading.ch\\\/cms\\\/wp-content\\\/uploads\\\/2025\\\/02\\\/bbtrading-organisations-logo.png\",\"contentUrl\":\"https:\\\/\\\/bbtrading.ch\\\/cms\\\/wp-content\\\/uploads\\\/2025\\\/02\\\/bbtrading-organisations-logo.png\",\"width\":696,\"height\":696,\"caption\":\"bb trading werbeartikel AG\"},\"image\":{\"@id\":\"https:\\\/\\\/bbtrading.ch\\\/cms\\\/fr\\\/#\\\/schema\\\/logo\\\/image\\\/\"}}]}<\/script>\n<!-- \/ Yoast SEO plugin. -->","yoast_head_json":{"title":"Entreprise | bb trading","description":"Depuis 2001, nous inspirons la Suisse avec des articles promotionnels cr\u00e9atifs et des cadeaux clients innovants. Notre \u00e9quipe d\u00e9di\u00e9e mise sur la qualit\u00e9 et la durabilit\u00e9 pour des moments sp\u00e9ciaux.","robots":{"index":"index","follow":"follow","max-snippet":"max-snippet:-1","max-image-preview":"max-image-preview:large","max-video-preview":"max-video-preview:-1"},"canonical":"https:\/\/bbtrading.ch\/cms\/fr\/a-propos-de-nous\/entreprise\/","og_locale":"fr_FR","og_type":"article","og_title":"Entreprise | bb trading","og_description":"Depuis 2001, nous inspirons la Suisse avec des articles promotionnels cr\u00e9atifs et des cadeaux clients innovants. Notre \u00e9quipe d\u00e9di\u00e9e mise sur la qualit\u00e9 et la durabilit\u00e9 pour des moments sp\u00e9ciaux.","og_url":"https:\/\/bbtrading.ch\/cms\/fr\/a-propos-de-nous\/entreprise\/","og_site_name":"bb trading","article_modified_time":"2026-01-09T09:18:55+00:00","og_image":[{"width":1200,"height":630,"url":"https:\/\/bbtrading.ch\/cms\/wp-content\/uploads\/2025\/02\/bbtrading-og-image.png","type":"image\/png"}],"twitter_card":"summary_large_image","twitter_misc":{"Dur\u00e9e de lecture estim\u00e9e":"3 minutes"},"schema":{"@context":"https:\/\/schema.org","@graph":[{"@type":"WebPage","@id":"https:\/\/bbtrading.ch\/cms\/fr\/a-propos-de-nous\/entreprise\/","url":"https:\/\/bbtrading.ch\/cms\/fr\/a-propos-de-nous\/entreprise\/","name":"Entreprise | bb trading","isPartOf":{"@id":"https:\/\/bbtrading.ch\/cms\/fr\/#website"},"datePublished":"2024-02-09T11:01:47+00:00","dateModified":"2026-01-09T09:18:55+00:00","description":"Depuis 2001, nous inspirons la Suisse avec des articles promotionnels cr\u00e9atifs et des cadeaux clients innovants. Notre \u00e9quipe d\u00e9di\u00e9e mise sur la qualit\u00e9 et la durabilit\u00e9 pour des moments sp\u00e9ciaux.","breadcrumb":{"@id":"https:\/\/bbtrading.ch\/cms\/fr\/a-propos-de-nous\/entreprise\/#breadcrumb"},"inLanguage":"fr-FR","potentialAction":[{"@type":"ReadAction","target":["https:\/\/bbtrading.ch\/cms\/fr\/a-propos-de-nous\/entreprise\/"]}]},{"@type":"BreadcrumbList","@id":"https:\/\/bbtrading.ch\/cms\/fr\/a-propos-de-nous\/entreprise\/#breadcrumb","itemListElement":[{"@type":"ListItem","position":1,"name":"Home","item":"https:\/\/bbtrading.ch\/cms\/fr\/"},{"@type":"ListItem","position":2,"name":"\u00c0 propos de nous","item":"https:\/\/bbtrading.ch\/cms\/fr\/a-propos-de-nous\/"},{"@type":"ListItem","position":3,"name":"Entreprise"}]},{"@type":"WebSite","@id":"https:\/\/bbtrading.ch\/cms\/fr\/#website","url":"https:\/\/bbtrading.ch\/cms\/fr\/","name":"bb trading","description":"","publisher":{"@id":"https:\/\/bbtrading.ch\/cms\/fr\/#organization"},"potentialAction":[{"@type":"SearchAction","target":{"@type":"EntryPoint","urlTemplate":"https:\/\/bbtrading.ch\/cms\/fr\/?s={search_term_string}"},"query-input":{"@type":"PropertyValueSpecification","valueRequired":true,"valueName":"search_term_string"}}],"inLanguage":"fr-FR"},{"@type":"Organization","@id":"https:\/\/bbtrading.ch\/cms\/fr\/#organization","name":"bb trading werbeartikel AG","alternateName":"bb trading","url":"https:\/\/bbtrading.ch\/cms\/fr\/","logo":{"@type":"ImageObject","inLanguage":"fr-FR","@id":"https:\/\/bbtrading.ch\/cms\/fr\/#\/schema\/logo\/image\/","url":"https:\/\/bbtrading.ch\/cms\/wp-content\/uploads\/2025\/02\/bbtrading-organisations-logo.png","contentUrl":"https:\/\/bbtrading.ch\/cms\/wp-content\/uploads\/2025\/02\/bbtrading-organisations-logo.png","width":696,"height":696,"caption":"bb trading werbeartikel AG"},"image":{"@id":"https:\/\/bbtrading.ch\/cms\/fr\/#\/schema\/logo\/image\/"}}]}},"_links":{"self":[{"href":"https:\/\/bbtrading.ch\/cms\/fr\/wp-json\/wp\/v2\/pages\/1799","targetHints":{"allow":["GET"]}}],"collection":[{"href":"https:\/\/bbtrading.ch\/cms\/fr\/wp-json\/wp\/v2\/pages"}],"about":[{"href":"https:\/\/bbtrading.ch\/cms\/fr\/wp-json\/wp\/v2\/types\/page"}],"author":[{"embeddable":true,"href":"https:\/\/bbtrading.ch\/cms\/fr\/wp-json\/wp\/v2\/users\/1"}],"replies":[{"embeddable":true,"href":"https:\/\/bbtrading.ch\/cms\/fr\/wp-json\/wp\/v2\/comments?post=1799"}],"version-history":[{"count":12,"href":"https:\/\/bbtrading.ch\/cms\/fr\/wp-json\/wp\/v2\/pages\/1799\/revisions"}],"predecessor-version":[{"id":14727,"href":"https:\/\/bbtrading.ch\/cms\/fr\/wp-json\/wp\/v2\/pages\/1799\/revisions\/14727"}],"up":[{"embeddable":true,"href":"https:\/\/bbtrading.ch\/cms\/fr\/wp-json\/wp\/v2\/pages\/1795"}],"wp:attachment":[{"href":"https:\/\/bbtrading.ch\/cms\/fr\/wp-json\/wp\/v2\/media?parent=1799"}],"curies":[{"name":"wp","href":"https:\/\/api.w.org\/{rel}","templated":true}]}}