{"id":1790,"date":"2023-11-09T14:26:13","date_gmt":"2023-11-09T13:26:13","guid":{"rendered":"https:\/\/bbtrading.dev6\/cms\/referenzen\/"},"modified":"2025-07-10T15:50:26","modified_gmt":"2025-07-10T13:50:26","slug":"references","status":"publish","type":"page","link":"https:\/\/bbtrading.ch\/cms\/fr\/references\/","title":{"rendered":"R\u00e9f\u00e9rences"},"content":{"rendered":"","protected":false},"excerpt":{"rendered":"","protected":false},"author":1,"featured_media":0,"parent":0,"menu_order":21,"comment_status":"closed","ping_status":"closed","template":"","meta":{"_acf_changed":false,"inline_featured_image":false,"footnotes":""},"class_list":["post-1790","page","type-page","status-publish","hentry"],"acf":{"inhaltselemente":[{"acf_fc_layout":"referenzen","header_element_header_element_titel":"R\u00e9f\u00e9rences.","header_element_header_element_typ":"1","header_element_header_element_size":"2-big","header_element_header_element_fake":false,"referenzen_text":"Bonnes id\u00e9es pour un marketing cool et des clients heureux."},{"acf_fc_layout":"slider_text_img_four_element","slider_text_img_four_element_items":[{"acf_fc_layout":"quote_element","slider_text_img_four_element_items_quote":"bb trading nous a impressionn\u00e9s avec des articles promotionnels durables. Leur large s\u00e9lection et leur accessibilit\u00e9 rapide ont d\u00e9pass\u00e9 nos attentes. Merci pour cette excellente collaboration\u202f!","slider_text_img_four_element_items_name":"Alexandra Reeb","slider_text_img_four_element_items_position_company":"Responsable Marketing | Contenu & Publicit\u00e9\r\nBaloise Assurance SA","slider_text_img_four_element_items_img":3922},{"acf_fc_layout":"quote_element","slider_text_img_four_element_items_quote":"bb trading rend l'impossible possible. Lorsque j'\u00e9tais directeur d'agence, bb nous a surpris avec les gadgets les plus originaux et cr\u00e9atifs. Dans mon r\u00f4le actuel, j'appr\u00e9cie plus que jamais cette collaboration parfaite et bien rod\u00e9e !","slider_text_img_four_element_items_name":"Bernhard Pompey","slider_text_img_four_element_items_position_company":"CMSO\r\nOrchestre symphonique de Lucerne","slider_text_img_four_element_items_img":3915},{"acf_fc_layout":"quote_element","slider_text_img_four_element_items_quote":"La collaboration avec bb trading est un v\u00e9ritable plaisir et un gage de qualit\u00e9. Le professionnalisme, la fiabilit\u00e9 et les comp\u00e9tences de l'\u00e9quipe m'ont impressionn\u00e9 d\u00e8s le d\u00e9but, faisant de bb trading un partenaire de confiance.","slider_text_img_four_element_items_name":"Melanie Felice","slider_text_img_four_element_items_position_company":"Sp\u00e9cialiste marketing et \u00e9v\u00e9nements\r\nBMW Services Financiers (Suisse) SA","slider_text_img_four_element_items_img":3919}],"slider_text_Img_four_element_margin_bottom":"default"},{"acf_fc_layout":"ma_slider_element","text_element_override_text_element_titel":"Parlons-en: contact.","text_element_override_text_element_titel_typ":"2","text_element_override_text_element_titel_size":false,"text_element_override_text_element_titel_fake":false,"text_element_override_text_element_content":"N\u2019h\u00e9sitez pas \u00e0 nous contacter, que ce soit pour des commandes, des conseils, des projets sur mesure ou des informations sur notre engagement en faveur de la durabilit\u00e9.\r\n\r\n<a class=\"btn-primary-large\" href=\"https:\/\/bbtrading.ch\/cms\/fr\/a-propos-de-nous\/contact\/\">Contactez-nous<\/a>"}]},"yoast_head":"<!-- This site is optimized with the Yoast SEO plugin v27.3 - https:\/\/yoast.com\/product\/yoast-seo-wordpress\/ -->\n<title>R\u00e9f\u00e9rences | bb trading<\/title>\n<meta name=\"description\" content=\"Des clients de divers secteurs nous font confiance \u2013 d\u00e9couvrez nos projets cr\u00e9atifs de produits promotionnels r\u00e9ussis.\" \/>\n<meta name=\"robots\" content=\"index, follow, max-snippet:-1, max-image-preview:large, max-video-preview:-1\" \/>\n<link rel=\"canonical\" href=\"https:\/\/bbtrading.ch\/cms\/fr\/references\/\" \/>\n<meta property=\"og:locale\" content=\"fr_FR\" \/>\n<meta property=\"og:type\" content=\"article\" \/>\n<meta property=\"og:title\" content=\"R\u00e9f\u00e9rences | bb trading\" \/>\n<meta property=\"og:description\" content=\"Des clients de divers secteurs nous font confiance \u2013 d\u00e9couvrez nos projets cr\u00e9atifs de produits promotionnels r\u00e9ussis.\" \/>\n<meta property=\"og:url\" content=\"https:\/\/bbtrading.ch\/cms\/fr\/references\/\" \/>\n<meta property=\"og:site_name\" content=\"bb trading\" \/>\n<meta property=\"article:modified_time\" content=\"2025-07-10T13:50:26+00:00\" \/>\n<meta property=\"og:image\" content=\"https:\/\/bbtrading.ch\/cms\/wp-content\/uploads\/2025\/02\/bbtrading-og-image.png\" \/>\n\t<meta property=\"og:image:width\" content=\"1200\" \/>\n\t<meta property=\"og:image:height\" content=\"630\" \/>\n\t<meta property=\"og:image:type\" content=\"image\/png\" \/>\n<meta name=\"twitter:card\" content=\"summary_large_image\" \/>\n<meta name=\"twitter:label1\" content=\"Dur\u00e9e de lecture estim\u00e9e\" \/>\n\t<meta name=\"twitter:data1\" content=\"2 minutes\" \/>\n<script type=\"application\/ld+json\" class=\"yoast-schema-graph\">{\"@context\":\"https:\\\/\\\/schema.org\",\"@graph\":[{\"@type\":\"WebPage\",\"@id\":\"https:\\\/\\\/bbtrading.ch\\\/cms\\\/fr\\\/references\\\/\",\"url\":\"https:\\\/\\\/bbtrading.ch\\\/cms\\\/fr\\\/references\\\/\",\"name\":\"R\u00e9f\u00e9rences | bb trading\",\"isPartOf\":{\"@id\":\"https:\\\/\\\/bbtrading.ch\\\/cms\\\/fr\\\/#website\"},\"datePublished\":\"2023-11-09T13:26:13+00:00\",\"dateModified\":\"2025-07-10T13:50:26+00:00\",\"description\":\"Des clients de divers secteurs nous font confiance \u2013 d\u00e9couvrez nos projets cr\u00e9atifs de produits promotionnels r\u00e9ussis.\",\"breadcrumb\":{\"@id\":\"https:\\\/\\\/bbtrading.ch\\\/cms\\\/fr\\\/references\\\/#breadcrumb\"},\"inLanguage\":\"fr-FR\",\"potentialAction\":[{\"@type\":\"ReadAction\",\"target\":[\"https:\\\/\\\/bbtrading.ch\\\/cms\\\/fr\\\/references\\\/\"]}]},{\"@type\":\"BreadcrumbList\",\"@id\":\"https:\\\/\\\/bbtrading.ch\\\/cms\\\/fr\\\/references\\\/#breadcrumb\",\"itemListElement\":[{\"@type\":\"ListItem\",\"position\":1,\"name\":\"Home\",\"item\":\"https:\\\/\\\/bbtrading.ch\\\/cms\\\/fr\\\/\"},{\"@type\":\"ListItem\",\"position\":2,\"name\":\"R\u00e9f\u00e9rences\"}]},{\"@type\":\"WebSite\",\"@id\":\"https:\\\/\\\/bbtrading.ch\\\/cms\\\/fr\\\/#website\",\"url\":\"https:\\\/\\\/bbtrading.ch\\\/cms\\\/fr\\\/\",\"name\":\"bb trading\",\"description\":\"\",\"publisher\":{\"@id\":\"https:\\\/\\\/bbtrading.ch\\\/cms\\\/fr\\\/#organization\"},\"potentialAction\":[{\"@type\":\"SearchAction\",\"target\":{\"@type\":\"EntryPoint\",\"urlTemplate\":\"https:\\\/\\\/bbtrading.ch\\\/cms\\\/fr\\\/?s={search_term_string}\"},\"query-input\":{\"@type\":\"PropertyValueSpecification\",\"valueRequired\":true,\"valueName\":\"search_term_string\"}}],\"inLanguage\":\"fr-FR\"},{\"@type\":\"Organization\",\"@id\":\"https:\\\/\\\/bbtrading.ch\\\/cms\\\/fr\\\/#organization\",\"name\":\"bb trading werbeartikel AG\",\"alternateName\":\"bb trading\",\"url\":\"https:\\\/\\\/bbtrading.ch\\\/cms\\\/fr\\\/\",\"logo\":{\"@type\":\"ImageObject\",\"inLanguage\":\"fr-FR\",\"@id\":\"https:\\\/\\\/bbtrading.ch\\\/cms\\\/fr\\\/#\\\/schema\\\/logo\\\/image\\\/\",\"url\":\"https:\\\/\\\/bbtrading.ch\\\/cms\\\/wp-content\\\/uploads\\\/2025\\\/02\\\/bbtrading-organisations-logo.png\",\"contentUrl\":\"https:\\\/\\\/bbtrading.ch\\\/cms\\\/wp-content\\\/uploads\\\/2025\\\/02\\\/bbtrading-organisations-logo.png\",\"width\":696,\"height\":696,\"caption\":\"bb trading werbeartikel AG\"},\"image\":{\"@id\":\"https:\\\/\\\/bbtrading.ch\\\/cms\\\/fr\\\/#\\\/schema\\\/logo\\\/image\\\/\"}}]}<\/script>\n<!-- \/ Yoast SEO plugin. -->","yoast_head_json":{"title":"R\u00e9f\u00e9rences | bb trading","description":"Des clients de divers secteurs nous font confiance \u2013 d\u00e9couvrez nos projets cr\u00e9atifs de produits promotionnels r\u00e9ussis.","robots":{"index":"index","follow":"follow","max-snippet":"max-snippet:-1","max-image-preview":"max-image-preview:large","max-video-preview":"max-video-preview:-1"},"canonical":"https:\/\/bbtrading.ch\/cms\/fr\/references\/","og_locale":"fr_FR","og_type":"article","og_title":"R\u00e9f\u00e9rences | bb trading","og_description":"Des clients de divers secteurs nous font confiance \u2013 d\u00e9couvrez nos projets cr\u00e9atifs de produits promotionnels r\u00e9ussis.","og_url":"https:\/\/bbtrading.ch\/cms\/fr\/references\/","og_site_name":"bb trading","article_modified_time":"2025-07-10T13:50:26+00:00","og_image":[{"width":1200,"height":630,"url":"https:\/\/bbtrading.ch\/cms\/wp-content\/uploads\/2025\/02\/bbtrading-og-image.png","type":"image\/png"}],"twitter_card":"summary_large_image","twitter_misc":{"Dur\u00e9e de lecture estim\u00e9e":"2 minutes"},"schema":{"@context":"https:\/\/schema.org","@graph":[{"@type":"WebPage","@id":"https:\/\/bbtrading.ch\/cms\/fr\/references\/","url":"https:\/\/bbtrading.ch\/cms\/fr\/references\/","name":"R\u00e9f\u00e9rences | bb trading","isPartOf":{"@id":"https:\/\/bbtrading.ch\/cms\/fr\/#website"},"datePublished":"2023-11-09T13:26:13+00:00","dateModified":"2025-07-10T13:50:26+00:00","description":"Des clients de divers secteurs nous font confiance \u2013 d\u00e9couvrez nos projets cr\u00e9atifs de produits promotionnels r\u00e9ussis.","breadcrumb":{"@id":"https:\/\/bbtrading.ch\/cms\/fr\/references\/#breadcrumb"},"inLanguage":"fr-FR","potentialAction":[{"@type":"ReadAction","target":["https:\/\/bbtrading.ch\/cms\/fr\/references\/"]}]},{"@type":"BreadcrumbList","@id":"https:\/\/bbtrading.ch\/cms\/fr\/references\/#breadcrumb","itemListElement":[{"@type":"ListItem","position":1,"name":"Home","item":"https:\/\/bbtrading.ch\/cms\/fr\/"},{"@type":"ListItem","position":2,"name":"R\u00e9f\u00e9rences"}]},{"@type":"WebSite","@id":"https:\/\/bbtrading.ch\/cms\/fr\/#website","url":"https:\/\/bbtrading.ch\/cms\/fr\/","name":"bb trading","description":"","publisher":{"@id":"https:\/\/bbtrading.ch\/cms\/fr\/#organization"},"potentialAction":[{"@type":"SearchAction","target":{"@type":"EntryPoint","urlTemplate":"https:\/\/bbtrading.ch\/cms\/fr\/?s={search_term_string}"},"query-input":{"@type":"PropertyValueSpecification","valueRequired":true,"valueName":"search_term_string"}}],"inLanguage":"fr-FR"},{"@type":"Organization","@id":"https:\/\/bbtrading.ch\/cms\/fr\/#organization","name":"bb trading werbeartikel AG","alternateName":"bb trading","url":"https:\/\/bbtrading.ch\/cms\/fr\/","logo":{"@type":"ImageObject","inLanguage":"fr-FR","@id":"https:\/\/bbtrading.ch\/cms\/fr\/#\/schema\/logo\/image\/","url":"https:\/\/bbtrading.ch\/cms\/wp-content\/uploads\/2025\/02\/bbtrading-organisations-logo.png","contentUrl":"https:\/\/bbtrading.ch\/cms\/wp-content\/uploads\/2025\/02\/bbtrading-organisations-logo.png","width":696,"height":696,"caption":"bb trading werbeartikel AG"},"image":{"@id":"https:\/\/bbtrading.ch\/cms\/fr\/#\/schema\/logo\/image\/"}}]}},"_links":{"self":[{"href":"https:\/\/bbtrading.ch\/cms\/fr\/wp-json\/wp\/v2\/pages\/1790","targetHints":{"allow":["GET"]}}],"collection":[{"href":"https:\/\/bbtrading.ch\/cms\/fr\/wp-json\/wp\/v2\/pages"}],"about":[{"href":"https:\/\/bbtrading.ch\/cms\/fr\/wp-json\/wp\/v2\/types\/page"}],"author":[{"embeddable":true,"href":"https:\/\/bbtrading.ch\/cms\/fr\/wp-json\/wp\/v2\/users\/1"}],"replies":[{"embeddable":true,"href":"https:\/\/bbtrading.ch\/cms\/fr\/wp-json\/wp\/v2\/comments?post=1790"}],"version-history":[{"count":11,"href":"https:\/\/bbtrading.ch\/cms\/fr\/wp-json\/wp\/v2\/pages\/1790\/revisions"}],"predecessor-version":[{"id":12333,"href":"https:\/\/bbtrading.ch\/cms\/fr\/wp-json\/wp\/v2\/pages\/1790\/revisions\/12333"}],"wp:attachment":[{"href":"https:\/\/bbtrading.ch\/cms\/fr\/wp-json\/wp\/v2\/media?parent=1790"}],"curies":[{"name":"wp","href":"https:\/\/api.w.org\/{rel}","templated":true}]}}