{"id":1786,"date":"2024-01-23T14:00:27","date_gmt":"2024-01-23T13:00:27","guid":{"rendered":"https:\/\/bbtrading.dev6\/cms\/services\/fullservice\/"},"modified":"2025-10-29T12:20:30","modified_gmt":"2025-10-29T11:20:30","slug":"guichet-unique","status":"publish","type":"page","link":"https:\/\/bbtrading.ch\/cms\/fr\/services\/guichet-unique\/","title":{"rendered":"Service complet"},"content":{"rendered":"","protected":false},"excerpt":{"rendered":"","protected":false},"author":1,"featured_media":0,"parent":1772,"menu_order":5,"comment_status":"closed","ping_status":"closed","template":"","meta":{"_acf_changed":false,"inline_featured_image":false,"footnotes":""},"class_list":["post-1786","page","type-page","status-publish","hentry"],"acf":{"inhaltselemente":[{"acf_fc_layout":"text_element","text_element_titel":"Tout-en-un:\r\nServices complet.","text_element_titel_typ":"1","text_element_titel_size":"2-big","text_element_titel_fake":false,"text_element_content":"Nous nous occupons de la gestion compl\u00e8te de vos produits promotionnels: Conception de la gamme, cr\u00e9ation de boutique, stockage et distribution. Tout. Reposez-vous sur notre exp\u00e9rience en tant que prestataire de services complets et r\u00e9servez vos vacances d\u00e8s maintenant. S\u00e9rieusement: nous vous expliquerons en personne comment b\u00e9n\u00e9ficier de nos prestations \u00e0 360 degr\u00e9s.","text_element_layout":"centered","text_element_bgcolor":"default","text_element_margin_bottom":"custom-3"},{"acf_fc_layout":"text_img_products_element","text_element_titel":"La folie des grandeurs:\r\ndes collections sp\u00e9ciales.","text_element_titel_typ":"2","text_element_titel_size":"3-bold","text_element_titel_fake":false,"text_element_content":"Pourquoi se contenter d\u2019un article quand on peut proposer une collection? Sur mesure et personnalis\u00e9e, bien s\u00fbr. Et quid de la gestion de la collection? Nous nous en occupons. En service complet.\r\n\r\n<a class=\"btn-secondary-large\" href=\"https:\/\/bbtrading.ch\/cms\/fr\/a-propos-de-nous\/contact\/\">Demander des mod\u00e8les sur mesure<\/a>","text_img_products_element_imgs":[2908,2905,2917,2914,2911],"text_img_element_orientation":"default","text_img_element_bgcolor":"rosa-50","text_img_element_margin_bottom":"custom-0","text_img_products_element_button_001_active":false,"text_img_products_element_button_001_text":"","text_img_products_element_button_001_link":null,"text_img_products_element_button_001_animation":"inspiration"},{"acf_fc_layout":"text_boxes_element","text_element_text_element_titel":"Ne rien faire \u00e0 moiti\u00e9:\r\nnos services complets.","text_element_text_element_titel_typ":"2","text_element_text_element_titel_size":"3-bold","text_element_text_element_titel_fake":false,"text_element_text_element_content":"Nous nous occupons de toutes les t\u00e2ches de gestion de votre boutique d\u2019articles promotionnels. Vous n\u2019avez rien \u00e0 faire. Consultez ici ce que nous pouvons faire pour vous.","text_boxes_element_boxes":[{"text_boxes_element_boxes_box_title":"Conception","text_boxes_element_boxes_box_text":"Bien pens\u00e9e: nous vous accompagnons d\u00e8s le d\u00e9but avec des conseils, un soutien et des id\u00e9es pour la planification de votre boutique en ligne d\u2019articles promotionnels.","text_boxes_element_boxes_box_img":null},{"text_boxes_element_boxes_box_title":"Conception de la gamme","text_boxes_element_boxes_box_text":"Tout y est: nous vous proposons des id\u00e9es de produits adapt\u00e9es \u00e0 votre groupe cible et des suggestions de configuration.","text_boxes_element_boxes_box_img":null},{"text_boxes_element_boxes_box_title":"Boutique en ligne","text_boxes_element_boxes_box_text":"Succ\u00e8s annonc\u00e9: nous nous occupons de toute l\u2019informatique pour votre boutique B2B ou B2C, de la connexion syst\u00e8me \u00e0 votre programme d\u2019approvisionnement (par ex. SAP Ariba).","text_boxes_element_boxes_box_img":null},{"text_boxes_element_boxes_box_title":"Pr\u00e9financement","text_boxes_element_boxes_box_text":"Nous vous offrons de la flexibilit\u00e9: b\u00e9n\u00e9ficiez d\u2019un pr\u00e9financement de notre part pour l\u2019ensemble de votre inventaire.","text_boxes_element_boxes_box_img":null},{"text_boxes_element_boxes_box_title":"Approvisionnement","text_boxes_element_boxes_box_text":"<p class=\"p1\">Savoir-faire et r\u00e9seaux. Quel que soit l\u2019article: nous nous appuyons sur un r\u00e9seau mondial de fournisseurs pour vous garantir des articles tendance et de qualit\u00e9.<\/p>","text_boxes_element_boxes_box_img":null},{"text_boxes_element_boxes_box_title":"Contr\u00f4le des marchandises","text_boxes_element_boxes_box_text":"<p class=\"p1\">La qualit\u00e9? Check. Notre \u00e9quipe interne contr\u00f4le syst\u00e9matiquement la qualit\u00e9 de nos produits avant leur affichage en boutique.<\/p>","text_boxes_element_boxes_box_img":null},{"text_boxes_element_boxes_box_title":"Entreposage","text_boxes_element_boxes_box_text":"<p class=\"p1\">Nous avons tout en r\u00e9serve: des capacit\u00e9s de stockage \u00e9tendues en Suisse et \u00e0 l\u2019\u00e9tranger et une logistique efficace nous permettent de traiter rapidement vos commandes en boutique.<\/p>","text_boxes_element_boxes_box_img":null},{"text_boxes_element_boxes_box_title":"Confection","text_boxes_element_boxes_box_text":"<p class=\"p1\">Dans les moindres d\u00e9tails: nous emballons, empaquetons et \u00e9tiquetons pour vous afin que tout arrive \u00e0 bon port, dans les d\u00e9lais et conform\u00e9ment \u00e0 vos choix individuels.<\/p>","text_boxes_element_boxes_box_img":null},{"text_boxes_element_boxes_box_title":"Exp\u00e9dition","text_boxes_element_boxes_box_text":"<p class=\"p1\">Des envois qui arrivent toujours \u00e0 destination, mais \u00e9galement rapides, efficaces et dans le monde entier. Nous nous chargeons de la logistique.<\/p>","text_boxes_element_boxes_box_img":null},{"text_boxes_element_boxes_box_title":"Facturation et rapports","text_boxes_element_boxes_box_text":"<p class=\"p1\">Vous pouvez compter sur nous: nous \u00e9tablissons des factures, des rapports individuels et des d\u00e9comptes transparents et structur\u00e9s pour vous faciliter au maximum les t\u00e2ches administratives.<\/p>","text_boxes_element_boxes_box_img":null},{"text_boxes_element_boxes_box_title":"Service client","text_boxes_element_boxes_box_text":"<p class=\"p1\">Nos services complets incluent une \u00e9tape non moins importante: la gestion des clients de votre boutique. Personnalis\u00e9e, comp\u00e9tente et simple.<\/p>","text_boxes_element_boxes_box_img":null}],"text_boxes_element_boxes_bgcolor":"default"},{"acf_fc_layout":"text_img_element","text_element_titel":"<strong>Lancement de votre boutique en ligne.<\/strong>","text_element_titel_typ":"2","text_element_titel_size":"2-big","text_element_titel_fake":false,"text_element_content":"<p class=\"p1\">Adieu la banalit\u00e9: nous b\u00e2tissons une boutique en ligne flexible et ax\u00e9e sur le service, avec toutes les fonctions n\u00e9cessaires. Fonctionnalit\u00e9 et harmonie dans votre design d\u2019entreprise. Bien \u00e9videmment!<\/p>\r\n<a class=\"btn-primary-large\" href=\"mailto:fullservice@bbtrading.ch\">Conseil<\/a> <a class=\"btn-secondary-large\" href=\"https:\/\/bbtrading.ch\/cms\/en\/references\/\">R\u00e9f\u00e9rences<\/a>","image_element_image_element_image":null,"video_element_video_element_video":1636,"video_element_video_element_autoplay":true,"video_element_video_element_frame_notebook":true,"collage_element":null,"text_img_element_spaltenbreite":"two-third-one-third","text_img_element_orientation":"mirrored","text_img_element_bgcolor_img_edge":true,"text_img_element_bgcolor":"yellow-50","text_img_element_padding_top":"custom-1","text_img_element_padding_bottom":"custom-1","text_img_element_margin_top":"custom-0","text_img_element_margin_bottom":"custom-0"},{"acf_fc_layout":"ma_slider_element","text_element_override_text_element_titel":"Parlons-en: Contact","text_element_override_text_element_titel_typ":"2","text_element_override_text_element_titel_size":false,"text_element_override_text_element_titel_fake":false,"text_element_override_text_element_content":"Un service complet commence par le conseil. Contactez-nous. Nous d\u00e9terminerons ensemble comment nous pouvons vous accompagner.\r\n\r\n<a class=\"btn-primary-large\" href=\"\/cms\/ueber-uns\/kontakt\/\">Nous contacter<\/a>"}]},"yoast_head":"<!-- This site is optimized with the Yoast SEO plugin v27.3 - https:\/\/yoast.com\/product\/yoast-seo-wordpress\/ -->\n<title>Service complet | bb trading<\/title>\n<meta name=\"description\" content=\"Nous prenons en charge la gestion compl\u00e8te de vos articles promotionnels : conception de la gamme, cr\u00e9ation du shop, stockage &amp; distribution.\" \/>\n<meta name=\"robots\" content=\"index, follow, max-snippet:-1, max-image-preview:large, max-video-preview:-1\" \/>\n<link rel=\"canonical\" href=\"https:\/\/bbtrading.ch\/cms\/fr\/services\/guichet-unique\/\" \/>\n<meta property=\"og:locale\" content=\"fr_FR\" \/>\n<meta property=\"og:type\" content=\"article\" \/>\n<meta property=\"og:title\" content=\"Service complet | bb trading\" \/>\n<meta property=\"og:description\" content=\"Nous prenons en charge la gestion compl\u00e8te de vos articles promotionnels : conception de la gamme, cr\u00e9ation du shop, stockage &amp; distribution.\" \/>\n<meta property=\"og:url\" content=\"https:\/\/bbtrading.ch\/cms\/fr\/services\/guichet-unique\/\" \/>\n<meta property=\"og:site_name\" content=\"bb trading\" \/>\n<meta property=\"article:modified_time\" content=\"2025-10-29T11:20:30+00:00\" \/>\n<meta property=\"og:image\" content=\"https:\/\/bbtrading.ch\/cms\/wp-content\/uploads\/2025\/02\/bbtrading-og-image.png\" \/>\n\t<meta property=\"og:image:width\" content=\"1200\" \/>\n\t<meta property=\"og:image:height\" content=\"630\" \/>\n\t<meta property=\"og:image:type\" content=\"image\/png\" \/>\n<meta name=\"twitter:card\" content=\"summary_large_image\" \/>\n<meta name=\"twitter:label1\" content=\"Dur\u00e9e de lecture estim\u00e9e\" \/>\n\t<meta name=\"twitter:data1\" content=\"4 minutes\" \/>\n<script type=\"application\/ld+json\" class=\"yoast-schema-graph\">{\"@context\":\"https:\\\/\\\/schema.org\",\"@graph\":[{\"@type\":\"WebPage\",\"@id\":\"https:\\\/\\\/bbtrading.ch\\\/cms\\\/fr\\\/services\\\/guichet-unique\\\/\",\"url\":\"https:\\\/\\\/bbtrading.ch\\\/cms\\\/fr\\\/services\\\/guichet-unique\\\/\",\"name\":\"Service complet | bb trading\",\"isPartOf\":{\"@id\":\"https:\\\/\\\/bbtrading.ch\\\/cms\\\/fr\\\/#website\"},\"datePublished\":\"2024-01-23T13:00:27+00:00\",\"dateModified\":\"2025-10-29T11:20:30+00:00\",\"description\":\"Nous prenons en charge la gestion compl\u00e8te de vos articles promotionnels : conception de la gamme, cr\u00e9ation du shop, stockage & distribution.\",\"breadcrumb\":{\"@id\":\"https:\\\/\\\/bbtrading.ch\\\/cms\\\/fr\\\/services\\\/guichet-unique\\\/#breadcrumb\"},\"inLanguage\":\"fr-FR\",\"potentialAction\":[{\"@type\":\"ReadAction\",\"target\":[\"https:\\\/\\\/bbtrading.ch\\\/cms\\\/fr\\\/services\\\/guichet-unique\\\/\"]}]},{\"@type\":\"BreadcrumbList\",\"@id\":\"https:\\\/\\\/bbtrading.ch\\\/cms\\\/fr\\\/services\\\/guichet-unique\\\/#breadcrumb\",\"itemListElement\":[{\"@type\":\"ListItem\",\"position\":1,\"name\":\"Home\",\"item\":\"https:\\\/\\\/bbtrading.ch\\\/cms\\\/fr\\\/\"},{\"@type\":\"ListItem\",\"position\":2,\"name\":\"Services\",\"item\":\"https:\\\/\\\/bbtrading.ch\\\/cms\\\/fr\\\/services\\\/\"},{\"@type\":\"ListItem\",\"position\":3,\"name\":\"Service complet\"}]},{\"@type\":\"WebSite\",\"@id\":\"https:\\\/\\\/bbtrading.ch\\\/cms\\\/fr\\\/#website\",\"url\":\"https:\\\/\\\/bbtrading.ch\\\/cms\\\/fr\\\/\",\"name\":\"bb trading\",\"description\":\"\",\"publisher\":{\"@id\":\"https:\\\/\\\/bbtrading.ch\\\/cms\\\/fr\\\/#organization\"},\"potentialAction\":[{\"@type\":\"SearchAction\",\"target\":{\"@type\":\"EntryPoint\",\"urlTemplate\":\"https:\\\/\\\/bbtrading.ch\\\/cms\\\/fr\\\/?s={search_term_string}\"},\"query-input\":{\"@type\":\"PropertyValueSpecification\",\"valueRequired\":true,\"valueName\":\"search_term_string\"}}],\"inLanguage\":\"fr-FR\"},{\"@type\":\"Organization\",\"@id\":\"https:\\\/\\\/bbtrading.ch\\\/cms\\\/fr\\\/#organization\",\"name\":\"bb trading werbeartikel AG\",\"alternateName\":\"bb trading\",\"url\":\"https:\\\/\\\/bbtrading.ch\\\/cms\\\/fr\\\/\",\"logo\":{\"@type\":\"ImageObject\",\"inLanguage\":\"fr-FR\",\"@id\":\"https:\\\/\\\/bbtrading.ch\\\/cms\\\/fr\\\/#\\\/schema\\\/logo\\\/image\\\/\",\"url\":\"https:\\\/\\\/bbtrading.ch\\\/cms\\\/wp-content\\\/uploads\\\/2025\\\/02\\\/bbtrading-organisations-logo.png\",\"contentUrl\":\"https:\\\/\\\/bbtrading.ch\\\/cms\\\/wp-content\\\/uploads\\\/2025\\\/02\\\/bbtrading-organisations-logo.png\",\"width\":696,\"height\":696,\"caption\":\"bb trading werbeartikel AG\"},\"image\":{\"@id\":\"https:\\\/\\\/bbtrading.ch\\\/cms\\\/fr\\\/#\\\/schema\\\/logo\\\/image\\\/\"}}]}<\/script>\n<!-- \/ Yoast SEO plugin. -->","yoast_head_json":{"title":"Service complet | bb trading","description":"Nous prenons en charge la gestion compl\u00e8te de vos articles promotionnels : conception de la gamme, cr\u00e9ation du shop, stockage & distribution.","robots":{"index":"index","follow":"follow","max-snippet":"max-snippet:-1","max-image-preview":"max-image-preview:large","max-video-preview":"max-video-preview:-1"},"canonical":"https:\/\/bbtrading.ch\/cms\/fr\/services\/guichet-unique\/","og_locale":"fr_FR","og_type":"article","og_title":"Service complet | bb trading","og_description":"Nous prenons en charge la gestion compl\u00e8te de vos articles promotionnels : conception de la gamme, cr\u00e9ation du shop, stockage & distribution.","og_url":"https:\/\/bbtrading.ch\/cms\/fr\/services\/guichet-unique\/","og_site_name":"bb trading","article_modified_time":"2025-10-29T11:20:30+00:00","og_image":[{"width":1200,"height":630,"url":"https:\/\/bbtrading.ch\/cms\/wp-content\/uploads\/2025\/02\/bbtrading-og-image.png","type":"image\/png"}],"twitter_card":"summary_large_image","twitter_misc":{"Dur\u00e9e de lecture estim\u00e9e":"4 minutes"},"schema":{"@context":"https:\/\/schema.org","@graph":[{"@type":"WebPage","@id":"https:\/\/bbtrading.ch\/cms\/fr\/services\/guichet-unique\/","url":"https:\/\/bbtrading.ch\/cms\/fr\/services\/guichet-unique\/","name":"Service complet | bb trading","isPartOf":{"@id":"https:\/\/bbtrading.ch\/cms\/fr\/#website"},"datePublished":"2024-01-23T13:00:27+00:00","dateModified":"2025-10-29T11:20:30+00:00","description":"Nous prenons en charge la gestion compl\u00e8te de vos articles promotionnels : conception de la gamme, cr\u00e9ation du shop, stockage & distribution.","breadcrumb":{"@id":"https:\/\/bbtrading.ch\/cms\/fr\/services\/guichet-unique\/#breadcrumb"},"inLanguage":"fr-FR","potentialAction":[{"@type":"ReadAction","target":["https:\/\/bbtrading.ch\/cms\/fr\/services\/guichet-unique\/"]}]},{"@type":"BreadcrumbList","@id":"https:\/\/bbtrading.ch\/cms\/fr\/services\/guichet-unique\/#breadcrumb","itemListElement":[{"@type":"ListItem","position":1,"name":"Home","item":"https:\/\/bbtrading.ch\/cms\/fr\/"},{"@type":"ListItem","position":2,"name":"Services","item":"https:\/\/bbtrading.ch\/cms\/fr\/services\/"},{"@type":"ListItem","position":3,"name":"Service complet"}]},{"@type":"WebSite","@id":"https:\/\/bbtrading.ch\/cms\/fr\/#website","url":"https:\/\/bbtrading.ch\/cms\/fr\/","name":"bb trading","description":"","publisher":{"@id":"https:\/\/bbtrading.ch\/cms\/fr\/#organization"},"potentialAction":[{"@type":"SearchAction","target":{"@type":"EntryPoint","urlTemplate":"https:\/\/bbtrading.ch\/cms\/fr\/?s={search_term_string}"},"query-input":{"@type":"PropertyValueSpecification","valueRequired":true,"valueName":"search_term_string"}}],"inLanguage":"fr-FR"},{"@type":"Organization","@id":"https:\/\/bbtrading.ch\/cms\/fr\/#organization","name":"bb trading werbeartikel AG","alternateName":"bb trading","url":"https:\/\/bbtrading.ch\/cms\/fr\/","logo":{"@type":"ImageObject","inLanguage":"fr-FR","@id":"https:\/\/bbtrading.ch\/cms\/fr\/#\/schema\/logo\/image\/","url":"https:\/\/bbtrading.ch\/cms\/wp-content\/uploads\/2025\/02\/bbtrading-organisations-logo.png","contentUrl":"https:\/\/bbtrading.ch\/cms\/wp-content\/uploads\/2025\/02\/bbtrading-organisations-logo.png","width":696,"height":696,"caption":"bb trading werbeartikel AG"},"image":{"@id":"https:\/\/bbtrading.ch\/cms\/fr\/#\/schema\/logo\/image\/"}}]}},"_links":{"self":[{"href":"https:\/\/bbtrading.ch\/cms\/fr\/wp-json\/wp\/v2\/pages\/1786","targetHints":{"allow":["GET"]}}],"collection":[{"href":"https:\/\/bbtrading.ch\/cms\/fr\/wp-json\/wp\/v2\/pages"}],"about":[{"href":"https:\/\/bbtrading.ch\/cms\/fr\/wp-json\/wp\/v2\/types\/page"}],"author":[{"embeddable":true,"href":"https:\/\/bbtrading.ch\/cms\/fr\/wp-json\/wp\/v2\/users\/1"}],"replies":[{"embeddable":true,"href":"https:\/\/bbtrading.ch\/cms\/fr\/wp-json\/wp\/v2\/comments?post=1786"}],"version-history":[{"count":16,"href":"https:\/\/bbtrading.ch\/cms\/fr\/wp-json\/wp\/v2\/pages\/1786\/revisions"}],"predecessor-version":[{"id":9575,"href":"https:\/\/bbtrading.ch\/cms\/fr\/wp-json\/wp\/v2\/pages\/1786\/revisions\/9575"}],"up":[{"embeddable":true,"href":"https:\/\/bbtrading.ch\/cms\/fr\/wp-json\/wp\/v2\/pages\/1772"}],"wp:attachment":[{"href":"https:\/\/bbtrading.ch\/cms\/fr\/wp-json\/wp\/v2\/media?parent=1786"}],"curies":[{"name":"wp","href":"https:\/\/api.w.org\/{rel}","templated":true}]}}