{"id":1782,"date":"2024-01-23T14:00:27","date_gmt":"2024-01-23T13:00:27","guid":{"rendered":"https:\/\/bbtrading.dev6\/cms\/services\/corporate-wear\/"},"modified":"2025-11-11T09:00:02","modified_gmt":"2025-11-11T08:00:02","slug":"tenues-professionnelles","status":"publish","type":"page","link":"https:\/\/bbtrading.ch\/cms\/fr\/services\/tenues-professionnelles\/","title":{"rendered":"Tenues professionnelles"},"content":{"rendered":"","protected":false},"excerpt":{"rendered":"","protected":false},"author":1,"featured_media":0,"parent":1772,"menu_order":4,"comment_status":"closed","ping_status":"closed","template":"","meta":{"_acf_changed":false,"inline_featured_image":false,"footnotes":""},"class_list":["post-1782","page","type-page","status-publish","hentry"],"acf":{"inhaltselemente":[{"acf_fc_layout":"text_element","text_element_titel":"Let's work:\r\nnos tenues professionnelles.","text_element_titel_typ":"1","text_element_titel_size":"2-big","text_element_titel_fake":false,"text_element_content":"Mode d\u2019entreprise, v\u00eatements de s\u00e9curit\u00e9 norm\u00e9s, tenues de travail fonctionnelles, v\u00eatements de sport ou tenues \u00e9l\u00e9gantes pour les salons : nos sp\u00e9cialistes du textile vous accompagnent de l\u2019id\u00e9e \u00e0 la r\u00e9alisation de vos nouvelles tenues professionnelles, avec un savoir-faire \u00e9prouv\u00e9, de la cr\u00e9ativit\u00e9 et un sens aigu du d\u00e9tail.\r\n&nbsp;\r\n&nbsp;\r\n&nbsp;\r\n&nbsp;\r\n&nbsp;","text_element_layout":"centered","text_element_bgcolor":"default","text_element_margin_bottom":"custom-0"},{"acf_fc_layout":"text_img_products_element","text_element_titel":"&nbsp;\r\nAvec style : \r\nDe la t\u00eate aux pieds.","text_element_titel_typ":"2","text_element_titel_size":"2-big","text_element_titel_fake":false,"text_element_content":"Que votre entreprise soit active dans les secteurs du business, de la gastronomie, des soins, de l\u2019\u00e9v\u00e9nementiel, du commerce de d\u00e9tail ou de l\u2019industrie \u2013 nous vous accompagnons dans le choix, le d\u00e9veloppement, l\u2019approvisionnement, la personnalisation et la gestion de vos v\u00eatements d\u2019entreprise et de travail.\r\n\r\nSur notre site Corporate Textiles, fra\u00eechement mis \u00e0 jour, vous trouverez tout sur notre vaste gamme de services. Parcourez des catalogues de marques exclusifs, laissez-vous inspirer et d\u00e9couvrez les nombreuses possibilit\u00e9s de personnaliser votre Corporate Wear selon votre image. Ensemble, nous trouvons la solution parfaitement adapt\u00e9e \u00e0 votre identit\u00e9 d\u2019entreprise.\r\n&nbsp;\r\n\r\n<a class=\"btn-primary-large\" href=\"https:\/\/www.corporate-textiles.ch\/fr\/\" target=\"_blank\" rel=\"noopener noreferrer\">D\u00e9couvrez nos Corporate Textiles<\/a>\r\n\r\n\r\n","text_img_products_element_imgs":[14139,14145,14178,14163,14142,14169,14172,14136,14154,14166,14148,14175,14151,14160,14157],"text_img_element_orientation":"default","text_img_element_bgcolor":"rosa-50","text_img_element_margin_bottom":"custom-2","text_img_products_element_button_001_active":false,"text_img_products_element_button_001_text":"","text_img_products_element_button_001_link":null,"text_img_products_element_button_001_animation":"inspiration"},{"acf_fc_layout":"text_img_element","text_element_titel":"Sur les chapeaux de roue:\r\ntrouvez rapidement la bonne tenue.","text_element_titel_typ":"2","text_element_titel_size":"2-big","text_element_titel_fake":false,"text_element_content":"D\u00e9couvrez notre large gamme. Nos stocks importants nous permettent de vous livrer rapidement les textiles de votre choix pour les v\u00eatements professionnels et de travail. Avec votre marque et tout ce qui va avec, bien s\u00fbr.\r\n\r\n<a class=\"btn-primary-large\" href=\"\/fr\/shop\/categories\/vetements\/\">Parcourir les textiles<\/a>","image_element_image_element_image":null,"video_element_video_element_video":null,"video_element_video_element_autoplay":false,"video_element_video_element_frame_notebook":false,"collage_element":2859,"text_img_element_spaltenbreite":"two-third-one-third-inverted","text_img_element_orientation":"default","text_img_element_bgcolor_img_edge":false,"text_img_element_bgcolor":"white","text_img_element_padding_top":"custom-0","text_img_element_padding_bottom":"custom-0","text_img_element_margin_top":"custom-0","text_img_element_margin_bottom":"custom-3"},{"acf_fc_layout":"tabs_element","text_element_text_element_titel":"Ma\u00eetrise des:\r\ncomp\u00e9tences.","text_element_text_element_titel_typ":"2","text_element_text_element_titel_size":"2-big","text_element_text_element_titel_fake":false,"text_element_text_element_content":"Tout ce que nous pouvons faire.","tabs_element_items":[{"acf_fc_layout":"text_img_element","tabs_element_item_name":"Qualit\u00e4tsmanagement","text_img_element_":null,"text_img_element_text_element_titel":"","text_img_element_text_element_titel_typ":"3","text_img_element_text_element_titel_size":false,"text_img_element_text_element_titel_fake":false,"text_img_element_text_element_content":"Pointilleux sur la gestion de la qualit\u00e9, nous avons obtenu une certification ISO. Car des processus fluides sont essentiels. Dans le cadre du certificat ISO 9001:2015, nous r\u00e9alisons des contr\u00f4les externes pour garantir la fiabilit\u00e9 de nos processus et leur ad\u00e9quation \u00e0 chaque besoin. Notre cr\u00e9do: nous am\u00e9liorer en permanence pour permettre \u00e0 nos clients, c\u2019est-\u00e0-dire vous, de pouvoir compter sur une qualit\u00e9 sup\u00e9rieure.","text_img_element_image_element_image_element_image_element_image":null,"text_img_element_video_element_video_element_video_element_video":null,"text_img_element_video_element_video_element_video_element_autoplay":false,"text_img_element_video_element_video_element_video_element_frame_notebook":false,"text_img_element_collage_element":1682},{"acf_fc_layout":"two_cols","tabs_element_item_name":"Produktesicherheit","two_cols_flex_content_col_one":[{"acf_fc_layout":"text_element","text_element_":null,"text_element_text_element_titel":"","text_element_text_element_titel_typ":"3","text_element_text_element_titel_size":false,"text_element_text_element_titel_fake":false,"text_element_text_element_content":"Nos normes exigeantes garantissent la s\u00e9curit\u00e9 des produits. Nous veillons scrupuleusement \u00e0 ce que nos produits r\u00e9pondent \u00e0 toutes les exigences l\u00e9gales et aux normes de s\u00e9curit\u00e9 suisses. Gr\u00e2ce \u00e0 des tests cibl\u00e9s dans des laboratoires d\u2019essais accr\u00e9dit\u00e9s, nous garantissons, par exemple, que les jouets pour enfants sont conformes aux normes EN-71-1 \u00e0 3, qu\u2019aucun produit chimique interdit n\u2019est utilis\u00e9 lors de la teinture des textiles et que les lunettes de soleil, les bouchons d\u2019oreilles et les gants de cuisine sont v\u00e9rifi\u00e9s et marqu\u00e9s conformes aux normes ISO pour les EPI (\u00e9quipements de protection individuelle).\r\n\r\n<a class=\"btn-primary-large\" href=\"https:\/\/bbtrading.ch\/cms\/fr\/a-propos-de-nous\/contact\/\">Conseils<\/a>"}],"two_cols_flex_content_col_two":[{"acf_fc_layout":"slider_element","slider_element_slider_element_images":[2031,2034,2037]}]},{"acf_fc_layout":"text_img_element","tabs_element_item_name":"Produktvorschl\u00e4ge","text_img_element_":null,"text_img_element_text_element_titel":"","text_img_element_text_element_titel_typ":"3","text_img_element_text_element_titel_size":false,"text_img_element_text_element_titel_fake":false,"text_img_element_text_element_content":"Nous nous ferons un plaisir de vous pr\u00e9senter des suggestions de produits. Demandez-nous \u00e0 tout moment des id\u00e9es, des informations, de l\u2019inspiration ou des valeurs empiriques. Pour No\u00ebl, un salon, une f\u00eate d\u2019entreprise ou d\u2019autres \u00e9v\u00e9nements: nous vous proposons une gamme cr\u00e9ative de cadeaux promotionnels qui correspondent \u00e0 votre budget.\r\n\r\n<a class=\"btn-primary-large\" href=\"https:\/\/bbtrading.ch\/cms\/fr\/a-propos-de-nous\/contact\/\">Je veux en savoir plus<\/a>","text_img_element_image_element_image_element_image_element_image":null,"text_img_element_video_element_video_element_video_element_video":null,"text_img_element_video_element_video_element_video_element_autoplay":false,"text_img_element_video_element_video_element_video_element_frame_notebook":false,"text_img_element_collage_element":5458},{"acf_fc_layout":"text_img_element","tabs_element_item_name":"Grafikvorschl\u00e4ge","text_img_element_":null,"text_img_element_text_element_titel":"","text_img_element_text_element_titel_typ":"3","text_img_element_text_element_titel_size":false,"text_img_element_text_element_titel_fake":false,"text_img_element_text_element_content":"Nos suggestions graphiques vous accompagnent dans la conception de votre produit. Nos experts concr\u00e9tisent vos id\u00e9es avec style. Qu\u2019elles soient d\u00e9j\u00e0 abouties ou non. Notre savoir-faire graphique vous garantit un joli rendu final.\r\n\r\n<a class=\"btn-primary-large\" href=\"https:\/\/bbtrading.ch\/cms\/fr\/a-propos-de-nous\/contact\/\">Nous contacter<\/a>","text_img_element_image_element_image_element_image_element_image":null,"text_img_element_video_element_video_element_video_element_video":null,"text_img_element_video_element_video_element_video_element_autoplay":false,"text_img_element_video_element_video_element_video_element_frame_notebook":false,"text_img_element_collage_element":5472},{"acf_fc_layout":"text_img_element","tabs_element_item_name":"Konfektionierung","text_img_element_":null,"text_img_element_text_element_titel":"","text_img_element_text_element_titel_typ":"3","text_img_element_text_element_titel_size":false,"text_img_element_text_element_titel_fake":false,"text_img_element_text_element_content":"En mati\u00e8re de confection, nous recherchons le tomber id\u00e9al. Jusque dans les moindres d\u00e9tails. Nous nous occupons de la r\u00e9partition, de l\u2019\u00e9tiquetage, de l\u2019emballage et du reconditionnement de vos articles promotionnels. Nous proposons des options d\u2019exp\u00e9dition individuelle et de montage des sets command\u00e9s. Vous obtiendrez une publicit\u00e9 \u00e0 la fois attrayante et fonctionnelle.","text_img_element_image_element_image_element_image_element_image":null,"text_img_element_video_element_video_element_video_element_video":null,"text_img_element_video_element_video_element_video_element_autoplay":false,"text_img_element_video_element_video_element_video_element_frame_notebook":false,"text_img_element_collage_element":5535}]},{"acf_fc_layout":"ma_slider_element","text_element_override_text_element_titel":"Parlons-en: contact.","text_element_override_text_element_titel_typ":"2","text_element_override_text_element_titel_size":false,"text_element_override_text_element_titel_fake":false,"text_element_override_text_element_content":"Nous r\u00e9pondons \u00e0 vos questions relatives aux tenues vestimentaires. Et mieux encore lorsqu\u2019il s\u2019agit de v\u00eatements professionnels. Contactez-nous. Commandes, planification, mod\u00e8les sur mesure ou infos sur notre engagement durable.\r\n\r\n<a class=\"btn-primary-large\" href=\"https:\/\/bbtrading.ch\/cms\/fr\/a-propos-de-nous\/contact\/\">Nous contacter<\/a>"}]},"yoast_head":"<!-- This site is optimized with the Yoast SEO plugin v27.4 - https:\/\/yoast.com\/product\/yoast-seo-wordpress\/ -->\n<title>Tenues professionnelles | bb trading<\/title>\n<meta name=\"description\" content=\"Tenues professionnelles, v\u00eatements de s\u00e9curit\u00e9 norm\u00e9s et de haute qualit\u00e9, v\u00eatements de travail, v\u00eatements de sport fonctionnels ou tenues de salon. Chez nous, vous trouverez tout ce que vous cherchez.\" \/>\n<meta name=\"robots\" content=\"index, follow, max-snippet:-1, max-image-preview:large, max-video-preview:-1\" \/>\n<link rel=\"canonical\" href=\"https:\/\/bbtrading.ch\/cms\/fr\/services\/tenues-professionnelles\/\" \/>\n<meta property=\"og:locale\" content=\"fr_FR\" \/>\n<meta property=\"og:type\" content=\"article\" \/>\n<meta property=\"og:title\" content=\"Tenues professionnelles | bb trading\" \/>\n<meta property=\"og:description\" content=\"Tenues professionnelles, v\u00eatements de s\u00e9curit\u00e9 norm\u00e9s et de haute qualit\u00e9, v\u00eatements de travail, v\u00eatements de sport fonctionnels ou tenues de salon. Chez nous, vous trouverez tout ce que vous cherchez.\" \/>\n<meta property=\"og:url\" content=\"https:\/\/bbtrading.ch\/cms\/fr\/services\/tenues-professionnelles\/\" \/>\n<meta property=\"og:site_name\" content=\"bb trading\" \/>\n<meta property=\"article:modified_time\" content=\"2025-11-11T08:00:02+00:00\" \/>\n<meta property=\"og:image\" content=\"https:\/\/bbtrading.ch\/cms\/wp-content\/uploads\/2025\/02\/bbtrading-og-image.png\" \/>\n\t<meta property=\"og:image:width\" content=\"1200\" \/>\n\t<meta property=\"og:image:height\" content=\"630\" \/>\n\t<meta property=\"og:image:type\" content=\"image\/png\" \/>\n<meta name=\"twitter:card\" content=\"summary_large_image\" \/>\n<meta name=\"twitter:label1\" content=\"Dur\u00e9e de lecture estim\u00e9e\" \/>\n\t<meta name=\"twitter:data1\" content=\"7 minutes\" \/>\n<script type=\"application\/ld+json\" class=\"yoast-schema-graph\">{\"@context\":\"https:\\\/\\\/schema.org\",\"@graph\":[{\"@type\":\"WebPage\",\"@id\":\"https:\\\/\\\/bbtrading.ch\\\/cms\\\/fr\\\/services\\\/tenues-professionnelles\\\/\",\"url\":\"https:\\\/\\\/bbtrading.ch\\\/cms\\\/fr\\\/services\\\/tenues-professionnelles\\\/\",\"name\":\"Tenues professionnelles | bb trading\",\"isPartOf\":{\"@id\":\"https:\\\/\\\/bbtrading.ch\\\/cms\\\/fr\\\/#website\"},\"datePublished\":\"2024-01-23T13:00:27+00:00\",\"dateModified\":\"2025-11-11T08:00:02+00:00\",\"description\":\"Tenues professionnelles, v\u00eatements de s\u00e9curit\u00e9 norm\u00e9s et de haute qualit\u00e9, v\u00eatements de travail, v\u00eatements de sport fonctionnels ou tenues de salon. Chez nous, vous trouverez tout ce que vous cherchez.\",\"breadcrumb\":{\"@id\":\"https:\\\/\\\/bbtrading.ch\\\/cms\\\/fr\\\/services\\\/tenues-professionnelles\\\/#breadcrumb\"},\"inLanguage\":\"fr-FR\",\"potentialAction\":[{\"@type\":\"ReadAction\",\"target\":[\"https:\\\/\\\/bbtrading.ch\\\/cms\\\/fr\\\/services\\\/tenues-professionnelles\\\/\"]}]},{\"@type\":\"BreadcrumbList\",\"@id\":\"https:\\\/\\\/bbtrading.ch\\\/cms\\\/fr\\\/services\\\/tenues-professionnelles\\\/#breadcrumb\",\"itemListElement\":[{\"@type\":\"ListItem\",\"position\":1,\"name\":\"Home\",\"item\":\"https:\\\/\\\/bbtrading.ch\\\/cms\\\/fr\\\/\"},{\"@type\":\"ListItem\",\"position\":2,\"name\":\"Services\",\"item\":\"https:\\\/\\\/bbtrading.ch\\\/cms\\\/fr\\\/services\\\/\"},{\"@type\":\"ListItem\",\"position\":3,\"name\":\"Tenues professionnelles\"}]},{\"@type\":\"WebSite\",\"@id\":\"https:\\\/\\\/bbtrading.ch\\\/cms\\\/fr\\\/#website\",\"url\":\"https:\\\/\\\/bbtrading.ch\\\/cms\\\/fr\\\/\",\"name\":\"bb trading\",\"description\":\"\",\"publisher\":{\"@id\":\"https:\\\/\\\/bbtrading.ch\\\/cms\\\/fr\\\/#organization\"},\"potentialAction\":[{\"@type\":\"SearchAction\",\"target\":{\"@type\":\"EntryPoint\",\"urlTemplate\":\"https:\\\/\\\/bbtrading.ch\\\/cms\\\/fr\\\/?s={search_term_string}\"},\"query-input\":{\"@type\":\"PropertyValueSpecification\",\"valueRequired\":true,\"valueName\":\"search_term_string\"}}],\"inLanguage\":\"fr-FR\"},{\"@type\":\"Organization\",\"@id\":\"https:\\\/\\\/bbtrading.ch\\\/cms\\\/fr\\\/#organization\",\"name\":\"bb trading werbeartikel AG\",\"alternateName\":\"bb trading\",\"url\":\"https:\\\/\\\/bbtrading.ch\\\/cms\\\/fr\\\/\",\"logo\":{\"@type\":\"ImageObject\",\"inLanguage\":\"fr-FR\",\"@id\":\"https:\\\/\\\/bbtrading.ch\\\/cms\\\/fr\\\/#\\\/schema\\\/logo\\\/image\\\/\",\"url\":\"https:\\\/\\\/bbtrading.ch\\\/cms\\\/wp-content\\\/uploads\\\/2025\\\/02\\\/bbtrading-organisations-logo.png\",\"contentUrl\":\"https:\\\/\\\/bbtrading.ch\\\/cms\\\/wp-content\\\/uploads\\\/2025\\\/02\\\/bbtrading-organisations-logo.png\",\"width\":696,\"height\":696,\"caption\":\"bb trading werbeartikel AG\"},\"image\":{\"@id\":\"https:\\\/\\\/bbtrading.ch\\\/cms\\\/fr\\\/#\\\/schema\\\/logo\\\/image\\\/\"}}]}<\/script>\n<!-- \/ Yoast SEO plugin. -->","yoast_head_json":{"title":"Tenues professionnelles | bb trading","description":"Tenues professionnelles, v\u00eatements de s\u00e9curit\u00e9 norm\u00e9s et de haute qualit\u00e9, v\u00eatements de travail, v\u00eatements de sport fonctionnels ou tenues de salon. Chez nous, vous trouverez tout ce que vous cherchez.","robots":{"index":"index","follow":"follow","max-snippet":"max-snippet:-1","max-image-preview":"max-image-preview:large","max-video-preview":"max-video-preview:-1"},"canonical":"https:\/\/bbtrading.ch\/cms\/fr\/services\/tenues-professionnelles\/","og_locale":"fr_FR","og_type":"article","og_title":"Tenues professionnelles | bb trading","og_description":"Tenues professionnelles, v\u00eatements de s\u00e9curit\u00e9 norm\u00e9s et de haute qualit\u00e9, v\u00eatements de travail, v\u00eatements de sport fonctionnels ou tenues de salon. Chez nous, vous trouverez tout ce que vous cherchez.","og_url":"https:\/\/bbtrading.ch\/cms\/fr\/services\/tenues-professionnelles\/","og_site_name":"bb trading","article_modified_time":"2025-11-11T08:00:02+00:00","og_image":[{"width":1200,"height":630,"url":"https:\/\/bbtrading.ch\/cms\/wp-content\/uploads\/2025\/02\/bbtrading-og-image.png","type":"image\/png"}],"twitter_card":"summary_large_image","twitter_misc":{"Dur\u00e9e de lecture estim\u00e9e":"7 minutes"},"schema":{"@context":"https:\/\/schema.org","@graph":[{"@type":"WebPage","@id":"https:\/\/bbtrading.ch\/cms\/fr\/services\/tenues-professionnelles\/","url":"https:\/\/bbtrading.ch\/cms\/fr\/services\/tenues-professionnelles\/","name":"Tenues professionnelles | bb trading","isPartOf":{"@id":"https:\/\/bbtrading.ch\/cms\/fr\/#website"},"datePublished":"2024-01-23T13:00:27+00:00","dateModified":"2025-11-11T08:00:02+00:00","description":"Tenues professionnelles, v\u00eatements de s\u00e9curit\u00e9 norm\u00e9s et de haute qualit\u00e9, v\u00eatements de travail, v\u00eatements de sport fonctionnels ou tenues de salon. Chez nous, vous trouverez tout ce que vous cherchez.","breadcrumb":{"@id":"https:\/\/bbtrading.ch\/cms\/fr\/services\/tenues-professionnelles\/#breadcrumb"},"inLanguage":"fr-FR","potentialAction":[{"@type":"ReadAction","target":["https:\/\/bbtrading.ch\/cms\/fr\/services\/tenues-professionnelles\/"]}]},{"@type":"BreadcrumbList","@id":"https:\/\/bbtrading.ch\/cms\/fr\/services\/tenues-professionnelles\/#breadcrumb","itemListElement":[{"@type":"ListItem","position":1,"name":"Home","item":"https:\/\/bbtrading.ch\/cms\/fr\/"},{"@type":"ListItem","position":2,"name":"Services","item":"https:\/\/bbtrading.ch\/cms\/fr\/services\/"},{"@type":"ListItem","position":3,"name":"Tenues professionnelles"}]},{"@type":"WebSite","@id":"https:\/\/bbtrading.ch\/cms\/fr\/#website","url":"https:\/\/bbtrading.ch\/cms\/fr\/","name":"bb trading","description":"","publisher":{"@id":"https:\/\/bbtrading.ch\/cms\/fr\/#organization"},"potentialAction":[{"@type":"SearchAction","target":{"@type":"EntryPoint","urlTemplate":"https:\/\/bbtrading.ch\/cms\/fr\/?s={search_term_string}"},"query-input":{"@type":"PropertyValueSpecification","valueRequired":true,"valueName":"search_term_string"}}],"inLanguage":"fr-FR"},{"@type":"Organization","@id":"https:\/\/bbtrading.ch\/cms\/fr\/#organization","name":"bb trading werbeartikel AG","alternateName":"bb trading","url":"https:\/\/bbtrading.ch\/cms\/fr\/","logo":{"@type":"ImageObject","inLanguage":"fr-FR","@id":"https:\/\/bbtrading.ch\/cms\/fr\/#\/schema\/logo\/image\/","url":"https:\/\/bbtrading.ch\/cms\/wp-content\/uploads\/2025\/02\/bbtrading-organisations-logo.png","contentUrl":"https:\/\/bbtrading.ch\/cms\/wp-content\/uploads\/2025\/02\/bbtrading-organisations-logo.png","width":696,"height":696,"caption":"bb trading werbeartikel AG"},"image":{"@id":"https:\/\/bbtrading.ch\/cms\/fr\/#\/schema\/logo\/image\/"}}]}},"_links":{"self":[{"href":"https:\/\/bbtrading.ch\/cms\/fr\/wp-json\/wp\/v2\/pages\/1782","targetHints":{"allow":["GET"]}}],"collection":[{"href":"https:\/\/bbtrading.ch\/cms\/fr\/wp-json\/wp\/v2\/pages"}],"about":[{"href":"https:\/\/bbtrading.ch\/cms\/fr\/wp-json\/wp\/v2\/types\/page"}],"author":[{"embeddable":true,"href":"https:\/\/bbtrading.ch\/cms\/fr\/wp-json\/wp\/v2\/users\/1"}],"replies":[{"embeddable":true,"href":"https:\/\/bbtrading.ch\/cms\/fr\/wp-json\/wp\/v2\/comments?post=1782"}],"version-history":[{"count":15,"href":"https:\/\/bbtrading.ch\/cms\/fr\/wp-json\/wp\/v2\/pages\/1782\/revisions"}],"predecessor-version":[{"id":14229,"href":"https:\/\/bbtrading.ch\/cms\/fr\/wp-json\/wp\/v2\/pages\/1782\/revisions\/14229"}],"up":[{"embeddable":true,"href":"https:\/\/bbtrading.ch\/cms\/fr\/wp-json\/wp\/v2\/pages\/1772"}],"wp:attachment":[{"href":"https:\/\/bbtrading.ch\/cms\/fr\/wp-json\/wp\/v2\/media?parent=1782"}],"curies":[{"name":"wp","href":"https:\/\/api.w.org\/{rel}","templated":true}]}}