{"id":1778,"date":"2024-01-23T14:00:27","date_gmt":"2024-01-23T13:00:27","guid":{"rendered":"https:\/\/bbtrading.dev6\/cms\/services\/sonderanfertigungen\/"},"modified":"2026-03-13T10:28:29","modified_gmt":"2026-03-13T09:28:29","slug":"fabrications-sur-mesure","status":"publish","type":"page","link":"https:\/\/bbtrading.ch\/cms\/fr\/services\/fabrications-sur-mesure\/","title":{"rendered":"Fabrications sur mesure"},"content":{"rendered":"","protected":false},"excerpt":{"rendered":"","protected":false},"author":1,"featured_media":0,"parent":1772,"menu_order":3,"comment_status":"closed","ping_status":"closed","template":"","meta":{"_acf_changed":false,"inline_featured_image":false,"footnotes":""},"class_list":["post-1778","page","type-page","status-publish","hentry"],"acf":{"inhaltselemente":[{"acf_fc_layout":"text_element","text_element_titel":"La p\u00e9pite:\r\nnos fabrications sur mesure .","text_element_titel_typ":"1","text_element_titel_size":"2-big","text_element_titel_fake":false,"text_element_content":"Impossible? Pas chez nous. Nous r\u00e9pondons \u00e0 toutes vos demandes sp\u00e9ciales. Notre expertise nous permet de presque tout r\u00e9aliser. Laissez libre cours \u00e0 votre imagination. Faites-nous part de vos id\u00e9es, aussi farfelues soient-elles. D\u2019ailleurs: une fois l\u2019id\u00e9e concr\u00e9tis\u00e9e, nous vous proposons l\u2019emballage qui va avec.\r\n\r\n<a class=\"btn-primary-large\" href=\"https:\/\/bbtrading.ch\/cms\/fr\/a-propos-de-nous\/contact\/\">Vos id\u00e9es les plus folles<\/a>","text_element_layout":"centered","text_element_bgcolor":"default","text_element_margin_bottom":"custom-3"},{"acf_fc_layout":"text_img_products_element","text_element_titel":"Bienvenue:\r\nau paradis du sur-mesure.","text_element_titel_typ":"2","text_element_titel_size":"3-bold","text_element_titel_fake":false,"text_element_content":"Ici, vous pouvez vous \u00e9clater. Produisez des articles tels que des sacs dans toutes sortes de formes, couleurs, mat\u00e9riaux et marques. Amusez-vous bien!\r\n\r\n<a class=\"btn-secondary-large\" href=\"https:\/\/bbtrading.ch\/cms\/fr\/a-propos-de-nous\/contact\/\">Demander des fabrications sur mesure <\/a>","text_img_products_element_imgs":[2680,2683,2686,2689,2692,2662,2665,2668,2671,2674,2677],"text_img_element_orientation":"default","text_img_element_bgcolor":"rosa-50","text_img_element_margin_bottom":"custom-2","text_img_products_element_button_001_active":false,"text_img_products_element_button_001_text":"","text_img_products_element_button_001_link":null,"text_img_products_element_button_001_animation":"inspiration"},{"acf_fc_layout":"header_element","header_element_titel":"The Making of:\r\ncomment votre sur-mesure prend vie.","header_element_typ":"2","header_element_size":"3-bold","header_element_fake":false,"header_element_margin-bottom":"custom-0"},{"acf_fc_layout":"sonderanfertigung_steps_element","sonderanfertigung_steps_element_steps":[{"sonderanfertigung_steps_element_step_title":"Id\u00e9e","sonderanfertigung_steps_element_step_text":"Tout commence par l\u2019id\u00e9e et notre cr\u00e9do reste le m\u00eame: rien n\u2019est impossible! Faites-nous part de votre id\u00e9e de forme personnalis\u00e9e ou de caract\u00e9ristique particuli\u00e8re. Nous nous occupons du reste. Check!","sonderanfertigung_steps_element_step_img":1968},{"sonderanfertigung_steps_element_step_title":"Cr\u00e9ation","sonderanfertigung_steps_element_step_text":"Notre engrenage se met en marche. Notre \u00e9quipe de fabrications sur mesure  v\u00e9rifie la faisabilit\u00e9 et les tarifs. L\u2019\u00e9quipe graphique cr\u00e9e une maquette pour la production finale.","sonderanfertigung_steps_element_step_img":9082},{"sonderanfertigung_steps_element_step_title":"R\u00e9alisation","sonderanfertigung_steps_element_step_text":"C\u2019est parti! \u00c0 l\u2019\u00e9tape 3, nous cr\u00e9ons des prototypes pour lancer la production. Notre \u00e9quipe de traitement des commandes s\u2019assure que votre fabrication sur mesure est pr\u00e9sent\u00e9 au bon endroit, au bon moment.","sonderanfertigung_steps_element_step_img":1974}]},{"acf_fc_layout":"tabs_element","text_element_text_element_titel":"Ma\u00eetrise des:\r\ncomp\u00e9tences.","text_element_text_element_titel_typ":"2","text_element_text_element_titel_size":"2-big","text_element_text_element_titel_fake":false,"text_element_text_element_content":"Tout ce que nous pouvons faire.","tabs_element_items":[{"acf_fc_layout":"text_img_element","tabs_element_item_name":"Gestion de la qualit\u00e9","text_img_element_":null,"text_img_element_text_element_titel":"","text_img_element_text_element_titel_typ":"3","text_img_element_text_element_titel_size":false,"text_img_element_text_element_titel_fake":false,"text_img_element_text_element_content":"Pointilleux sur la gestion de la qualit\u00e9, nous avons obtenu une certification ISO. Car des processus fluides sont essentiels. Dans le cadre du certificat ISO 9001:2015, nous r\u00e9alisons des contr\u00f4les externes pour garantir la fiabilit\u00e9 de nos processus et leur ad\u00e9quation \u00e0 chaque besoin. Notre cr\u00e9do: nous am\u00e9liorer en permanence pour permettre \u00e0 nos clients, c\u2019est-\u00e0-dire vous, de pouvoir compter sur une qualit\u00e9 sup\u00e9rieure.","text_img_element_image_element_image_element_image_element_image":null,"text_img_element_video_element_video_element_video_element_video":null,"text_img_element_video_element_video_element_video_element_autoplay":false,"text_img_element_video_element_video_element_video_element_frame_notebook":false,"text_img_element_collage_element":1682},{"acf_fc_layout":"two_cols","tabs_element_item_name":"S\u00e9curit\u00e9 des produits","two_cols_flex_content_col_one":[{"acf_fc_layout":"text_element","text_element_":null,"text_element_text_element_titel":"","text_element_text_element_titel_typ":"3","text_element_text_element_titel_size":false,"text_element_text_element_titel_fake":false,"text_element_text_element_content":"Nos normes exigeantes garantissent la s\u00e9curit\u00e9 des produits. Nous veillons scrupuleusement \u00e0 ce que nos produits r\u00e9pondent \u00e0 toutes les exigences l\u00e9gales et aux normes de s\u00e9curit\u00e9 suisses. Gr\u00e2ce \u00e0 des tests cibl\u00e9s dans des laboratoires d\u2019essais accr\u00e9dit\u00e9s, nous garantissons, par exemple, que les jouets pour enfants sont conformes aux normes EN-71-1 \u00e0 3, qu\u2019aucun produit chimique interdit n\u2019est utilis\u00e9 lors de la teinture des textiles et que les lunettes de soleil, les bouchons d\u2019oreilles et les gants de cuisine sont v\u00e9rifi\u00e9s et marqu\u00e9s conformes aux normes ISO pour les EPI (\u00e9quipements de protection individuelle).\r\n\r\n<a class=\"btn-primary-large\" href=\"https:\/\/bbtrading.ch\/cms\/fr\/a-propos-de-nous\/contact\/\">Conseils<\/a>"}],"two_cols_flex_content_col_two":[{"acf_fc_layout":"slider_element","slider_element_slider_element_images":[2031,2034,2037]}]},{"acf_fc_layout":"text_img_element","tabs_element_item_name":"Propositions de produits","text_img_element_":null,"text_img_element_text_element_titel":"","text_img_element_text_element_titel_typ":"3","text_img_element_text_element_titel_size":false,"text_img_element_text_element_titel_fake":false,"text_img_element_text_element_content":"Nous nous ferons un plaisir de vous pr\u00e9senter des suggestions de produits. Demandez-nous \u00e0 tout moment des id\u00e9es, des informations, de l\u2019inspiration ou des valeurs empiriques. Pour No\u00ebl, un salon, une f\u00eate d\u2019entreprise ou d\u2019autres \u00e9v\u00e9nements: nous vous proposons une gamme cr\u00e9ative de cadeaux promotionnels qui correspondent \u00e0 votre budget.\r\n\r\n<a class=\"btn-primary-large\" href=\"https:\/\/bbtrading.ch\/cms\/fr\/a-propos-de-nous\/contact\/\">Je veux en savoir plus<\/a>","text_img_element_image_element_image_element_image_element_image":null,"text_img_element_video_element_video_element_video_element_video":null,"text_img_element_video_element_video_element_video_element_autoplay":false,"text_img_element_video_element_video_element_video_element_frame_notebook":false,"text_img_element_collage_element":1688},{"acf_fc_layout":"text_img_element","tabs_element_item_name":"Propositions graphiques","text_img_element_":null,"text_img_element_text_element_titel":"","text_img_element_text_element_titel_typ":"3","text_img_element_text_element_titel_size":false,"text_img_element_text_element_titel_fake":false,"text_img_element_text_element_content":"Nos suggestions graphiques vous accompagnent dans la conception de votre produit. Nos experts concr\u00e9tisent vos id\u00e9es avec style. Qu\u2019elles soient d\u00e9j\u00e0 abouties ou non. Notre savoir-faire graphique vous garantit un joli rendu final.\r\n\r\n<a class=\"btn-primary-large\" href=\"https:\/\/bbtrading.ch\/cms\/fr\/a-propos-de-nous\/contact\/\">Nous contacter<\/a>","text_img_element_image_element_image_element_image_element_image":null,"text_img_element_video_element_video_element_video_element_video":null,"text_img_element_video_element_video_element_video_element_autoplay":false,"text_img_element_video_element_video_element_video_element_frame_notebook":false,"text_img_element_collage_element":5472},{"acf_fc_layout":"text_img_element","tabs_element_item_name":"Conditionnement","text_img_element_":null,"text_img_element_text_element_titel":"","text_img_element_text_element_titel_typ":"3","text_img_element_text_element_titel_size":false,"text_img_element_text_element_titel_fake":false,"text_img_element_text_element_content":"En mati\u00e8re de confection, nous recherchons le tomber id\u00e9al. Jusque dans les moindres d\u00e9tails. Nous nous occupons de la r\u00e9partition, de l\u2019\u00e9tiquetage, de l\u2019emballage et du reconditionnement de vos articles promotionnels. Nous proposons des options d\u2019exp\u00e9dition individuelle et de montage des sets command\u00e9s. Vous obtiendrez une publicit\u00e9 \u00e0 la fois attrayante et fonctionnelle.","text_img_element_image_element_image_element_image_element_image":null,"text_img_element_video_element_video_element_video_element_video":null,"text_img_element_video_element_video_element_video_element_autoplay":false,"text_img_element_video_element_video_element_video_element_frame_notebook":false,"text_img_element_collage_element":5535}]},{"acf_fc_layout":"slider_text_two_element","slider_text_two_element_items":[{"acf_fc_layout":"text_img_element","text_img_element_":null,"text_img_element_text_element_titel":"Naturellement:\r\nUne production durable!","text_img_element_text_element_titel_typ":"2","text_img_element_text_element_titel_size":"2-big","text_img_element_text_element_titel_fake":false,"text_img_element_text_element_content":"Donnez un signal clair pour un monde meilleur: notre large gamme d\u2019articles promotionnels durables profite \u00e0 l\u2019environnement, au climat et \u00e0 la communaut\u00e9. Et ce n\u2019est pas tout: nous sommes un partenaire certifi\u00e9 pour notre gestion environnementale exemplaire selon la norme ISO mondialement reconnue.\r\n\r\n<a class=\"btn-secondary-a\" href=\"https:\/\/bbtrading.ch\/cms\/fr\/durabilite\/\">Vers le concept de durabilit\u00e9<\/a>","text_img_element_image_element_image_element_image_element_image":985,"text_img_element_image_element_image_element_image_element_lightbox":false}],"slider_text_two_element_margin_bottom":"custom-3"},{"acf_fc_layout":"slider_text_img_three_element","slider_text_img_three_element_items_reference_objects":null,"slider_text_img_three_element_items_reference_categories":[49],"slider_text_img_three_element_items":[{"acf_fc_layout":"text_img_element","text_img_element_":null,"text_img_element_text_element_titel":"blessed: Starbucks feiert in unseren Poloshirts.","text_img_element_text_element_titel_typ":"2","text_img_element_text_element_titel_size":false,"text_img_element_text_element_titel_fake":false,"text_img_element_text_element_content":"<a class=\"btn-secondary-extra-large\" href=\"https:\/\/bbtrading.ch\/cms\/en\/references\/\">Referenzen ansehen<\/a>","text_img_element_image_element_image_element_image_element_image":596,"text_img_element_image_element_image_element_image_element_lightbox":false,"text_img_element_video_element_video_element_video_element_video":null,"text_img_element_video_element_video_element_video_element_autoplay":false,"text_img_element_video_element_video_element_video_element_frame_notebook":false},{"acf_fc_layout":"text_img_element","text_img_element_":null,"text_img_element_text_element_titel":"blessed: Starbucks feiert in unseren Poloshirts.","text_img_element_text_element_titel_typ":"2","text_img_element_text_element_titel_size":false,"text_img_element_text_element_titel_fake":false,"text_img_element_text_element_content":"<a class=\"btn-secondary-extra-large\" href=\"https:\/\/bbtrading.ch\/cms\/en\/references\/\">Referenzen ansehen<\/a>","text_img_element_image_element_image_element_image_element_image":599,"text_img_element_image_element_image_element_image_element_lightbox":false,"text_img_element_video_element_video_element_video_element_video":null,"text_img_element_video_element_video_element_video_element_autoplay":false,"text_img_element_video_element_video_element_video_element_frame_notebook":false}]},{"acf_fc_layout":"ma_slider_element","text_element_override_text_element_titel":"Parlons-en: contact.","text_element_override_text_element_titel_typ":"2","text_element_override_text_element_titel_size":"3-bold","text_element_override_text_element_titel_fake":false,"text_element_override_text_element_content":"Inspir\u00e9? Faites-nous part de votre id\u00e9e de fabrication sur mesure. Pas besoin d\u2019attendre qu\u2019elle soit aboutie. Nous serons ravis de r\u00e9pondre \u00e0 tous vos besoins, notamment de planification et de tarification, pour vos id\u00e9es originales.\r\n\r\n<a class=\"btn-primary-large\" href=\"https:\/\/bbtrading.ch\/cms\/fr\/a-propos-de-nous\/contact\/\">Nous contacter<\/a>"}]},"yoast_head":"<!-- This site is optimized with the Yoast SEO plugin v27.3 - https:\/\/yoast.com\/product\/yoast-seo-wordpress\/ -->\n<title>Articles promotionnels sur mesure | bb trading<\/title>\n<meta name=\"description\" content=\"Impossible? Pas pour nous! Pour vos demandes sp\u00e9ciales, nous cr\u00e9ons des articles promotionnels sur mesure, parfaitement adapt\u00e9s \u00e0 votre marque.\" \/>\n<meta name=\"robots\" content=\"index, follow, max-snippet:-1, max-image-preview:large, max-video-preview:-1\" \/>\n<link rel=\"canonical\" href=\"https:\/\/bbtrading.ch\/cms\/fr\/services\/fabrications-sur-mesure\/\" \/>\n<meta property=\"og:locale\" content=\"fr_FR\" \/>\n<meta property=\"og:type\" content=\"article\" \/>\n<meta property=\"og:title\" content=\"Articles promotionnels sur mesure | bb trading\" \/>\n<meta property=\"og:description\" content=\"Impossible? Pas pour nous! Pour vos demandes sp\u00e9ciales, nous cr\u00e9ons des articles promotionnels sur mesure, parfaitement adapt\u00e9s \u00e0 votre marque.\" \/>\n<meta property=\"og:url\" content=\"https:\/\/bbtrading.ch\/cms\/fr\/services\/fabrications-sur-mesure\/\" \/>\n<meta property=\"og:site_name\" content=\"bb trading\" \/>\n<meta property=\"article:modified_time\" content=\"2026-03-13T09:28:29+00:00\" \/>\n<meta property=\"og:image\" content=\"https:\/\/bbtrading.ch\/cms\/wp-content\/uploads\/2025\/02\/bbtrading-og-image.png\" \/>\n\t<meta property=\"og:image:width\" content=\"1200\" \/>\n\t<meta property=\"og:image:height\" content=\"630\" \/>\n\t<meta property=\"og:image:type\" content=\"image\/png\" \/>\n<meta name=\"twitter:card\" content=\"summary_large_image\" \/>\n<meta name=\"twitter:label1\" content=\"Dur\u00e9e de lecture estim\u00e9e\" \/>\n\t<meta name=\"twitter:data1\" content=\"8 minutes\" \/>\n<script type=\"application\/ld+json\" class=\"yoast-schema-graph\">{\"@context\":\"https:\\\/\\\/schema.org\",\"@graph\":[{\"@type\":\"WebPage\",\"@id\":\"https:\\\/\\\/bbtrading.ch\\\/cms\\\/fr\\\/services\\\/fabrications-sur-mesure\\\/\",\"url\":\"https:\\\/\\\/bbtrading.ch\\\/cms\\\/fr\\\/services\\\/fabrications-sur-mesure\\\/\",\"name\":\"Articles promotionnels sur mesure | bb trading\",\"isPartOf\":{\"@id\":\"https:\\\/\\\/bbtrading.ch\\\/cms\\\/fr\\\/#website\"},\"datePublished\":\"2024-01-23T13:00:27+00:00\",\"dateModified\":\"2026-03-13T09:28:29+00:00\",\"description\":\"Impossible? Pas pour nous! Pour vos demandes sp\u00e9ciales, nous cr\u00e9ons des articles promotionnels sur mesure, parfaitement adapt\u00e9s \u00e0 votre marque.\",\"breadcrumb\":{\"@id\":\"https:\\\/\\\/bbtrading.ch\\\/cms\\\/fr\\\/services\\\/fabrications-sur-mesure\\\/#breadcrumb\"},\"inLanguage\":\"fr-FR\",\"potentialAction\":[{\"@type\":\"ReadAction\",\"target\":[\"https:\\\/\\\/bbtrading.ch\\\/cms\\\/fr\\\/services\\\/fabrications-sur-mesure\\\/\"]}]},{\"@type\":\"BreadcrumbList\",\"@id\":\"https:\\\/\\\/bbtrading.ch\\\/cms\\\/fr\\\/services\\\/fabrications-sur-mesure\\\/#breadcrumb\",\"itemListElement\":[{\"@type\":\"ListItem\",\"position\":1,\"name\":\"Home\",\"item\":\"https:\\\/\\\/bbtrading.ch\\\/cms\\\/fr\\\/\"},{\"@type\":\"ListItem\",\"position\":2,\"name\":\"Services\",\"item\":\"https:\\\/\\\/bbtrading.ch\\\/cms\\\/fr\\\/services\\\/\"},{\"@type\":\"ListItem\",\"position\":3,\"name\":\"Fabrications sur mesure\"}]},{\"@type\":\"WebSite\",\"@id\":\"https:\\\/\\\/bbtrading.ch\\\/cms\\\/fr\\\/#website\",\"url\":\"https:\\\/\\\/bbtrading.ch\\\/cms\\\/fr\\\/\",\"name\":\"bb trading\",\"description\":\"\",\"publisher\":{\"@id\":\"https:\\\/\\\/bbtrading.ch\\\/cms\\\/fr\\\/#organization\"},\"potentialAction\":[{\"@type\":\"SearchAction\",\"target\":{\"@type\":\"EntryPoint\",\"urlTemplate\":\"https:\\\/\\\/bbtrading.ch\\\/cms\\\/fr\\\/?s={search_term_string}\"},\"query-input\":{\"@type\":\"PropertyValueSpecification\",\"valueRequired\":true,\"valueName\":\"search_term_string\"}}],\"inLanguage\":\"fr-FR\"},{\"@type\":\"Organization\",\"@id\":\"https:\\\/\\\/bbtrading.ch\\\/cms\\\/fr\\\/#organization\",\"name\":\"bb trading werbeartikel AG\",\"alternateName\":\"bb trading\",\"url\":\"https:\\\/\\\/bbtrading.ch\\\/cms\\\/fr\\\/\",\"logo\":{\"@type\":\"ImageObject\",\"inLanguage\":\"fr-FR\",\"@id\":\"https:\\\/\\\/bbtrading.ch\\\/cms\\\/fr\\\/#\\\/schema\\\/logo\\\/image\\\/\",\"url\":\"https:\\\/\\\/bbtrading.ch\\\/cms\\\/wp-content\\\/uploads\\\/2025\\\/02\\\/bbtrading-organisations-logo.png\",\"contentUrl\":\"https:\\\/\\\/bbtrading.ch\\\/cms\\\/wp-content\\\/uploads\\\/2025\\\/02\\\/bbtrading-organisations-logo.png\",\"width\":696,\"height\":696,\"caption\":\"bb trading werbeartikel AG\"},\"image\":{\"@id\":\"https:\\\/\\\/bbtrading.ch\\\/cms\\\/fr\\\/#\\\/schema\\\/logo\\\/image\\\/\"}}]}<\/script>\n<!-- \/ Yoast SEO plugin. -->","yoast_head_json":{"title":"Articles promotionnels sur mesure | bb trading","description":"Impossible? Pas pour nous! Pour vos demandes sp\u00e9ciales, nous cr\u00e9ons des articles promotionnels sur mesure, parfaitement adapt\u00e9s \u00e0 votre marque.","robots":{"index":"index","follow":"follow","max-snippet":"max-snippet:-1","max-image-preview":"max-image-preview:large","max-video-preview":"max-video-preview:-1"},"canonical":"https:\/\/bbtrading.ch\/cms\/fr\/services\/fabrications-sur-mesure\/","og_locale":"fr_FR","og_type":"article","og_title":"Articles promotionnels sur mesure | bb trading","og_description":"Impossible? Pas pour nous! Pour vos demandes sp\u00e9ciales, nous cr\u00e9ons des articles promotionnels sur mesure, parfaitement adapt\u00e9s \u00e0 votre marque.","og_url":"https:\/\/bbtrading.ch\/cms\/fr\/services\/fabrications-sur-mesure\/","og_site_name":"bb trading","article_modified_time":"2026-03-13T09:28:29+00:00","og_image":[{"width":1200,"height":630,"url":"https:\/\/bbtrading.ch\/cms\/wp-content\/uploads\/2025\/02\/bbtrading-og-image.png","type":"image\/png"}],"twitter_card":"summary_large_image","twitter_misc":{"Dur\u00e9e de lecture estim\u00e9e":"8 minutes"},"schema":{"@context":"https:\/\/schema.org","@graph":[{"@type":"WebPage","@id":"https:\/\/bbtrading.ch\/cms\/fr\/services\/fabrications-sur-mesure\/","url":"https:\/\/bbtrading.ch\/cms\/fr\/services\/fabrications-sur-mesure\/","name":"Articles promotionnels sur mesure | bb trading","isPartOf":{"@id":"https:\/\/bbtrading.ch\/cms\/fr\/#website"},"datePublished":"2024-01-23T13:00:27+00:00","dateModified":"2026-03-13T09:28:29+00:00","description":"Impossible? Pas pour nous! Pour vos demandes sp\u00e9ciales, nous cr\u00e9ons des articles promotionnels sur mesure, parfaitement adapt\u00e9s \u00e0 votre marque.","breadcrumb":{"@id":"https:\/\/bbtrading.ch\/cms\/fr\/services\/fabrications-sur-mesure\/#breadcrumb"},"inLanguage":"fr-FR","potentialAction":[{"@type":"ReadAction","target":["https:\/\/bbtrading.ch\/cms\/fr\/services\/fabrications-sur-mesure\/"]}]},{"@type":"BreadcrumbList","@id":"https:\/\/bbtrading.ch\/cms\/fr\/services\/fabrications-sur-mesure\/#breadcrumb","itemListElement":[{"@type":"ListItem","position":1,"name":"Home","item":"https:\/\/bbtrading.ch\/cms\/fr\/"},{"@type":"ListItem","position":2,"name":"Services","item":"https:\/\/bbtrading.ch\/cms\/fr\/services\/"},{"@type":"ListItem","position":3,"name":"Fabrications sur mesure"}]},{"@type":"WebSite","@id":"https:\/\/bbtrading.ch\/cms\/fr\/#website","url":"https:\/\/bbtrading.ch\/cms\/fr\/","name":"bb trading","description":"","publisher":{"@id":"https:\/\/bbtrading.ch\/cms\/fr\/#organization"},"potentialAction":[{"@type":"SearchAction","target":{"@type":"EntryPoint","urlTemplate":"https:\/\/bbtrading.ch\/cms\/fr\/?s={search_term_string}"},"query-input":{"@type":"PropertyValueSpecification","valueRequired":true,"valueName":"search_term_string"}}],"inLanguage":"fr-FR"},{"@type":"Organization","@id":"https:\/\/bbtrading.ch\/cms\/fr\/#organization","name":"bb trading werbeartikel AG","alternateName":"bb trading","url":"https:\/\/bbtrading.ch\/cms\/fr\/","logo":{"@type":"ImageObject","inLanguage":"fr-FR","@id":"https:\/\/bbtrading.ch\/cms\/fr\/#\/schema\/logo\/image\/","url":"https:\/\/bbtrading.ch\/cms\/wp-content\/uploads\/2025\/02\/bbtrading-organisations-logo.png","contentUrl":"https:\/\/bbtrading.ch\/cms\/wp-content\/uploads\/2025\/02\/bbtrading-organisations-logo.png","width":696,"height":696,"caption":"bb trading werbeartikel AG"},"image":{"@id":"https:\/\/bbtrading.ch\/cms\/fr\/#\/schema\/logo\/image\/"}}]}},"_links":{"self":[{"href":"https:\/\/bbtrading.ch\/cms\/fr\/wp-json\/wp\/v2\/pages\/1778","targetHints":{"allow":["GET"]}}],"collection":[{"href":"https:\/\/bbtrading.ch\/cms\/fr\/wp-json\/wp\/v2\/pages"}],"about":[{"href":"https:\/\/bbtrading.ch\/cms\/fr\/wp-json\/wp\/v2\/types\/page"}],"author":[{"embeddable":true,"href":"https:\/\/bbtrading.ch\/cms\/fr\/wp-json\/wp\/v2\/users\/1"}],"replies":[{"embeddable":true,"href":"https:\/\/bbtrading.ch\/cms\/fr\/wp-json\/wp\/v2\/comments?post=1778"}],"version-history":[{"count":19,"href":"https:\/\/bbtrading.ch\/cms\/fr\/wp-json\/wp\/v2\/pages\/1778\/revisions"}],"predecessor-version":[{"id":15625,"href":"https:\/\/bbtrading.ch\/cms\/fr\/wp-json\/wp\/v2\/pages\/1778\/revisions\/15625"}],"up":[{"embeddable":true,"href":"https:\/\/bbtrading.ch\/cms\/fr\/wp-json\/wp\/v2\/pages\/1772"}],"wp:attachment":[{"href":"https:\/\/bbtrading.ch\/cms\/fr\/wp-json\/wp\/v2\/media?parent=1778"}],"curies":[{"name":"wp","href":"https:\/\/api.w.org\/{rel}","templated":true}]}}