{"id":1774,"date":"2023-10-19T16:33:04","date_gmt":"2023-10-19T14:33:04","guid":{"rendered":"https:\/\/bbtrading.dev6\/cms\/services\/werbeartikel\/"},"modified":"2025-01-16T14:36:18","modified_gmt":"2025-01-16T13:36:18","slug":"articles-promotionnels","status":"publish","type":"page","link":"https:\/\/bbtrading.ch\/cms\/fr\/services\/articles-promotionnels\/","title":{"rendered":"Articles promotionnels"},"content":{"rendered":"","protected":false},"excerpt":{"rendered":"","protected":false},"author":1,"featured_media":0,"parent":1772,"menu_order":0,"comment_status":"closed","ping_status":"closed","template":"","meta":{"_acf_changed":false,"inline_featured_image":false,"footnotes":""},"class_list":["post-1774","page","type-page","status-publish","hentry"],"acf":{"inhaltselemente":[{"acf_fc_layout":"text_element","text_element_titel":"Un vrai choix d\u2019articles promotionnels.","text_element_titel_typ":"1","text_element_titel_size":"2-big","text_element_titel_fake":false,"text_element_content":"Ludiques, s\u00e9rieux ou autre: nous proposons des articles promotionnels adapt\u00e9s \u00e0 chaque type de relation client\u00e8le. Gr\u00e2ce \u00e0 notre savoir-faire, notre sens du d\u00e9tail et notre service de premi\u00e8re classe, votre image de marque (B2B et B2C) se propulsera directement dans le c\u0153ur des gens!","text_element_layout":"centered","text_element_bgcolor":"default","text_element_margin_bottom":"custom-3"},{"acf_fc_layout":"tabs_element","text_element_text_element_titel":"Ma\u00eetrise des:\r\ncomp\u00e9tences.","text_element_text_element_titel_typ":"2","text_element_text_element_titel_size":"2-big","text_element_text_element_titel_fake":false,"text_element_text_element_content":"Tout ce que nous pouvons faire.","tabs_element_items":[{"acf_fc_layout":"text_img_element","tabs_element_item_name":"Qualit\u00e4tsmanagement","text_img_element_":null,"text_img_element_text_element_titel":"","text_img_element_text_element_titel_typ":"3","text_img_element_text_element_titel_size":false,"text_img_element_text_element_titel_fake":false,"text_img_element_text_element_content":"Pointilleux sur la gestion de la qualit\u00e9, nous avons obtenu une certification ISO. Car des processus fluides sont essentiels. Dans le cadre du certificat ISO 9001:2015, nous r\u00e9alisons des contr\u00f4les externes pour garantir la fiabilit\u00e9 de nos processus et leur ad\u00e9quation \u00e0 chaque besoin. Notre cr\u00e9do: nous am\u00e9liorer en permanence pour permettre \u00e0 nos clients, c\u2019est-\u00e0-dire vous, de pouvoir compter sur une qualit\u00e9 sup\u00e9rieure.","text_img_element_image_element_image_element_image_element_image":null,"text_img_element_video_element_video_element_video_element_video":null,"text_img_element_video_element_video_element_video_element_autoplay":true,"text_img_element_video_element_video_element_video_element_frame_notebook":false,"text_img_element_collage_element":1682},{"acf_fc_layout":"two_cols","tabs_element_item_name":"Produktesicherheit","two_cols_flex_content_col_one":[{"acf_fc_layout":"text_element","text_element_":null,"text_element_text_element_titel":"","text_element_text_element_titel_typ":"3","text_element_text_element_titel_size":false,"text_element_text_element_titel_fake":false,"text_element_text_element_content":"Nos normes exigeantes garantissent la s\u00e9curit\u00e9 des produits. Nous veillons scrupuleusement \u00e0 ce que nos produits r\u00e9pondent \u00e0 toutes les exigences l\u00e9gales et aux normes de s\u00e9curit\u00e9 suisses. Gr\u00e2ce \u00e0 des tests cibl\u00e9s dans des laboratoires d\u2019essais accr\u00e9dit\u00e9s, nous garantissons, par exemple, que les jouets pour enfants sont conformes aux normes EN-71-1 \u00e0 3, qu\u2019aucun produit chimique interdit n\u2019est utilis\u00e9 lors de la teinture des textiles et que les lunettes de soleil, les bouchons d\u2019oreilles et les gants de cuisine sont v\u00e9rifi\u00e9s et marqu\u00e9s conformes aux normes ISO pour les EPI (\u00e9quipements de protection individuelle).\r\n\r\n<a class=\"btn-primary-large\" href=\"https:\/\/bbtrading.ch\/cms\/fr\/a-propos-de-nous\/contact\/\">Conseils<\/a>"}],"two_cols_flex_content_col_two":[{"acf_fc_layout":"slider_element","slider_element_slider_element_images":[2031,2034,2037]}]},{"acf_fc_layout":"text_img_element","tabs_element_item_name":"Produktvorschl\u00e4ge","text_img_element_":null,"text_img_element_text_element_titel":"","text_img_element_text_element_titel_typ":"3","text_img_element_text_element_titel_size":false,"text_img_element_text_element_titel_fake":false,"text_img_element_text_element_content":"Nous nous ferons un plaisir de vous pr\u00e9senter des suggestions de produits. Demandez-nous \u00e0 tout moment des id\u00e9es, des informations, de l\u2019inspiration ou des valeurs empiriques. Pour No\u00ebl, un salon, une f\u00eate d\u2019entreprise ou d\u2019autres \u00e9v\u00e9nements: nous vous proposons une gamme cr\u00e9ative de cadeaux promotionnels qui correspondent \u00e0 votre budget.\r\n\r\n<a class=\"btn-primary-large\" href=\"https:\/\/bbtrading.ch\/cms\/ueber-uns\/kontakt\/\">Je veux en savoir plus<\/a>","text_img_element_image_element_image_element_image_element_image":null,"text_img_element_video_element_video_element_video_element_video":null,"text_img_element_video_element_video_element_video_element_autoplay":false,"text_img_element_video_element_video_element_video_element_frame_notebook":false,"text_img_element_collage_element":5458},{"acf_fc_layout":"text_img_element","tabs_element_item_name":"Grafikvorschl\u00e4ge","text_img_element_":null,"text_img_element_text_element_titel":"","text_img_element_text_element_titel_typ":"3","text_img_element_text_element_titel_size":false,"text_img_element_text_element_titel_fake":false,"text_img_element_text_element_content":"Nos suggestions graphiques vous accompagnent dans la conception de votre produit. Nos experts concr\u00e9tisent vos id\u00e9es avec style. Qu\u2019elles soient d\u00e9j\u00e0 abouties ou non. Notre savoir-faire graphique vous garantit un joli rendu final.\r\n\r\n<a class=\"btn-primary-large\" href=\"https:\/\/bbtrading.ch\/cms\/fr\/a-propos-de-nous\/contact\/\">Nous contacter<\/a>","text_img_element_image_element_image_element_image_element_image":null,"text_img_element_video_element_video_element_video_element_video":null,"text_img_element_video_element_video_element_video_element_autoplay":false,"text_img_element_video_element_video_element_video_element_frame_notebook":false,"text_img_element_collage_element":5472},{"acf_fc_layout":"text_img_element","tabs_element_item_name":"Konfektionierung","text_img_element_":null,"text_img_element_text_element_titel":"","text_img_element_text_element_titel_typ":"3","text_img_element_text_element_titel_size":false,"text_img_element_text_element_titel_fake":false,"text_img_element_text_element_content":"En mati\u00e8re de confection, nous recherchons le tomber id\u00e9al. Jusque dans les moindres d\u00e9tails. Nous nous occupons de la r\u00e9partition, de l\u2019\u00e9tiquetage, de l\u2019emballage et du reconditionnement de vos articles promotionnels. Nous proposons des options d\u2019exp\u00e9dition individuelle et de montage des sets command\u00e9s. Vous obtiendrez une publicit\u00e9 \u00e0 la fois attrayante et fonctionnelle.","text_img_element_image_element_image_element_image_element_image":null,"text_img_element_video_element_video_element_video_element_video":null,"text_img_element_video_element_video_element_video_element_autoplay":false,"text_img_element_video_element_video_element_video_element_frame_notebook":false,"text_img_element_collage_element":5535}]},{"acf_fc_layout":"two_cols","two_cols_flex_content_col_one":[{"acf_fc_layout":"text_element","text_element_":null,"text_element_text_element_titel":"Mailings.","text_element_text_element_titel_typ":"2","text_element_text_element_titel_size":"2-big","text_element_text_element_titel_fake":false,"text_element_text_element_content":"Pigeon voyageur ou cargo? Que vous ayez besoin de petites quantit\u00e9s ou d\u2019un envoi important avec remise sur volume, nous vous accompagnons de la planification \u00e0 l\u2019ex\u00e9cution de votre marketing direct.\r\n\r\n<a class=\"btn-primary-large\" href=\"\/fr\/shop\/themes\/articles-de-publipostage\/\">Vers les produits<\/a>","text_element_text_element_layout":"default"},{"acf_fc_layout":"text_element","text_element_":null,"text_element_text_element_titel":"\u00c9v\u00e9nements\r\net salons.","text_element_text_element_titel_typ":"2","text_element_text_element_titel_size":"2-big","text_element_text_element_titel_fake":false,"text_element_text_element_content":"Brillez de mille feux! Nous vous proposons des articles promotionnels parfaits pour r\u00e9ussir votre \u00e9v\u00e9nement. Pour attirer l\u2019attention lors d\u2019un salon, d\u2019une f\u00eate de No\u00ebl, de jours f\u00e9ri\u00e9s ou d\u2019\u00e9v\u00e9nements, optez pour nos cadeaux promotionnels qui font le show.\r\n\r\n<a class=\"btn-primary-large\" href=\"\/fr\/shop\/themes\/salons-evenements\/\">D\u00e9couvrir<\/a>","text_element_text_element_layout":"default"}],"two_cols_flex_content_col_two":[{"acf_fc_layout":"text_element","text_element_":null,"text_element_text_element_titel":"Merchandising.","text_element_text_element_titel_typ":"2","text_element_text_element_titel_size":"2-big","text_element_text_element_titel_fake":false,"text_element_text_element_content":"You never promote alone. Fans de merchandising, nous imprimons votre logo sur des \u00e9charpes, des sacs de sport \u00e9co ou des ballons de foot. Qu\u2019il s\u2019agisse de sport, de musique ou de culture, faites une apparition inoubliable.\r\n\r\n<a class=\"btn-primary-large\" href=\"\/fr\/shop\/themes\/articles-de-merchandising\/\">D\u00e9couvrir<\/a>","text_element_text_element_layout":"default"},{"acf_fc_layout":"text_element","text_element_":null,"text_element_text_element_titel":"Employer\r\nBranding.","text_element_text_element_titel_typ":"2","text_element_text_element_titel_size":"2-big","text_element_text_element_titel_fake":false,"text_element_text_element_content":"Votre identit\u00e9 d\u2019entreprise m\u00e9rite une promotion. Une image de marque employeur unique fait bonne impression aupr\u00e8s des clients, de votre \u00e9quipe et des candidats potentiels. Nous vous mettons en valeur en tant qu\u2019employeur \u00e9l\u00e9gant, convivial, intelligent et moderne.\r\n\r\n<a class=\"btn-primary-large\" href=\"\/fr\/shop\/themes\/marque-employeur-cadeaux-aux-employes\/\">En savoir plus<\/a>","text_element_text_element_layout":"default"}],"two_cols_bgcolor":true,"two_cols_spaltenbreite":"default","two_cols_versatz":true,"two_cols_versatz_type":"werbeartikel","two_cols_padding_top":"custom-1","two_cols_padding_bottom":"custom-1","two_cols_margin_top":"custom-0","two_cols_margin_bottom":"custom-0"},{"acf_fc_layout":"slider_text_two_element","slider_text_two_element_items":[{"acf_fc_layout":"text_img_element","text_img_element_":null,"text_img_element_text_element_titel":"Naturellement:\r\nune production durable!","text_img_element_text_element_titel_typ":"2","text_img_element_text_element_titel_size":"2-big","text_img_element_text_element_titel_fake":false,"text_img_element_text_element_content":"Donnez un signal clair pour un monde meilleur: notre large gamme d\u2019articles promotionnels durables profite \u00e0 l\u2019environnement, au climat et \u00e0 la communaut\u00e9. Et ce n\u2019est pas tout: nous sommes un partenaire certifi\u00e9 pour notre gestion environnementale exemplaire selon la norme ISO mondialement reconnue.\r\n\r\n<a class=\"btn-secondary-a\" href=\"https:\/\/bbtrading.ch\/cms\/fr\/durabilite\/#concept\">Vers le concept de durabilit\u00e9<\/a>","text_img_element_image_element_image_element_image_element_image":985,"text_img_element_image_element_image_element_image_element_lightbox":false}],"slider_text_two_element_margin_bottom":"custom-3"},{"acf_fc_layout":"slider_text_img_three_element","slider_text_img_three_element_items_reference_objects":null,"slider_text_img_three_element_items_reference_categories":[50],"slider_text_img_three_element_items":null},{"acf_fc_layout":"ma_slider_element","text_element_override_text_element_titel":"Parlons-en: contact.","text_element_override_text_element_titel_typ":"2","text_element_override_text_element_titel_size":false,"text_element_override_text_element_titel_fake":false,"text_element_override_text_element_content":"Prenez simplement contact avec nous. Peu importe de quoi il s\u2019agit. Qu\u2019il s\u2019agisse de commandes, de conseils, de mod\u00e8les sur mesure ou d\u2019informations sur notre engagement durable.\r\n\r\n<a class=\"btn-primary-large\" href=\"https:\/\/bbtrading.ch\/cms\/fr\/a-propos-de-nous\/contact\/\">Contactez-nous<\/a>"}]},"yoast_head":"<!-- This site is optimized with the Yoast SEO plugin v27.3 - https:\/\/yoast.com\/product\/yoast-seo-wordpress\/ -->\n<title>Comp\u00e9tences &amp; Services | bb trading<\/title>\n<meta name=\"description\" content=\"Services, contr\u00f4le qualit\u00e9, durabilit\u00e9 &amp; plus: d\u00e9couvrez ici tout ce qu&#039;il faut savoir sur nos comp\u00e9tences et les prestations dont vous pouvez b\u00e9n\u00e9ficier.\" \/>\n<meta name=\"robots\" content=\"index, follow, max-snippet:-1, max-image-preview:large, max-video-preview:-1\" \/>\n<link rel=\"canonical\" href=\"https:\/\/bbtrading.ch\/cms\/fr\/services\/articles-promotionnels\/\" \/>\n<meta property=\"og:locale\" content=\"fr_FR\" \/>\n<meta property=\"og:type\" content=\"article\" \/>\n<meta property=\"og:title\" content=\"Comp\u00e9tences &amp; Services | bb trading\" \/>\n<meta property=\"og:description\" content=\"Services, contr\u00f4le qualit\u00e9, durabilit\u00e9 &amp; plus: d\u00e9couvrez ici tout ce qu&#039;il faut savoir sur nos comp\u00e9tences et les prestations dont vous pouvez b\u00e9n\u00e9ficier.\" \/>\n<meta property=\"og:url\" content=\"https:\/\/bbtrading.ch\/cms\/fr\/services\/articles-promotionnels\/\" \/>\n<meta property=\"og:site_name\" content=\"bb trading\" \/>\n<meta property=\"article:modified_time\" content=\"2025-01-16T13:36:18+00:00\" \/>\n<meta property=\"og:image\" content=\"https:\/\/bbtrading.ch\/cms\/wp-content\/uploads\/2025\/02\/bbtrading-og-image.png\" \/>\n\t<meta property=\"og:image:width\" content=\"1200\" \/>\n\t<meta property=\"og:image:height\" content=\"630\" \/>\n\t<meta property=\"og:image:type\" content=\"image\/png\" \/>\n<meta name=\"twitter:card\" content=\"summary_large_image\" \/>\n<meta name=\"twitter:label1\" content=\"Dur\u00e9e de lecture estim\u00e9e\" \/>\n\t<meta name=\"twitter:data1\" content=\"5 minutes\" \/>\n<script type=\"application\/ld+json\" class=\"yoast-schema-graph\">{\"@context\":\"https:\\\/\\\/schema.org\",\"@graph\":[{\"@type\":\"WebPage\",\"@id\":\"https:\\\/\\\/bbtrading.ch\\\/cms\\\/fr\\\/services\\\/articles-promotionnels\\\/\",\"url\":\"https:\\\/\\\/bbtrading.ch\\\/cms\\\/fr\\\/services\\\/articles-promotionnels\\\/\",\"name\":\"Comp\u00e9tences & Services | bb trading\",\"isPartOf\":{\"@id\":\"https:\\\/\\\/bbtrading.ch\\\/cms\\\/fr\\\/#website\"},\"datePublished\":\"2023-10-19T14:33:04+00:00\",\"dateModified\":\"2025-01-16T13:36:18+00:00\",\"description\":\"Services, contr\u00f4le qualit\u00e9, durabilit\u00e9 & plus: d\u00e9couvrez ici tout ce qu'il faut savoir sur nos comp\u00e9tences et les prestations dont vous pouvez b\u00e9n\u00e9ficier.\",\"breadcrumb\":{\"@id\":\"https:\\\/\\\/bbtrading.ch\\\/cms\\\/fr\\\/services\\\/articles-promotionnels\\\/#breadcrumb\"},\"inLanguage\":\"fr-FR\",\"potentialAction\":[{\"@type\":\"ReadAction\",\"target\":[\"https:\\\/\\\/bbtrading.ch\\\/cms\\\/fr\\\/services\\\/articles-promotionnels\\\/\"]}]},{\"@type\":\"BreadcrumbList\",\"@id\":\"https:\\\/\\\/bbtrading.ch\\\/cms\\\/fr\\\/services\\\/articles-promotionnels\\\/#breadcrumb\",\"itemListElement\":[{\"@type\":\"ListItem\",\"position\":1,\"name\":\"Home\",\"item\":\"https:\\\/\\\/bbtrading.ch\\\/cms\\\/fr\\\/\"},{\"@type\":\"ListItem\",\"position\":2,\"name\":\"Services\",\"item\":\"https:\\\/\\\/bbtrading.ch\\\/cms\\\/fr\\\/services\\\/\"},{\"@type\":\"ListItem\",\"position\":3,\"name\":\"Articles promotionnels\"}]},{\"@type\":\"WebSite\",\"@id\":\"https:\\\/\\\/bbtrading.ch\\\/cms\\\/fr\\\/#website\",\"url\":\"https:\\\/\\\/bbtrading.ch\\\/cms\\\/fr\\\/\",\"name\":\"bb trading\",\"description\":\"\",\"publisher\":{\"@id\":\"https:\\\/\\\/bbtrading.ch\\\/cms\\\/fr\\\/#organization\"},\"potentialAction\":[{\"@type\":\"SearchAction\",\"target\":{\"@type\":\"EntryPoint\",\"urlTemplate\":\"https:\\\/\\\/bbtrading.ch\\\/cms\\\/fr\\\/?s={search_term_string}\"},\"query-input\":{\"@type\":\"PropertyValueSpecification\",\"valueRequired\":true,\"valueName\":\"search_term_string\"}}],\"inLanguage\":\"fr-FR\"},{\"@type\":\"Organization\",\"@id\":\"https:\\\/\\\/bbtrading.ch\\\/cms\\\/fr\\\/#organization\",\"name\":\"bb trading werbeartikel AG\",\"alternateName\":\"bb trading\",\"url\":\"https:\\\/\\\/bbtrading.ch\\\/cms\\\/fr\\\/\",\"logo\":{\"@type\":\"ImageObject\",\"inLanguage\":\"fr-FR\",\"@id\":\"https:\\\/\\\/bbtrading.ch\\\/cms\\\/fr\\\/#\\\/schema\\\/logo\\\/image\\\/\",\"url\":\"https:\\\/\\\/bbtrading.ch\\\/cms\\\/wp-content\\\/uploads\\\/2025\\\/02\\\/bbtrading-organisations-logo.png\",\"contentUrl\":\"https:\\\/\\\/bbtrading.ch\\\/cms\\\/wp-content\\\/uploads\\\/2025\\\/02\\\/bbtrading-organisations-logo.png\",\"width\":696,\"height\":696,\"caption\":\"bb trading werbeartikel AG\"},\"image\":{\"@id\":\"https:\\\/\\\/bbtrading.ch\\\/cms\\\/fr\\\/#\\\/schema\\\/logo\\\/image\\\/\"}}]}<\/script>\n<!-- \/ Yoast SEO plugin. -->","yoast_head_json":{"title":"Comp\u00e9tences & Services | bb trading","description":"Services, contr\u00f4le qualit\u00e9, durabilit\u00e9 & plus: d\u00e9couvrez ici tout ce qu'il faut savoir sur nos comp\u00e9tences et les prestations dont vous pouvez b\u00e9n\u00e9ficier.","robots":{"index":"index","follow":"follow","max-snippet":"max-snippet:-1","max-image-preview":"max-image-preview:large","max-video-preview":"max-video-preview:-1"},"canonical":"https:\/\/bbtrading.ch\/cms\/fr\/services\/articles-promotionnels\/","og_locale":"fr_FR","og_type":"article","og_title":"Comp\u00e9tences & Services | bb trading","og_description":"Services, contr\u00f4le qualit\u00e9, durabilit\u00e9 & plus: d\u00e9couvrez ici tout ce qu'il faut savoir sur nos comp\u00e9tences et les prestations dont vous pouvez b\u00e9n\u00e9ficier.","og_url":"https:\/\/bbtrading.ch\/cms\/fr\/services\/articles-promotionnels\/","og_site_name":"bb trading","article_modified_time":"2025-01-16T13:36:18+00:00","og_image":[{"width":1200,"height":630,"url":"https:\/\/bbtrading.ch\/cms\/wp-content\/uploads\/2025\/02\/bbtrading-og-image.png","type":"image\/png"}],"twitter_card":"summary_large_image","twitter_misc":{"Dur\u00e9e de lecture estim\u00e9e":"5 minutes"},"schema":{"@context":"https:\/\/schema.org","@graph":[{"@type":"WebPage","@id":"https:\/\/bbtrading.ch\/cms\/fr\/services\/articles-promotionnels\/","url":"https:\/\/bbtrading.ch\/cms\/fr\/services\/articles-promotionnels\/","name":"Comp\u00e9tences & Services | bb trading","isPartOf":{"@id":"https:\/\/bbtrading.ch\/cms\/fr\/#website"},"datePublished":"2023-10-19T14:33:04+00:00","dateModified":"2025-01-16T13:36:18+00:00","description":"Services, contr\u00f4le qualit\u00e9, durabilit\u00e9 & plus: d\u00e9couvrez ici tout ce qu'il faut savoir sur nos comp\u00e9tences et les prestations dont vous pouvez b\u00e9n\u00e9ficier.","breadcrumb":{"@id":"https:\/\/bbtrading.ch\/cms\/fr\/services\/articles-promotionnels\/#breadcrumb"},"inLanguage":"fr-FR","potentialAction":[{"@type":"ReadAction","target":["https:\/\/bbtrading.ch\/cms\/fr\/services\/articles-promotionnels\/"]}]},{"@type":"BreadcrumbList","@id":"https:\/\/bbtrading.ch\/cms\/fr\/services\/articles-promotionnels\/#breadcrumb","itemListElement":[{"@type":"ListItem","position":1,"name":"Home","item":"https:\/\/bbtrading.ch\/cms\/fr\/"},{"@type":"ListItem","position":2,"name":"Services","item":"https:\/\/bbtrading.ch\/cms\/fr\/services\/"},{"@type":"ListItem","position":3,"name":"Articles promotionnels"}]},{"@type":"WebSite","@id":"https:\/\/bbtrading.ch\/cms\/fr\/#website","url":"https:\/\/bbtrading.ch\/cms\/fr\/","name":"bb trading","description":"","publisher":{"@id":"https:\/\/bbtrading.ch\/cms\/fr\/#organization"},"potentialAction":[{"@type":"SearchAction","target":{"@type":"EntryPoint","urlTemplate":"https:\/\/bbtrading.ch\/cms\/fr\/?s={search_term_string}"},"query-input":{"@type":"PropertyValueSpecification","valueRequired":true,"valueName":"search_term_string"}}],"inLanguage":"fr-FR"},{"@type":"Organization","@id":"https:\/\/bbtrading.ch\/cms\/fr\/#organization","name":"bb trading werbeartikel AG","alternateName":"bb trading","url":"https:\/\/bbtrading.ch\/cms\/fr\/","logo":{"@type":"ImageObject","inLanguage":"fr-FR","@id":"https:\/\/bbtrading.ch\/cms\/fr\/#\/schema\/logo\/image\/","url":"https:\/\/bbtrading.ch\/cms\/wp-content\/uploads\/2025\/02\/bbtrading-organisations-logo.png","contentUrl":"https:\/\/bbtrading.ch\/cms\/wp-content\/uploads\/2025\/02\/bbtrading-organisations-logo.png","width":696,"height":696,"caption":"bb trading werbeartikel AG"},"image":{"@id":"https:\/\/bbtrading.ch\/cms\/fr\/#\/schema\/logo\/image\/"}}]}},"_links":{"self":[{"href":"https:\/\/bbtrading.ch\/cms\/fr\/wp-json\/wp\/v2\/pages\/1774","targetHints":{"allow":["GET"]}}],"collection":[{"href":"https:\/\/bbtrading.ch\/cms\/fr\/wp-json\/wp\/v2\/pages"}],"about":[{"href":"https:\/\/bbtrading.ch\/cms\/fr\/wp-json\/wp\/v2\/types\/page"}],"author":[{"embeddable":true,"href":"https:\/\/bbtrading.ch\/cms\/fr\/wp-json\/wp\/v2\/users\/1"}],"replies":[{"embeddable":true,"href":"https:\/\/bbtrading.ch\/cms\/fr\/wp-json\/wp\/v2\/comments?post=1774"}],"version-history":[{"count":12,"href":"https:\/\/bbtrading.ch\/cms\/fr\/wp-json\/wp\/v2\/pages\/1774\/revisions"}],"predecessor-version":[{"id":9585,"href":"https:\/\/bbtrading.ch\/cms\/fr\/wp-json\/wp\/v2\/pages\/1774\/revisions\/9585"}],"up":[{"embeddable":true,"href":"https:\/\/bbtrading.ch\/cms\/fr\/wp-json\/wp\/v2\/pages\/1772"}],"wp:attachment":[{"href":"https:\/\/bbtrading.ch\/cms\/fr\/wp-json\/wp\/v2\/media?parent=1774"}],"curies":[{"name":"wp","href":"https:\/\/api.w.org\/{rel}","templated":true}]}}